{"id":9180,"date":"2025-01-24T09:36:12","date_gmt":"2025-01-24T09:36:12","guid":{"rendered":"https:\/\/www.aquaplan.com\/product\/spijkerpluggen\/"},"modified":"2026-04-03T15:35:57","modified_gmt":"2026-04-03T15:35:57","slug":"bouchons-dongles","status":"publish","type":"product","link":"https:\/\/www.aquaplan.com\/fr\/produit\/bouchons-dongles\/","title":{"rendered":"Bouchons d&rsquo;ongles"},"content":{"rendered":"<h3>fixation s\u00fbre et facile des profil\u00e9s de raccordement au mur<\/h3>\n<p>Ces chevilles \u00e0 clouer ou chevilles murales (25\u00a0pi\u00e8ces) d&rsquo;Aquaplan vous permettent de fixer solidement et facilement des profil\u00e9s d&rsquo;assemblage muraux. Il vous suffit de percer des trous de 3,5\u00a0centim\u00e8tres de profondeur, \u00e0 l&rsquo;aide d&rsquo;un foret pour mur, et d&rsquo;y ins\u00e9rer les chevilles.<\/p>\n<ul>\n<li>Convient aux profil de finition mureaux<\/li>\n<li>Seule une perceuse \u00e0 ma\u00e7onnerie est requise<\/li>\n<li>Galvanis\u00e9<\/li>\n<\/ul>\n","protected":false},"excerpt":{"rendered":"<p>fixation s\u00fbre et facile des profil\u00e9s de raccordement au mur Ces chevilles \u00e0 clouer ou chevilles murales (25\u00a0pi\u00e8ces) d&rsquo;Aquaplan vous&#8230;<\/p>\n","protected":false},"featured_media":0,"comment_status":"open","ping_status":"closed","template":"","meta":{"_acf_changed":false},"product_brand":[],"product_cat":[421],"product_tag":[],"class_list":{"0":"post-9180","1":"product","2":"type-product","3":"status-publish","5":"product_cat-avant-toits-et-coins","7":"first","8":"instock","9":"shipping-taxable","10":"purchasable","11":"product-type-simple"},"acf":[],"yoast_head":"<!-- This site is optimized with the Yoast SEO plugin v27.4 - https:\/\/yoast.com\/product\/yoast-seo-wordpress\/ -->\n<title>Aquaplan Chevilles \u00e0 Clous - Fixation Solide pour Toits et Murs | Aquaplan<\/title>\n<meta name=\"description\" content=\"Fixez solidement les mat\u00e9riaux de toiture et les syst\u00e8mes de fa\u00e7ade avec les chevilles \u00e0 clous Aquaplan. Id\u00e9al pour des montages durables sur diverses surfaces. Trouvez un point de vente pr\u00e8s de chez vous !\" \/>\n<meta name=\"robots\" content=\"index, follow, max-snippet:-1, max-image-preview:large, max-video-preview:-1\" \/>\n<link rel=\"canonical\" href=\"https:\/\/www.aquaplan.com\/fr\/produit\/bouchons-dongles\/\" \/>\n<meta property=\"og:locale\" content=\"fr_FR\" \/>\n<meta property=\"og:type\" content=\"article\" \/>\n<meta property=\"og:title\" content=\"Aquaplan Chevilles \u00e0 Clous - Fixation Solide pour Toits et Murs | Aquaplan\" \/>\n<meta property=\"og:description\" content=\"Fixez solidement les mat\u00e9riaux de toiture et les syst\u00e8mes de fa\u00e7ade avec les chevilles \u00e0 clous Aquaplan. Id\u00e9al pour des montages durables sur diverses surfaces. Trouvez un point de vente pr\u00e8s de chez vous !\" \/>\n<meta property=\"og:url\" content=\"https:\/\/www.aquaplan.com\/fr\/produit\/bouchons-dongles\/\" \/>\n<meta property=\"og:site_name\" content=\"Aquaplan\" \/>\n<meta property=\"article:modified_time\" content=\"2026-04-03T15:35:57+00:00\" \/>\n<meta name=\"twitter:card\" content=\"summary_large_image\" \/>\n<script type=\"application\/ld+json\" class=\"yoast-schema-graph\">{\"@context\":\"https:\\\/\\\/schema.org\",\"@graph\":[{\"@type\":\"WebPage\",\"@id\":\"https:\\\/\\\/www.aquaplan.com\\\/fr\\\/produit\\\/bouchons-dongles\\\/\",\"url\":\"https:\\\/\\\/www.aquaplan.com\\\/fr\\\/produit\\\/bouchons-dongles\\\/\",\"name\":\"Aquaplan Chevilles \u00e0 Clous - Fixation Solide pour Toits et Murs | Aquaplan\",\"isPartOf\":{\"@id\":\"https:\\\/\\\/www.aquaplan.com\\\/fr\\\/#website\"},\"datePublished\":\"2025-01-24T09:36:12+00:00\",\"dateModified\":\"2026-04-03T15:35:57+00:00\",\"description\":\"Fixez solidement les mat\u00e9riaux de toiture et les syst\u00e8mes de fa\u00e7ade avec les chevilles \u00e0 clous Aquaplan. Id\u00e9al pour des montages durables sur diverses surfaces. Trouvez un point de vente pr\u00e8s de chez vous !\",\"breadcrumb\":{\"@id\":\"https:\\\/\\\/www.aquaplan.com\\\/fr\\\/produit\\\/bouchons-dongles\\\/#breadcrumb\"},\"inLanguage\":\"fr-BE\",\"potentialAction\":[{\"@type\":\"ReadAction\",\"target\":[\"https:\\\/\\\/www.aquaplan.com\\\/fr\\\/produit\\\/bouchons-dongles\\\/\"]}]},{\"@type\":\"BreadcrumbList\",\"@id\":\"https:\\\/\\\/www.aquaplan.com\\\/fr\\\/produit\\\/bouchons-dongles\\\/#breadcrumb\",\"itemListElement\":[{\"@type\":\"ListItem\",\"position\":1,\"name\":\"Home\",\"item\":\"https:\\\/\\\/www.aquaplan.com\\\/fr\\\/\"},{\"@type\":\"ListItem\",\"position\":2,\"name\":\"Produits\",\"item\":\"https:\\\/\\\/www.aquaplan.com\\\/fr\\\/produits\\\/\"},{\"@type\":\"ListItem\",\"position\":3,\"name\":\"Bouchons d&#8217;ongles\"}]},{\"@type\":\"WebSite\",\"@id\":\"https:\\\/\\\/www.aquaplan.com\\\/fr\\\/#website\",\"url\":\"https:\\\/\\\/www.aquaplan.com\\\/fr\\\/\",\"name\":\"Aquaplan\",\"description\":\"Jouw expert in dakbedekking &amp; vochtbestrijding\",\"publisher\":{\"@id\":\"https:\\\/\\\/www.aquaplan.com\\\/fr\\\/#organization\"},\"potentialAction\":[{\"@type\":\"SearchAction\",\"target\":{\"@type\":\"EntryPoint\",\"urlTemplate\":\"https:\\\/\\\/www.aquaplan.com\\\/fr\\\/?s={search_term_string}\"},\"query-input\":{\"@type\":\"PropertyValueSpecification\",\"valueRequired\":true,\"valueName\":\"search_term_string\"}}],\"inLanguage\":\"fr-BE\"},{\"@type\":\"Organization\",\"@id\":\"https:\\\/\\\/www.aquaplan.com\\\/fr\\\/#organization\",\"name\":\"Aquaplan\",\"url\":\"https:\\\/\\\/www.aquaplan.com\\\/fr\\\/\",\"logo\":{\"@type\":\"ImageObject\",\"inLanguage\":\"fr-BE\",\"@id\":\"https:\\\/\\\/www.aquaplan.com\\\/fr\\\/#\\\/schema\\\/logo\\\/image\\\/\",\"url\":\"https:\\\/\\\/www.aquaplan.com\\\/wp-content\\\/uploads\\\/2024\\\/12\\\/aquaplan_emailheader.jpg\",\"contentUrl\":\"https:\\\/\\\/www.aquaplan.com\\\/wp-content\\\/uploads\\\/2024\\\/12\\\/aquaplan_emailheader.jpg\",\"width\":600,\"height\":150,\"caption\":\"Aquaplan\"},\"image\":{\"@id\":\"https:\\\/\\\/www.aquaplan.com\\\/fr\\\/#\\\/schema\\\/logo\\\/image\\\/\"}}]}<\/script>\n<!-- \/ Yoast SEO plugin. -->","yoast_head_json":{"title":"Aquaplan Chevilles \u00e0 Clous - Fixation Solide pour Toits et Murs | Aquaplan","description":"Fixez solidement les mat\u00e9riaux de toiture et les syst\u00e8mes de fa\u00e7ade avec les chevilles \u00e0 clous Aquaplan. Id\u00e9al pour des montages durables sur diverses surfaces. Trouvez un point de vente pr\u00e8s de chez vous !","robots":{"index":"index","follow":"follow","max-snippet":"max-snippet:-1","max-image-preview":"max-image-preview:large","max-video-preview":"max-video-preview:-1"},"canonical":"https:\/\/www.aquaplan.com\/fr\/produit\/bouchons-dongles\/","og_locale":"fr_FR","og_type":"article","og_title":"Aquaplan Chevilles \u00e0 Clous - Fixation Solide pour Toits et Murs | Aquaplan","og_description":"Fixez solidement les mat\u00e9riaux de toiture et les syst\u00e8mes de fa\u00e7ade avec les chevilles \u00e0 clous Aquaplan. Id\u00e9al pour des montages durables sur diverses surfaces. Trouvez un point de vente pr\u00e8s de chez vous !","og_url":"https:\/\/www.aquaplan.com\/fr\/produit\/bouchons-dongles\/","og_site_name":"Aquaplan","article_modified_time":"2026-04-03T15:35:57+00:00","twitter_card":"summary_large_image","schema":{"@context":"https:\/\/schema.org","@graph":[{"@type":"WebPage","@id":"https:\/\/www.aquaplan.com\/fr\/produit\/bouchons-dongles\/","url":"https:\/\/www.aquaplan.com\/fr\/produit\/bouchons-dongles\/","name":"Aquaplan Chevilles \u00e0 Clous - Fixation Solide pour Toits et Murs | Aquaplan","isPartOf":{"@id":"https:\/\/www.aquaplan.com\/fr\/#website"},"datePublished":"2025-01-24T09:36:12+00:00","dateModified":"2026-04-03T15:35:57+00:00","description":"Fixez solidement les mat\u00e9riaux de toiture et les syst\u00e8mes de fa\u00e7ade avec les chevilles \u00e0 clous Aquaplan. Id\u00e9al pour des montages durables sur diverses surfaces. Trouvez un point de vente pr\u00e8s de chez vous !","breadcrumb":{"@id":"https:\/\/www.aquaplan.com\/fr\/produit\/bouchons-dongles\/#breadcrumb"},"inLanguage":"fr-BE","potentialAction":[{"@type":"ReadAction","target":["https:\/\/www.aquaplan.com\/fr\/produit\/bouchons-dongles\/"]}]},{"@type":"BreadcrumbList","@id":"https:\/\/www.aquaplan.com\/fr\/produit\/bouchons-dongles\/#breadcrumb","itemListElement":[{"@type":"ListItem","position":1,"name":"Home","item":"https:\/\/www.aquaplan.com\/fr\/"},{"@type":"ListItem","position":2,"name":"Produits","item":"https:\/\/www.aquaplan.com\/fr\/produits\/"},{"@type":"ListItem","position":3,"name":"Bouchons d&#8217;ongles"}]},{"@type":"WebSite","@id":"https:\/\/www.aquaplan.com\/fr\/#website","url":"https:\/\/www.aquaplan.com\/fr\/","name":"Aquaplan","description":"Jouw expert in dakbedekking &amp; vochtbestrijding","publisher":{"@id":"https:\/\/www.aquaplan.com\/fr\/#organization"},"potentialAction":[{"@type":"SearchAction","target":{"@type":"EntryPoint","urlTemplate":"https:\/\/www.aquaplan.com\/fr\/?s={search_term_string}"},"query-input":{"@type":"PropertyValueSpecification","valueRequired":true,"valueName":"search_term_string"}}],"inLanguage":"fr-BE"},{"@type":"Organization","@id":"https:\/\/www.aquaplan.com\/fr\/#organization","name":"Aquaplan","url":"https:\/\/www.aquaplan.com\/fr\/","logo":{"@type":"ImageObject","inLanguage":"fr-BE","@id":"https:\/\/www.aquaplan.com\/fr\/#\/schema\/logo\/image\/","url":"https:\/\/www.aquaplan.com\/wp-content\/uploads\/2024\/12\/aquaplan_emailheader.jpg","contentUrl":"https:\/\/www.aquaplan.com\/wp-content\/uploads\/2024\/12\/aquaplan_emailheader.jpg","width":600,"height":150,"caption":"Aquaplan"},"image":{"@id":"https:\/\/www.aquaplan.com\/fr\/#\/schema\/logo\/image\/"}}]}},"_links":{"self":[{"href":"https:\/\/www.aquaplan.com\/fr\/wp-json\/wp\/v2\/product\/9180","targetHints":{"allow":["GET"]}}],"collection":[{"href":"https:\/\/www.aquaplan.com\/fr\/wp-json\/wp\/v2\/product"}],"about":[{"href":"https:\/\/www.aquaplan.com\/fr\/wp-json\/wp\/v2\/types\/product"}],"replies":[{"embeddable":true,"href":"https:\/\/www.aquaplan.com\/fr\/wp-json\/wp\/v2\/comments?post=9180"}],"wp:attachment":[{"href":"https:\/\/www.aquaplan.com\/fr\/wp-json\/wp\/v2\/media?parent=9180"}],"wp:term":[{"taxonomy":"product_brand","embeddable":true,"href":"https:\/\/www.aquaplan.com\/fr\/wp-json\/wp\/v2\/product_brand?post=9180"},{"taxonomy":"product_cat","embeddable":true,"href":"https:\/\/www.aquaplan.com\/fr\/wp-json\/wp\/v2\/product_cat?post=9180"},{"taxonomy":"product_tag","embeddable":true,"href":"https:\/\/www.aquaplan.com\/fr\/wp-json\/wp\/v2\/product_tag?post=9180"}],"curies":[{"name":"wp","href":"https:\/\/api.w.org\/{rel}","templated":true}]}}