{"id":6821,"date":"2024-12-09T11:44:15","date_gmt":"2024-12-09T11:44:15","guid":{"rendered":"https:\/\/www.aquaplan.com\/product\/flex-plug\/"},"modified":"2026-04-04T14:16:49","modified_gmt":"2026-04-04T14:16:49","slug":"flex-plug","status":"publish","type":"product","link":"https:\/\/www.aquaplan.com\/fr\/produit\/flex-plug\/","title":{"rendered":"Flex Plug"},"content":{"rendered":"<h3>Basement Protect<\/h3>\n<p>Basement Protect Flex Plug est une p\u00e2te \u00e9tanche \u00e0 la vapeur et \u00e0 l&rsquo;eau pour colmater l&rsquo;humidit\u00e9 et l&rsquo;eau sous pression autour des entr\u00e9es de tuyaux et canalisations. La p\u00e2te d&rsquo;\u00e9tanch\u00e9it\u00e9 ne se r\u00e9tracte pas, ne s\u00e8che pas et reste toujours souple. Cela permet par exemple de faire passer des c\u00e2bles dans le tuyau sans avoir \u00e0 retirer le produit d\u2019\u00e9tanch\u00e9it\u00e9.<\/p>\n<ul>\n<li>R\u00e9siste \u00e0 une pression d&rsquo;eau \u00e9lev\u00e9e<\/li>\n<li>Reste souple en permanence<\/li>\n<li>Aussi bien dans qu\u2019autour d\u2019une canalisation<\/li>\n<\/ul>\n","protected":false},"excerpt":{"rendered":"<p>Basement Protect Basement Protect Flex Plug est une p\u00e2te \u00e9tanche \u00e0 la vapeur et \u00e0 l&rsquo;eau pour colmater l&rsquo;humidit\u00e9 et&#8230;<\/p>\n","protected":false},"featured_media":0,"comment_status":"open","ping_status":"closed","template":"","meta":{"_acf_changed":false},"product_brand":[],"product_cat":[312],"product_tag":[],"class_list":{"0":"post-6821","1":"product","2":"type-product","3":"status-publish","5":"product_cat-cave","7":"first","8":"instock","9":"shipping-taxable","10":"purchasable","11":"product-type-simple"},"acf":[],"yoast_head":"<!-- This site is optimized with the Yoast SEO plugin v27.4 - https:\/\/yoast.com\/product\/yoast-seo-wordpress\/ -->\n<title>Aquaplan Flex Plug - Bouchon \u00c9tanche \u00e0 S\u00e9chage Rapide<\/title>\n<meta name=\"description\" content=\"R\u00e9parez les fuites instantan\u00e9ment avec Aquaplan Flex Plug. \u00c9tanche, facile \u00e0 appliquer et id\u00e9al pour caves, murs et fondations.\" \/>\n<meta name=\"robots\" content=\"index, follow, max-snippet:-1, max-image-preview:large, max-video-preview:-1\" \/>\n<link rel=\"canonical\" href=\"https:\/\/www.aquaplan.com\/fr\/produit\/flex-plug\/\" \/>\n<meta property=\"og:locale\" content=\"fr_FR\" \/>\n<meta property=\"og:type\" content=\"article\" \/>\n<meta property=\"og:title\" content=\"Aquaplan Flex Plug - Bouchon \u00c9tanche \u00e0 S\u00e9chage Rapide\" \/>\n<meta property=\"og:description\" content=\"R\u00e9parez les fuites instantan\u00e9ment avec Aquaplan Flex Plug. \u00c9tanche, facile \u00e0 appliquer et id\u00e9al pour caves, murs et fondations.\" \/>\n<meta property=\"og:url\" content=\"https:\/\/www.aquaplan.com\/fr\/produit\/flex-plug\/\" \/>\n<meta property=\"og:site_name\" content=\"Aquaplan\" \/>\n<meta property=\"article:modified_time\" content=\"2026-04-04T14:16:49+00:00\" \/>\n<meta name=\"twitter:card\" content=\"summary_large_image\" \/>\n<script type=\"application\/ld+json\" class=\"yoast-schema-graph\">{\"@context\":\"https:\\\/\\\/schema.org\",\"@graph\":[{\"@type\":\"WebPage\",\"@id\":\"https:\\\/\\\/www.aquaplan.com\\\/fr\\\/produit\\\/flex-plug\\\/\",\"url\":\"https:\\\/\\\/www.aquaplan.com\\\/fr\\\/produit\\\/flex-plug\\\/\",\"name\":\"Aquaplan Flex Plug - Bouchon \u00c9tanche \u00e0 S\u00e9chage Rapide\",\"isPartOf\":{\"@id\":\"https:\\\/\\\/www.aquaplan.com\\\/fr\\\/#website\"},\"datePublished\":\"2024-12-09T11:44:15+00:00\",\"dateModified\":\"2026-04-04T14:16:49+00:00\",\"description\":\"R\u00e9parez les fuites instantan\u00e9ment avec Aquaplan Flex Plug. \u00c9tanche, facile \u00e0 appliquer et id\u00e9al pour caves, murs et fondations.\",\"breadcrumb\":{\"@id\":\"https:\\\/\\\/www.aquaplan.com\\\/fr\\\/produit\\\/flex-plug\\\/#breadcrumb\"},\"inLanguage\":\"fr-BE\",\"potentialAction\":[{\"@type\":\"ReadAction\",\"target\":[\"https:\\\/\\\/www.aquaplan.com\\\/fr\\\/produit\\\/flex-plug\\\/\"]}]},{\"@type\":\"BreadcrumbList\",\"@id\":\"https:\\\/\\\/www.aquaplan.com\\\/fr\\\/produit\\\/flex-plug\\\/#breadcrumb\",\"itemListElement\":[{\"@type\":\"ListItem\",\"position\":1,\"name\":\"Home\",\"item\":\"https:\\\/\\\/www.aquaplan.com\\\/fr\\\/\"},{\"@type\":\"ListItem\",\"position\":2,\"name\":\"Produits\",\"item\":\"https:\\\/\\\/www.aquaplan.com\\\/fr\\\/produits\\\/\"},{\"@type\":\"ListItem\",\"position\":3,\"name\":\"Flex Plug\"}]},{\"@type\":\"WebSite\",\"@id\":\"https:\\\/\\\/www.aquaplan.com\\\/fr\\\/#website\",\"url\":\"https:\\\/\\\/www.aquaplan.com\\\/fr\\\/\",\"name\":\"Aquaplan\",\"description\":\"Jouw expert in dakbedekking &amp; vochtbestrijding\",\"publisher\":{\"@id\":\"https:\\\/\\\/www.aquaplan.com\\\/fr\\\/#organization\"},\"potentialAction\":[{\"@type\":\"SearchAction\",\"target\":{\"@type\":\"EntryPoint\",\"urlTemplate\":\"https:\\\/\\\/www.aquaplan.com\\\/fr\\\/?s={search_term_string}\"},\"query-input\":{\"@type\":\"PropertyValueSpecification\",\"valueRequired\":true,\"valueName\":\"search_term_string\"}}],\"inLanguage\":\"fr-BE\"},{\"@type\":\"Organization\",\"@id\":\"https:\\\/\\\/www.aquaplan.com\\\/fr\\\/#organization\",\"name\":\"Aquaplan\",\"url\":\"https:\\\/\\\/www.aquaplan.com\\\/fr\\\/\",\"logo\":{\"@type\":\"ImageObject\",\"inLanguage\":\"fr-BE\",\"@id\":\"https:\\\/\\\/www.aquaplan.com\\\/fr\\\/#\\\/schema\\\/logo\\\/image\\\/\",\"url\":\"https:\\\/\\\/www.aquaplan.com\\\/wp-content\\\/uploads\\\/2024\\\/12\\\/aquaplan_emailheader.jpg\",\"contentUrl\":\"https:\\\/\\\/www.aquaplan.com\\\/wp-content\\\/uploads\\\/2024\\\/12\\\/aquaplan_emailheader.jpg\",\"width\":600,\"height\":150,\"caption\":\"Aquaplan\"},\"image\":{\"@id\":\"https:\\\/\\\/www.aquaplan.com\\\/fr\\\/#\\\/schema\\\/logo\\\/image\\\/\"}}]}<\/script>\n<!-- \/ Yoast SEO plugin. -->","yoast_head_json":{"title":"Aquaplan Flex Plug - Bouchon \u00c9tanche \u00e0 S\u00e9chage Rapide","description":"R\u00e9parez les fuites instantan\u00e9ment avec Aquaplan Flex Plug. \u00c9tanche, facile \u00e0 appliquer et id\u00e9al pour caves, murs et fondations.","robots":{"index":"index","follow":"follow","max-snippet":"max-snippet:-1","max-image-preview":"max-image-preview:large","max-video-preview":"max-video-preview:-1"},"canonical":"https:\/\/www.aquaplan.com\/fr\/produit\/flex-plug\/","og_locale":"fr_FR","og_type":"article","og_title":"Aquaplan Flex Plug - Bouchon \u00c9tanche \u00e0 S\u00e9chage Rapide","og_description":"R\u00e9parez les fuites instantan\u00e9ment avec Aquaplan Flex Plug. \u00c9tanche, facile \u00e0 appliquer et id\u00e9al pour caves, murs et fondations.","og_url":"https:\/\/www.aquaplan.com\/fr\/produit\/flex-plug\/","og_site_name":"Aquaplan","article_modified_time":"2026-04-04T14:16:49+00:00","twitter_card":"summary_large_image","schema":{"@context":"https:\/\/schema.org","@graph":[{"@type":"WebPage","@id":"https:\/\/www.aquaplan.com\/fr\/produit\/flex-plug\/","url":"https:\/\/www.aquaplan.com\/fr\/produit\/flex-plug\/","name":"Aquaplan Flex Plug - Bouchon \u00c9tanche \u00e0 S\u00e9chage Rapide","isPartOf":{"@id":"https:\/\/www.aquaplan.com\/fr\/#website"},"datePublished":"2024-12-09T11:44:15+00:00","dateModified":"2026-04-04T14:16:49+00:00","description":"R\u00e9parez les fuites instantan\u00e9ment avec Aquaplan Flex Plug. \u00c9tanche, facile \u00e0 appliquer et id\u00e9al pour caves, murs et fondations.","breadcrumb":{"@id":"https:\/\/www.aquaplan.com\/fr\/produit\/flex-plug\/#breadcrumb"},"inLanguage":"fr-BE","potentialAction":[{"@type":"ReadAction","target":["https:\/\/www.aquaplan.com\/fr\/produit\/flex-plug\/"]}]},{"@type":"BreadcrumbList","@id":"https:\/\/www.aquaplan.com\/fr\/produit\/flex-plug\/#breadcrumb","itemListElement":[{"@type":"ListItem","position":1,"name":"Home","item":"https:\/\/www.aquaplan.com\/fr\/"},{"@type":"ListItem","position":2,"name":"Produits","item":"https:\/\/www.aquaplan.com\/fr\/produits\/"},{"@type":"ListItem","position":3,"name":"Flex Plug"}]},{"@type":"WebSite","@id":"https:\/\/www.aquaplan.com\/fr\/#website","url":"https:\/\/www.aquaplan.com\/fr\/","name":"Aquaplan","description":"Jouw expert in dakbedekking &amp; vochtbestrijding","publisher":{"@id":"https:\/\/www.aquaplan.com\/fr\/#organization"},"potentialAction":[{"@type":"SearchAction","target":{"@type":"EntryPoint","urlTemplate":"https:\/\/www.aquaplan.com\/fr\/?s={search_term_string}"},"query-input":{"@type":"PropertyValueSpecification","valueRequired":true,"valueName":"search_term_string"}}],"inLanguage":"fr-BE"},{"@type":"Organization","@id":"https:\/\/www.aquaplan.com\/fr\/#organization","name":"Aquaplan","url":"https:\/\/www.aquaplan.com\/fr\/","logo":{"@type":"ImageObject","inLanguage":"fr-BE","@id":"https:\/\/www.aquaplan.com\/fr\/#\/schema\/logo\/image\/","url":"https:\/\/www.aquaplan.com\/wp-content\/uploads\/2024\/12\/aquaplan_emailheader.jpg","contentUrl":"https:\/\/www.aquaplan.com\/wp-content\/uploads\/2024\/12\/aquaplan_emailheader.jpg","width":600,"height":150,"caption":"Aquaplan"},"image":{"@id":"https:\/\/www.aquaplan.com\/fr\/#\/schema\/logo\/image\/"}}]}},"_links":{"self":[{"href":"https:\/\/www.aquaplan.com\/fr\/wp-json\/wp\/v2\/product\/6821","targetHints":{"allow":["GET"]}}],"collection":[{"href":"https:\/\/www.aquaplan.com\/fr\/wp-json\/wp\/v2\/product"}],"about":[{"href":"https:\/\/www.aquaplan.com\/fr\/wp-json\/wp\/v2\/types\/product"}],"replies":[{"embeddable":true,"href":"https:\/\/www.aquaplan.com\/fr\/wp-json\/wp\/v2\/comments?post=6821"}],"wp:attachment":[{"href":"https:\/\/www.aquaplan.com\/fr\/wp-json\/wp\/v2\/media?parent=6821"}],"wp:term":[{"taxonomy":"product_brand","embeddable":true,"href":"https:\/\/www.aquaplan.com\/fr\/wp-json\/wp\/v2\/product_brand?post=6821"},{"taxonomy":"product_cat","embeddable":true,"href":"https:\/\/www.aquaplan.com\/fr\/wp-json\/wp\/v2\/product_cat?post=6821"},{"taxonomy":"product_tag","embeddable":true,"href":"https:\/\/www.aquaplan.com\/fr\/wp-json\/wp\/v2\/product_tag?post=6821"}],"curies":[{"name":"wp","href":"https:\/\/api.w.org\/{rel}","templated":true}]}}