{"id":6195,"date":"2024-12-09T11:42:41","date_gmt":"2024-12-09T11:42:41","guid":{"rendered":"https:\/\/www.aquaplan.com\/product\/rooffix-activator\/"},"modified":"2026-04-04T00:12:07","modified_gmt":"2026-04-04T00:12:07","slug":"rooffix-activator","status":"publish","type":"product","link":"https:\/\/www.aquaplan.com\/fr\/produit\/rooffix-activator\/","title":{"rendered":"Rooffix Activator"},"content":{"rendered":"<h3>Vernis d\u2019activation pour le collage des membranes autocollantes<\/h3>\n<p>Vernis d\u2019activation noir pr\u00eat \u00e0 l\u2019emploi qui am\u00e9liore consid\u00e9rablement l\u2019adh\u00e9rence des membranes de toiture bitumineuses autocollantes. De par l\u2019utilisation de ROOFFIX Activator, le pouvoir d\u2019adh\u00e9rence des membranes bitumineuses autocollantes est activ\u00e9 avec un r\u00e9sultat de collage exceptionnel, m\u00eame dans des circonstances difficiles. Le ROOFFIX Activator est \u00e0 appliquer sur une seule face de mani\u00e8re tr\u00e8s simple. Retirez ensuite la feuille de protection de la membrane bitumineuse autocollante et appliquez-la sur le support trait\u00e9.<\/p>\n<ul>\n<li>Ameliorer l\u2019adh\u00e9rence des membrames de toitures autocollantes<\/li>\n<li>Tr\u00e8s simple \u00e0 appliquer sur une seule face<\/li>\n<li>S\u00e9chage rapide (5 \u00e0 10 min.)<\/li>\n<\/ul>\n","protected":false},"excerpt":{"rendered":"<p>Vernis d\u2019activation pour le collage des membranes autocollantes Vernis d\u2019activation noir pr\u00eat \u00e0 l\u2019emploi qui am\u00e9liore consid\u00e9rablement l\u2019adh\u00e9rence des membranes&#8230;<\/p>\n","protected":false},"featured_media":0,"comment_status":"open","ping_status":"closed","template":"","meta":{"_acf_changed":false},"product_brand":[],"product_cat":[446],"product_tag":[],"class_list":{"0":"post-6195","1":"product","2":"type-product","3":"status-publish","5":"product_cat-activateur","7":"first","8":"instock","9":"shipping-taxable","10":"purchasable","11":"product-type-variable"},"acf":[],"yoast_head":"<!-- This site is optimized with the Yoast SEO plugin v27.4 - https:\/\/yoast.com\/product\/yoast-seo-wordpress\/ -->\n<title>Aquaplan Rooffix Activator - Primaire Renfor\u00e7ante pour R\u00e9parations de Toiture<\/title>\n<meta name=\"description\" content=\"Am\u00e9liorez l&#039;adh\u00e9rence et la durabilit\u00e9 des r\u00e9parations de toiture avec Aquaplan Rooffix Activator. Id\u00e9al comme primaire pour les rev\u00eatements Rooffix. Trouvez un point de vente pr\u00e8s de chez vous !\" \/>\n<meta name=\"robots\" content=\"index, follow, max-snippet:-1, max-image-preview:large, max-video-preview:-1\" \/>\n<link rel=\"canonical\" href=\"https:\/\/www.aquaplan.com\/fr\/produit\/rooffix-activator\/\" \/>\n<meta property=\"og:locale\" content=\"fr_FR\" \/>\n<meta property=\"og:type\" content=\"article\" \/>\n<meta property=\"og:title\" content=\"Aquaplan Rooffix Activator - Primaire Renfor\u00e7ante pour R\u00e9parations de Toiture\" \/>\n<meta property=\"og:description\" content=\"Am\u00e9liorez l&#039;adh\u00e9rence et la durabilit\u00e9 des r\u00e9parations de toiture avec Aquaplan Rooffix Activator. Id\u00e9al comme primaire pour les rev\u00eatements Rooffix. Trouvez un point de vente pr\u00e8s de chez vous !\" \/>\n<meta property=\"og:url\" content=\"https:\/\/www.aquaplan.com\/fr\/produit\/rooffix-activator\/\" \/>\n<meta property=\"og:site_name\" content=\"Aquaplan\" \/>\n<meta property=\"article:modified_time\" content=\"2026-04-04T00:12:07+00:00\" \/>\n<meta name=\"twitter:card\" content=\"summary_large_image\" \/>\n<meta name=\"twitter:label1\" content=\"Dur\u00e9e de lecture est.\" \/>\n\t<meta name=\"twitter:data1\" content=\"1 minute\" \/>\n<script type=\"application\/ld+json\" class=\"yoast-schema-graph\">{\"@context\":\"https:\\\/\\\/schema.org\",\"@graph\":[{\"@type\":\"WebPage\",\"@id\":\"https:\\\/\\\/www.aquaplan.com\\\/fr\\\/produit\\\/rooffix-activator\\\/\",\"url\":\"https:\\\/\\\/www.aquaplan.com\\\/fr\\\/produit\\\/rooffix-activator\\\/\",\"name\":\"Aquaplan Rooffix Activator - Primaire Renfor\u00e7ante pour R\u00e9parations de Toiture\",\"isPartOf\":{\"@id\":\"https:\\\/\\\/www.aquaplan.com\\\/fr\\\/#website\"},\"datePublished\":\"2024-12-09T11:42:41+00:00\",\"dateModified\":\"2026-04-04T00:12:07+00:00\",\"description\":\"Am\u00e9liorez l'adh\u00e9rence et la durabilit\u00e9 des r\u00e9parations de toiture avec Aquaplan Rooffix Activator. Id\u00e9al comme primaire pour les rev\u00eatements Rooffix. Trouvez un point de vente pr\u00e8s de chez vous !\",\"breadcrumb\":{\"@id\":\"https:\\\/\\\/www.aquaplan.com\\\/fr\\\/produit\\\/rooffix-activator\\\/#breadcrumb\"},\"inLanguage\":\"fr-BE\",\"potentialAction\":[{\"@type\":\"ReadAction\",\"target\":[\"https:\\\/\\\/www.aquaplan.com\\\/fr\\\/produit\\\/rooffix-activator\\\/\"]}]},{\"@type\":\"BreadcrumbList\",\"@id\":\"https:\\\/\\\/www.aquaplan.com\\\/fr\\\/produit\\\/rooffix-activator\\\/#breadcrumb\",\"itemListElement\":[{\"@type\":\"ListItem\",\"position\":1,\"name\":\"Home\",\"item\":\"https:\\\/\\\/www.aquaplan.com\\\/fr\\\/\"},{\"@type\":\"ListItem\",\"position\":2,\"name\":\"Produits\",\"item\":\"https:\\\/\\\/www.aquaplan.com\\\/fr\\\/produits\\\/\"},{\"@type\":\"ListItem\",\"position\":3,\"name\":\"Rooffix Activator\"}]},{\"@type\":\"WebSite\",\"@id\":\"https:\\\/\\\/www.aquaplan.com\\\/fr\\\/#website\",\"url\":\"https:\\\/\\\/www.aquaplan.com\\\/fr\\\/\",\"name\":\"Aquaplan\",\"description\":\"Jouw expert in dakbedekking &amp; vochtbestrijding\",\"publisher\":{\"@id\":\"https:\\\/\\\/www.aquaplan.com\\\/fr\\\/#organization\"},\"potentialAction\":[{\"@type\":\"SearchAction\",\"target\":{\"@type\":\"EntryPoint\",\"urlTemplate\":\"https:\\\/\\\/www.aquaplan.com\\\/fr\\\/?s={search_term_string}\"},\"query-input\":{\"@type\":\"PropertyValueSpecification\",\"valueRequired\":true,\"valueName\":\"search_term_string\"}}],\"inLanguage\":\"fr-BE\"},{\"@type\":\"Organization\",\"@id\":\"https:\\\/\\\/www.aquaplan.com\\\/fr\\\/#organization\",\"name\":\"Aquaplan\",\"url\":\"https:\\\/\\\/www.aquaplan.com\\\/fr\\\/\",\"logo\":{\"@type\":\"ImageObject\",\"inLanguage\":\"fr-BE\",\"@id\":\"https:\\\/\\\/www.aquaplan.com\\\/fr\\\/#\\\/schema\\\/logo\\\/image\\\/\",\"url\":\"https:\\\/\\\/www.aquaplan.com\\\/wp-content\\\/uploads\\\/2024\\\/12\\\/aquaplan_emailheader.jpg\",\"contentUrl\":\"https:\\\/\\\/www.aquaplan.com\\\/wp-content\\\/uploads\\\/2024\\\/12\\\/aquaplan_emailheader.jpg\",\"width\":600,\"height\":150,\"caption\":\"Aquaplan\"},\"image\":{\"@id\":\"https:\\\/\\\/www.aquaplan.com\\\/fr\\\/#\\\/schema\\\/logo\\\/image\\\/\"}}]}<\/script>\n<!-- \/ Yoast SEO plugin. -->","yoast_head_json":{"title":"Aquaplan Rooffix Activator - Primaire Renfor\u00e7ante pour R\u00e9parations de Toiture","description":"Am\u00e9liorez l'adh\u00e9rence et la durabilit\u00e9 des r\u00e9parations de toiture avec Aquaplan Rooffix Activator. Id\u00e9al comme primaire pour les rev\u00eatements Rooffix. Trouvez un point de vente pr\u00e8s de chez vous !","robots":{"index":"index","follow":"follow","max-snippet":"max-snippet:-1","max-image-preview":"max-image-preview:large","max-video-preview":"max-video-preview:-1"},"canonical":"https:\/\/www.aquaplan.com\/fr\/produit\/rooffix-activator\/","og_locale":"fr_FR","og_type":"article","og_title":"Aquaplan Rooffix Activator - Primaire Renfor\u00e7ante pour R\u00e9parations de Toiture","og_description":"Am\u00e9liorez l'adh\u00e9rence et la durabilit\u00e9 des r\u00e9parations de toiture avec Aquaplan Rooffix Activator. Id\u00e9al comme primaire pour les rev\u00eatements Rooffix. Trouvez un point de vente pr\u00e8s de chez vous !","og_url":"https:\/\/www.aquaplan.com\/fr\/produit\/rooffix-activator\/","og_site_name":"Aquaplan","article_modified_time":"2026-04-04T00:12:07+00:00","twitter_card":"summary_large_image","twitter_misc":{"Dur\u00e9e de lecture est.":"1 minute"},"schema":{"@context":"https:\/\/schema.org","@graph":[{"@type":"WebPage","@id":"https:\/\/www.aquaplan.com\/fr\/produit\/rooffix-activator\/","url":"https:\/\/www.aquaplan.com\/fr\/produit\/rooffix-activator\/","name":"Aquaplan Rooffix Activator - Primaire Renfor\u00e7ante pour R\u00e9parations de Toiture","isPartOf":{"@id":"https:\/\/www.aquaplan.com\/fr\/#website"},"datePublished":"2024-12-09T11:42:41+00:00","dateModified":"2026-04-04T00:12:07+00:00","description":"Am\u00e9liorez l'adh\u00e9rence et la durabilit\u00e9 des r\u00e9parations de toiture avec Aquaplan Rooffix Activator. Id\u00e9al comme primaire pour les rev\u00eatements Rooffix. Trouvez un point de vente pr\u00e8s de chez vous !","breadcrumb":{"@id":"https:\/\/www.aquaplan.com\/fr\/produit\/rooffix-activator\/#breadcrumb"},"inLanguage":"fr-BE","potentialAction":[{"@type":"ReadAction","target":["https:\/\/www.aquaplan.com\/fr\/produit\/rooffix-activator\/"]}]},{"@type":"BreadcrumbList","@id":"https:\/\/www.aquaplan.com\/fr\/produit\/rooffix-activator\/#breadcrumb","itemListElement":[{"@type":"ListItem","position":1,"name":"Home","item":"https:\/\/www.aquaplan.com\/fr\/"},{"@type":"ListItem","position":2,"name":"Produits","item":"https:\/\/www.aquaplan.com\/fr\/produits\/"},{"@type":"ListItem","position":3,"name":"Rooffix Activator"}]},{"@type":"WebSite","@id":"https:\/\/www.aquaplan.com\/fr\/#website","url":"https:\/\/www.aquaplan.com\/fr\/","name":"Aquaplan","description":"Jouw expert in dakbedekking &amp; vochtbestrijding","publisher":{"@id":"https:\/\/www.aquaplan.com\/fr\/#organization"},"potentialAction":[{"@type":"SearchAction","target":{"@type":"EntryPoint","urlTemplate":"https:\/\/www.aquaplan.com\/fr\/?s={search_term_string}"},"query-input":{"@type":"PropertyValueSpecification","valueRequired":true,"valueName":"search_term_string"}}],"inLanguage":"fr-BE"},{"@type":"Organization","@id":"https:\/\/www.aquaplan.com\/fr\/#organization","name":"Aquaplan","url":"https:\/\/www.aquaplan.com\/fr\/","logo":{"@type":"ImageObject","inLanguage":"fr-BE","@id":"https:\/\/www.aquaplan.com\/fr\/#\/schema\/logo\/image\/","url":"https:\/\/www.aquaplan.com\/wp-content\/uploads\/2024\/12\/aquaplan_emailheader.jpg","contentUrl":"https:\/\/www.aquaplan.com\/wp-content\/uploads\/2024\/12\/aquaplan_emailheader.jpg","width":600,"height":150,"caption":"Aquaplan"},"image":{"@id":"https:\/\/www.aquaplan.com\/fr\/#\/schema\/logo\/image\/"}}]}},"_links":{"self":[{"href":"https:\/\/www.aquaplan.com\/fr\/wp-json\/wp\/v2\/product\/6195","targetHints":{"allow":["GET"]}}],"collection":[{"href":"https:\/\/www.aquaplan.com\/fr\/wp-json\/wp\/v2\/product"}],"about":[{"href":"https:\/\/www.aquaplan.com\/fr\/wp-json\/wp\/v2\/types\/product"}],"replies":[{"embeddable":true,"href":"https:\/\/www.aquaplan.com\/fr\/wp-json\/wp\/v2\/comments?post=6195"}],"wp:attachment":[{"href":"https:\/\/www.aquaplan.com\/fr\/wp-json\/wp\/v2\/media?parent=6195"}],"wp:term":[{"taxonomy":"product_brand","embeddable":true,"href":"https:\/\/www.aquaplan.com\/fr\/wp-json\/wp\/v2\/product_brand?post=6195"},{"taxonomy":"product_cat","embeddable":true,"href":"https:\/\/www.aquaplan.com\/fr\/wp-json\/wp\/v2\/product_cat?post=6195"},{"taxonomy":"product_tag","embeddable":true,"href":"https:\/\/www.aquaplan.com\/fr\/wp-json\/wp\/v2\/product_tag?post=6195"}],"curies":[{"name":"wp","href":"https:\/\/api.w.org\/{rel}","templated":true}]}}