{"id":5880,"date":"2024-12-09T11:42:05","date_gmt":"2024-12-09T11:42:05","guid":{"rendered":"https:\/\/www.aquaplan.com\/product\/aqua-pan-gallo-plaat-1m\/"},"modified":"2026-04-03T11:47:14","modified_gmt":"2026-04-03T11:47:14","slug":"aqua-tuile-gallo","status":"publish","type":"product","link":"https:\/\/www.aquaplan.com\/fr\/produit\/aqua-tuile-gallo\/","title":{"rendered":"Aqua-Tuile Gallo"},"content":{"rendered":"<h3>Tuiles m\u00e9talliques<\/h3>\n<p>Un concept de tuiles modulaire universel appropri\u00e9 pour toutes les toitures inclin\u00e9es avec d&rsquo;une pente minimale de 10\u00b0. Le concept unique est constitu\u00e9 de panneaux tuiles ondul\u00e9es avec ses courbes m\u00e9diterran\u00e9enne douces pour un aspect \u00e9l\u00e9gant et chic dans les couleurs Anthracite et Rouge et accessoires correspondants (\u00e0 savoir fa\u00eeti\u00e8res, rives, vis et pi\u00e8ces de fermetures), ce qui permet de placer 20\u00a0tuiles d&rsquo;un seul mouvement. Bon \u00e0 savoir\u00a0: gr\u00e2ce \u00e0 son concept unique, Aqua-Tuile Gallo s&rsquo;adapte \u00e0 chaque toiture, sans cisaillage ni d\u00e9coupe.<\/p>\n<ul>\n<li>Rapide, posez 20 tuiles en 1 fois<\/li>\n<li>S\u2019adapte toujours, sans d\u00e9coupe<\/li>\n<li>L\u00e9ger, r\u00e9sistant &amp; durable<\/li>\n<li>Pose directe sur anciennes couvertures de toiture \u2013 d\u00e9montage superflu<\/li>\n<li>20 ans de garantie<\/li>\n<\/ul>\n","protected":false},"excerpt":{"rendered":"<p>Tuiles m\u00e9talliques Un concept de tuiles modulaire universel appropri\u00e9 pour toutes les toitures inclin\u00e9es avec d&rsquo;une pente minimale de 10\u00b0&#8230;.<\/p>\n","protected":false},"featured_media":0,"comment_status":"open","ping_status":"closed","template":"","meta":{"_acf_changed":false},"product_brand":[],"product_cat":[212],"product_tag":[],"class_list":{"0":"post-5880","1":"product","2":"type-product","3":"status-publish","5":"product_cat-plaques","7":"first","8":"instock","9":"shipping-taxable","10":"purchasable","11":"product-type-variable"},"acf":[],"yoast_head":"<!-- This site is optimized with the Yoast SEO plugin v27.4 - https:\/\/yoast.com\/product\/yoast-seo-wordpress\/ -->\n<title>Aqua-Pan Gallo : plaque m\u00e9tallique pour tuiles de toit | Aquaplan<\/title>\n<meta name=\"description\" content=\"D\u00e9couvrez Aqua-Pan Gallo : le panneau de tuiles m\u00e9talliques adapt\u00e9 \u00e0 toutes les toitures en pente avec une inclinaison minimale de 10\u00b0.\" \/>\n<meta name=\"robots\" content=\"index, follow, max-snippet:-1, max-image-preview:large, max-video-preview:-1\" \/>\n<link rel=\"canonical\" href=\"https:\/\/www.aquaplan.com\/fr\/produit\/aqua-tuile-gallo\/\" \/>\n<meta property=\"og:locale\" content=\"fr_FR\" \/>\n<meta property=\"og:type\" content=\"article\" \/>\n<meta property=\"og:title\" content=\"Aqua-Pan Gallo : plaque m\u00e9tallique pour tuiles de toit | Aquaplan\" \/>\n<meta property=\"og:description\" content=\"D\u00e9couvrez Aqua-Pan Gallo : le panneau de tuiles m\u00e9talliques adapt\u00e9 \u00e0 toutes les toitures en pente avec une inclinaison minimale de 10\u00b0.\" \/>\n<meta property=\"og:url\" content=\"https:\/\/www.aquaplan.com\/fr\/produit\/aqua-tuile-gallo\/\" \/>\n<meta property=\"og:site_name\" content=\"Aquaplan\" \/>\n<meta property=\"article:modified_time\" content=\"2026-04-03T11:47:14+00:00\" \/>\n<meta name=\"twitter:card\" content=\"summary_large_image\" \/>\n<meta name=\"twitter:label1\" content=\"Dur\u00e9e de lecture est.\" \/>\n\t<meta name=\"twitter:data1\" content=\"1 minute\" \/>\n<script type=\"application\/ld+json\" class=\"yoast-schema-graph\">{\"@context\":\"https:\\\/\\\/schema.org\",\"@graph\":[{\"@type\":\"WebPage\",\"@id\":\"https:\\\/\\\/www.aquaplan.com\\\/fr\\\/produit\\\/aqua-tuile-gallo\\\/\",\"url\":\"https:\\\/\\\/www.aquaplan.com\\\/fr\\\/produit\\\/aqua-tuile-gallo\\\/\",\"name\":\"Aqua-Pan Gallo : plaque m\u00e9tallique pour tuiles de toit | Aquaplan\",\"isPartOf\":{\"@id\":\"https:\\\/\\\/www.aquaplan.com\\\/fr\\\/#website\"},\"datePublished\":\"2024-12-09T11:42:05+00:00\",\"dateModified\":\"2026-04-03T11:47:14+00:00\",\"description\":\"D\u00e9couvrez Aqua-Pan Gallo : le panneau de tuiles m\u00e9talliques adapt\u00e9 \u00e0 toutes les toitures en pente avec une inclinaison minimale de 10\u00b0.\",\"breadcrumb\":{\"@id\":\"https:\\\/\\\/www.aquaplan.com\\\/fr\\\/produit\\\/aqua-tuile-gallo\\\/#breadcrumb\"},\"inLanguage\":\"fr-BE\",\"potentialAction\":[{\"@type\":\"ReadAction\",\"target\":[\"https:\\\/\\\/www.aquaplan.com\\\/fr\\\/produit\\\/aqua-tuile-gallo\\\/\"]}]},{\"@type\":\"BreadcrumbList\",\"@id\":\"https:\\\/\\\/www.aquaplan.com\\\/fr\\\/produit\\\/aqua-tuile-gallo\\\/#breadcrumb\",\"itemListElement\":[{\"@type\":\"ListItem\",\"position\":1,\"name\":\"Home\",\"item\":\"https:\\\/\\\/www.aquaplan.com\\\/fr\\\/\"},{\"@type\":\"ListItem\",\"position\":2,\"name\":\"Produits\",\"item\":\"https:\\\/\\\/www.aquaplan.com\\\/fr\\\/produits\\\/\"},{\"@type\":\"ListItem\",\"position\":3,\"name\":\"Aqua-Tuile Gallo\"}]},{\"@type\":\"WebSite\",\"@id\":\"https:\\\/\\\/www.aquaplan.com\\\/fr\\\/#website\",\"url\":\"https:\\\/\\\/www.aquaplan.com\\\/fr\\\/\",\"name\":\"Aquaplan\",\"description\":\"Jouw expert in dakbedekking &amp; vochtbestrijding\",\"publisher\":{\"@id\":\"https:\\\/\\\/www.aquaplan.com\\\/fr\\\/#organization\"},\"potentialAction\":[{\"@type\":\"SearchAction\",\"target\":{\"@type\":\"EntryPoint\",\"urlTemplate\":\"https:\\\/\\\/www.aquaplan.com\\\/fr\\\/?s={search_term_string}\"},\"query-input\":{\"@type\":\"PropertyValueSpecification\",\"valueRequired\":true,\"valueName\":\"search_term_string\"}}],\"inLanguage\":\"fr-BE\"},{\"@type\":\"Organization\",\"@id\":\"https:\\\/\\\/www.aquaplan.com\\\/fr\\\/#organization\",\"name\":\"Aquaplan\",\"url\":\"https:\\\/\\\/www.aquaplan.com\\\/fr\\\/\",\"logo\":{\"@type\":\"ImageObject\",\"inLanguage\":\"fr-BE\",\"@id\":\"https:\\\/\\\/www.aquaplan.com\\\/fr\\\/#\\\/schema\\\/logo\\\/image\\\/\",\"url\":\"https:\\\/\\\/www.aquaplan.com\\\/wp-content\\\/uploads\\\/2024\\\/12\\\/aquaplan_emailheader.jpg\",\"contentUrl\":\"https:\\\/\\\/www.aquaplan.com\\\/wp-content\\\/uploads\\\/2024\\\/12\\\/aquaplan_emailheader.jpg\",\"width\":600,\"height\":150,\"caption\":\"Aquaplan\"},\"image\":{\"@id\":\"https:\\\/\\\/www.aquaplan.com\\\/fr\\\/#\\\/schema\\\/logo\\\/image\\\/\"}}]}<\/script>\n<!-- \/ Yoast SEO plugin. -->","yoast_head_json":{"title":"Aqua-Pan Gallo : plaque m\u00e9tallique pour tuiles de toit | Aquaplan","description":"D\u00e9couvrez Aqua-Pan Gallo : le panneau de tuiles m\u00e9talliques adapt\u00e9 \u00e0 toutes les toitures en pente avec une inclinaison minimale de 10\u00b0.","robots":{"index":"index","follow":"follow","max-snippet":"max-snippet:-1","max-image-preview":"max-image-preview:large","max-video-preview":"max-video-preview:-1"},"canonical":"https:\/\/www.aquaplan.com\/fr\/produit\/aqua-tuile-gallo\/","og_locale":"fr_FR","og_type":"article","og_title":"Aqua-Pan Gallo : plaque m\u00e9tallique pour tuiles de toit | Aquaplan","og_description":"D\u00e9couvrez Aqua-Pan Gallo : le panneau de tuiles m\u00e9talliques adapt\u00e9 \u00e0 toutes les toitures en pente avec une inclinaison minimale de 10\u00b0.","og_url":"https:\/\/www.aquaplan.com\/fr\/produit\/aqua-tuile-gallo\/","og_site_name":"Aquaplan","article_modified_time":"2026-04-03T11:47:14+00:00","twitter_card":"summary_large_image","twitter_misc":{"Dur\u00e9e de lecture est.":"1 minute"},"schema":{"@context":"https:\/\/schema.org","@graph":[{"@type":"WebPage","@id":"https:\/\/www.aquaplan.com\/fr\/produit\/aqua-tuile-gallo\/","url":"https:\/\/www.aquaplan.com\/fr\/produit\/aqua-tuile-gallo\/","name":"Aqua-Pan Gallo : plaque m\u00e9tallique pour tuiles de toit | Aquaplan","isPartOf":{"@id":"https:\/\/www.aquaplan.com\/fr\/#website"},"datePublished":"2024-12-09T11:42:05+00:00","dateModified":"2026-04-03T11:47:14+00:00","description":"D\u00e9couvrez Aqua-Pan Gallo : le panneau de tuiles m\u00e9talliques adapt\u00e9 \u00e0 toutes les toitures en pente avec une inclinaison minimale de 10\u00b0.","breadcrumb":{"@id":"https:\/\/www.aquaplan.com\/fr\/produit\/aqua-tuile-gallo\/#breadcrumb"},"inLanguage":"fr-BE","potentialAction":[{"@type":"ReadAction","target":["https:\/\/www.aquaplan.com\/fr\/produit\/aqua-tuile-gallo\/"]}]},{"@type":"BreadcrumbList","@id":"https:\/\/www.aquaplan.com\/fr\/produit\/aqua-tuile-gallo\/#breadcrumb","itemListElement":[{"@type":"ListItem","position":1,"name":"Home","item":"https:\/\/www.aquaplan.com\/fr\/"},{"@type":"ListItem","position":2,"name":"Produits","item":"https:\/\/www.aquaplan.com\/fr\/produits\/"},{"@type":"ListItem","position":3,"name":"Aqua-Tuile Gallo"}]},{"@type":"WebSite","@id":"https:\/\/www.aquaplan.com\/fr\/#website","url":"https:\/\/www.aquaplan.com\/fr\/","name":"Aquaplan","description":"Jouw expert in dakbedekking &amp; vochtbestrijding","publisher":{"@id":"https:\/\/www.aquaplan.com\/fr\/#organization"},"potentialAction":[{"@type":"SearchAction","target":{"@type":"EntryPoint","urlTemplate":"https:\/\/www.aquaplan.com\/fr\/?s={search_term_string}"},"query-input":{"@type":"PropertyValueSpecification","valueRequired":true,"valueName":"search_term_string"}}],"inLanguage":"fr-BE"},{"@type":"Organization","@id":"https:\/\/www.aquaplan.com\/fr\/#organization","name":"Aquaplan","url":"https:\/\/www.aquaplan.com\/fr\/","logo":{"@type":"ImageObject","inLanguage":"fr-BE","@id":"https:\/\/www.aquaplan.com\/fr\/#\/schema\/logo\/image\/","url":"https:\/\/www.aquaplan.com\/wp-content\/uploads\/2024\/12\/aquaplan_emailheader.jpg","contentUrl":"https:\/\/www.aquaplan.com\/wp-content\/uploads\/2024\/12\/aquaplan_emailheader.jpg","width":600,"height":150,"caption":"Aquaplan"},"image":{"@id":"https:\/\/www.aquaplan.com\/fr\/#\/schema\/logo\/image\/"}}]}},"_links":{"self":[{"href":"https:\/\/www.aquaplan.com\/fr\/wp-json\/wp\/v2\/product\/5880","targetHints":{"allow":["GET"]}}],"collection":[{"href":"https:\/\/www.aquaplan.com\/fr\/wp-json\/wp\/v2\/product"}],"about":[{"href":"https:\/\/www.aquaplan.com\/fr\/wp-json\/wp\/v2\/types\/product"}],"replies":[{"embeddable":true,"href":"https:\/\/www.aquaplan.com\/fr\/wp-json\/wp\/v2\/comments?post=5880"}],"wp:attachment":[{"href":"https:\/\/www.aquaplan.com\/fr\/wp-json\/wp\/v2\/media?parent=5880"}],"wp:term":[{"taxonomy":"product_brand","embeddable":true,"href":"https:\/\/www.aquaplan.com\/fr\/wp-json\/wp\/v2\/product_brand?post=5880"},{"taxonomy":"product_cat","embeddable":true,"href":"https:\/\/www.aquaplan.com\/fr\/wp-json\/wp\/v2\/product_cat?post=5880"},{"taxonomy":"product_tag","embeddable":true,"href":"https:\/\/www.aquaplan.com\/fr\/wp-json\/wp\/v2\/product_tag?post=5880"}],"curies":[{"name":"wp","href":"https:\/\/api.w.org\/{rel}","templated":true}]}}