{"id":5852,"date":"2024-12-09T11:42:02","date_gmt":"2024-12-09T11:42:02","guid":{"rendered":"https:\/\/www.aquaplan.com\/product\/paal-beschermer\/"},"modified":"2026-04-03T11:46:15","modified_gmt":"2026-04-03T11:46:15","slug":"protection-piquet","status":"publish","type":"product","link":"https:\/\/www.aquaplan.com\/fr\/produit\/protection-piquet\/","title":{"rendered":"Protection-Piquet"},"content":{"rendered":"<h3>Protection \u00e9tanche pour tous les mat\u00e9riaux enterr\u00e9s<\/h3>\n<p>Une protection \u00e9tanche pour tous les mat\u00e9riaux souterrains, qui am\u00e9liore la dur\u00e9e de vie de vos piquets en bois, en m\u00e9tal ou en ciment. Protection-Piquet offre une grande r\u00e9sistance contre les agressions par l&rsquo;eau souterraine, y compris sur des supports humides. Recouvrable et pon\u00e7able.<\/p>\n<ul>\n<li>Excellente adh\u00e9rence, \u00e9galement sur les supports humides<\/li>\n<li>Pour le ciment, le bois et le m\u00e9tal<\/li>\n<li>Prolonge la dur\u00e9e de vie<\/li>\n<\/ul>\n","protected":false},"excerpt":{"rendered":"<p>Protection \u00e9tanche pour tous les mat\u00e9riaux enterr\u00e9s Une protection \u00e9tanche pour tous les mat\u00e9riaux souterrains, qui am\u00e9liore la dur\u00e9e de&#8230;<\/p>\n","protected":false},"featured_media":0,"comment_status":"open","ping_status":"closed","template":"","meta":{"_acf_changed":false},"product_brand":[],"product_cat":[376],"product_tag":[],"class_list":{"0":"post-5852","1":"product","2":"type-product","3":"status-publish","5":"product_cat-autres-produits-de-jardin","7":"first","8":"instock","9":"shipping-taxable","10":"purchasable","11":"product-type-simple"},"acf":[],"yoast_head":"<!-- This site is optimized with the Yoast SEO plugin v27.4 - https:\/\/yoast.com\/product\/yoast-seo-wordpress\/ -->\n<title>Protection-Piquet: imperm\u00e9abilisation des poteaux | Aquaplan<\/title>\n<meta name=\"description\" content=\"Imperm\u00e9abilisez vos poteaux en bois, en m\u00e9tal ou en b\u00e9ton avec le protecteur de poteaux Aquaplan. Excellente adh\u00e9rence, m\u00eame sur des supports humides !\" \/>\n<meta name=\"robots\" content=\"index, follow, max-snippet:-1, max-image-preview:large, max-video-preview:-1\" \/>\n<link rel=\"canonical\" href=\"https:\/\/www.aquaplan.com\/fr\/produit\/protection-piquet\/\" \/>\n<meta property=\"og:locale\" content=\"fr_FR\" \/>\n<meta property=\"og:type\" content=\"article\" \/>\n<meta property=\"og:title\" content=\"Protection-Piquet: imperm\u00e9abilisation des poteaux | Aquaplan\" \/>\n<meta property=\"og:description\" content=\"Imperm\u00e9abilisez vos poteaux en bois, en m\u00e9tal ou en b\u00e9ton avec le protecteur de poteaux Aquaplan. Excellente adh\u00e9rence, m\u00eame sur des supports humides !\" \/>\n<meta property=\"og:url\" content=\"https:\/\/www.aquaplan.com\/fr\/produit\/protection-piquet\/\" \/>\n<meta property=\"og:site_name\" content=\"Aquaplan\" \/>\n<meta property=\"article:modified_time\" content=\"2026-04-03T11:46:15+00:00\" \/>\n<meta name=\"twitter:card\" content=\"summary_large_image\" \/>\n<script type=\"application\/ld+json\" class=\"yoast-schema-graph\">{\"@context\":\"https:\\\/\\\/schema.org\",\"@graph\":[{\"@type\":\"WebPage\",\"@id\":\"https:\\\/\\\/www.aquaplan.com\\\/fr\\\/produit\\\/protection-piquet\\\/\",\"url\":\"https:\\\/\\\/www.aquaplan.com\\\/fr\\\/produit\\\/protection-piquet\\\/\",\"name\":\"Protection-Piquet: imperm\u00e9abilisation des poteaux | Aquaplan\",\"isPartOf\":{\"@id\":\"https:\\\/\\\/www.aquaplan.com\\\/fr\\\/#website\"},\"datePublished\":\"2024-12-09T11:42:02+00:00\",\"dateModified\":\"2026-04-03T11:46:15+00:00\",\"description\":\"Imperm\u00e9abilisez vos poteaux en bois, en m\u00e9tal ou en b\u00e9ton avec le protecteur de poteaux Aquaplan. Excellente adh\u00e9rence, m\u00eame sur des supports humides !\",\"breadcrumb\":{\"@id\":\"https:\\\/\\\/www.aquaplan.com\\\/fr\\\/produit\\\/protection-piquet\\\/#breadcrumb\"},\"inLanguage\":\"fr-BE\",\"potentialAction\":[{\"@type\":\"ReadAction\",\"target\":[\"https:\\\/\\\/www.aquaplan.com\\\/fr\\\/produit\\\/protection-piquet\\\/\"]}]},{\"@type\":\"BreadcrumbList\",\"@id\":\"https:\\\/\\\/www.aquaplan.com\\\/fr\\\/produit\\\/protection-piquet\\\/#breadcrumb\",\"itemListElement\":[{\"@type\":\"ListItem\",\"position\":1,\"name\":\"Home\",\"item\":\"https:\\\/\\\/www.aquaplan.com\\\/fr\\\/\"},{\"@type\":\"ListItem\",\"position\":2,\"name\":\"Produits\",\"item\":\"https:\\\/\\\/www.aquaplan.com\\\/fr\\\/produits\\\/\"},{\"@type\":\"ListItem\",\"position\":3,\"name\":\"Protection-Piquet\"}]},{\"@type\":\"WebSite\",\"@id\":\"https:\\\/\\\/www.aquaplan.com\\\/fr\\\/#website\",\"url\":\"https:\\\/\\\/www.aquaplan.com\\\/fr\\\/\",\"name\":\"Aquaplan\",\"description\":\"Jouw expert in dakbedekking &amp; vochtbestrijding\",\"publisher\":{\"@id\":\"https:\\\/\\\/www.aquaplan.com\\\/fr\\\/#organization\"},\"potentialAction\":[{\"@type\":\"SearchAction\",\"target\":{\"@type\":\"EntryPoint\",\"urlTemplate\":\"https:\\\/\\\/www.aquaplan.com\\\/fr\\\/?s={search_term_string}\"},\"query-input\":{\"@type\":\"PropertyValueSpecification\",\"valueRequired\":true,\"valueName\":\"search_term_string\"}}],\"inLanguage\":\"fr-BE\"},{\"@type\":\"Organization\",\"@id\":\"https:\\\/\\\/www.aquaplan.com\\\/fr\\\/#organization\",\"name\":\"Aquaplan\",\"url\":\"https:\\\/\\\/www.aquaplan.com\\\/fr\\\/\",\"logo\":{\"@type\":\"ImageObject\",\"inLanguage\":\"fr-BE\",\"@id\":\"https:\\\/\\\/www.aquaplan.com\\\/fr\\\/#\\\/schema\\\/logo\\\/image\\\/\",\"url\":\"https:\\\/\\\/www.aquaplan.com\\\/wp-content\\\/uploads\\\/2024\\\/12\\\/aquaplan_emailheader.jpg\",\"contentUrl\":\"https:\\\/\\\/www.aquaplan.com\\\/wp-content\\\/uploads\\\/2024\\\/12\\\/aquaplan_emailheader.jpg\",\"width\":600,\"height\":150,\"caption\":\"Aquaplan\"},\"image\":{\"@id\":\"https:\\\/\\\/www.aquaplan.com\\\/fr\\\/#\\\/schema\\\/logo\\\/image\\\/\"}}]}<\/script>\n<!-- \/ Yoast SEO plugin. -->","yoast_head_json":{"title":"Protection-Piquet: imperm\u00e9abilisation des poteaux | Aquaplan","description":"Imperm\u00e9abilisez vos poteaux en bois, en m\u00e9tal ou en b\u00e9ton avec le protecteur de poteaux Aquaplan. Excellente adh\u00e9rence, m\u00eame sur des supports humides !","robots":{"index":"index","follow":"follow","max-snippet":"max-snippet:-1","max-image-preview":"max-image-preview:large","max-video-preview":"max-video-preview:-1"},"canonical":"https:\/\/www.aquaplan.com\/fr\/produit\/protection-piquet\/","og_locale":"fr_FR","og_type":"article","og_title":"Protection-Piquet: imperm\u00e9abilisation des poteaux | Aquaplan","og_description":"Imperm\u00e9abilisez vos poteaux en bois, en m\u00e9tal ou en b\u00e9ton avec le protecteur de poteaux Aquaplan. Excellente adh\u00e9rence, m\u00eame sur des supports humides !","og_url":"https:\/\/www.aquaplan.com\/fr\/produit\/protection-piquet\/","og_site_name":"Aquaplan","article_modified_time":"2026-04-03T11:46:15+00:00","twitter_card":"summary_large_image","schema":{"@context":"https:\/\/schema.org","@graph":[{"@type":"WebPage","@id":"https:\/\/www.aquaplan.com\/fr\/produit\/protection-piquet\/","url":"https:\/\/www.aquaplan.com\/fr\/produit\/protection-piquet\/","name":"Protection-Piquet: imperm\u00e9abilisation des poteaux | Aquaplan","isPartOf":{"@id":"https:\/\/www.aquaplan.com\/fr\/#website"},"datePublished":"2024-12-09T11:42:02+00:00","dateModified":"2026-04-03T11:46:15+00:00","description":"Imperm\u00e9abilisez vos poteaux en bois, en m\u00e9tal ou en b\u00e9ton avec le protecteur de poteaux Aquaplan. Excellente adh\u00e9rence, m\u00eame sur des supports humides !","breadcrumb":{"@id":"https:\/\/www.aquaplan.com\/fr\/produit\/protection-piquet\/#breadcrumb"},"inLanguage":"fr-BE","potentialAction":[{"@type":"ReadAction","target":["https:\/\/www.aquaplan.com\/fr\/produit\/protection-piquet\/"]}]},{"@type":"BreadcrumbList","@id":"https:\/\/www.aquaplan.com\/fr\/produit\/protection-piquet\/#breadcrumb","itemListElement":[{"@type":"ListItem","position":1,"name":"Home","item":"https:\/\/www.aquaplan.com\/fr\/"},{"@type":"ListItem","position":2,"name":"Produits","item":"https:\/\/www.aquaplan.com\/fr\/produits\/"},{"@type":"ListItem","position":3,"name":"Protection-Piquet"}]},{"@type":"WebSite","@id":"https:\/\/www.aquaplan.com\/fr\/#website","url":"https:\/\/www.aquaplan.com\/fr\/","name":"Aquaplan","description":"Jouw expert in dakbedekking &amp; vochtbestrijding","publisher":{"@id":"https:\/\/www.aquaplan.com\/fr\/#organization"},"potentialAction":[{"@type":"SearchAction","target":{"@type":"EntryPoint","urlTemplate":"https:\/\/www.aquaplan.com\/fr\/?s={search_term_string}"},"query-input":{"@type":"PropertyValueSpecification","valueRequired":true,"valueName":"search_term_string"}}],"inLanguage":"fr-BE"},{"@type":"Organization","@id":"https:\/\/www.aquaplan.com\/fr\/#organization","name":"Aquaplan","url":"https:\/\/www.aquaplan.com\/fr\/","logo":{"@type":"ImageObject","inLanguage":"fr-BE","@id":"https:\/\/www.aquaplan.com\/fr\/#\/schema\/logo\/image\/","url":"https:\/\/www.aquaplan.com\/wp-content\/uploads\/2024\/12\/aquaplan_emailheader.jpg","contentUrl":"https:\/\/www.aquaplan.com\/wp-content\/uploads\/2024\/12\/aquaplan_emailheader.jpg","width":600,"height":150,"caption":"Aquaplan"},"image":{"@id":"https:\/\/www.aquaplan.com\/fr\/#\/schema\/logo\/image\/"}}]}},"_links":{"self":[{"href":"https:\/\/www.aquaplan.com\/fr\/wp-json\/wp\/v2\/product\/5852","targetHints":{"allow":["GET"]}}],"collection":[{"href":"https:\/\/www.aquaplan.com\/fr\/wp-json\/wp\/v2\/product"}],"about":[{"href":"https:\/\/www.aquaplan.com\/fr\/wp-json\/wp\/v2\/types\/product"}],"replies":[{"embeddable":true,"href":"https:\/\/www.aquaplan.com\/fr\/wp-json\/wp\/v2\/comments?post=5852"}],"wp:attachment":[{"href":"https:\/\/www.aquaplan.com\/fr\/wp-json\/wp\/v2\/media?parent=5852"}],"wp:term":[{"taxonomy":"product_brand","embeddable":true,"href":"https:\/\/www.aquaplan.com\/fr\/wp-json\/wp\/v2\/product_brand?post=5852"},{"taxonomy":"product_cat","embeddable":true,"href":"https:\/\/www.aquaplan.com\/fr\/wp-json\/wp\/v2\/product_cat?post=5852"},{"taxonomy":"product_tag","embeddable":true,"href":"https:\/\/www.aquaplan.com\/fr\/wp-json\/wp\/v2\/product_tag?post=5852"}],"curies":[{"name":"wp","href":"https:\/\/api.w.org\/{rel}","templated":true}]}}