{"id":5740,"date":"2024-12-09T11:41:50","date_gmt":"2024-12-09T11:41:50","guid":{"rendered":"https:\/\/www.aquaplan.com\/product\/iko-enertherm-alu-tg\/"},"modified":"2026-04-03T09:41:36","modified_gmt":"2026-04-03T09:41:36","slug":"iko-enertherm-alu-tg","status":"publish","type":"product","link":"https:\/\/www.aquaplan.com\/fr\/produit\/iko-enertherm-alu-tg\/","title":{"rendered":"IKO enertherm ALU TG"},"content":{"rendered":"<h3>Isolaton de grenier la plus \u00e9conomique<\/h3>\n<p>IKO enertherm ALU TG est la panneau PIR id\u00e9al pour l&rsquo;isolation \u00e9tanche au vent et \u00e0 l&rsquo;humidit\u00e9 de votre grenier, mur, sol et plafond. Les panneaux minces sont faciles \u00e0 d\u00e9couper et \u00e0 placer gr\u00e2ce \u00e0 la l\u00e9g\u00e8ret\u00e9 et au motif quadrill\u00e9 pratique sur le rev\u00eatement. Mieux encore : ces panneaux d&rsquo;isolation s&#8217;embo\u00eetent parfaitement l&rsquo;un \u00e0 l&rsquo;autre gr\u00e2ce \u00e0 leur syst\u00e8me unique d&rsquo;assemblage \u00e0 rainure bouvet\u00e9, ce qui \u00e9vite le besoin d&rsquo;un pare-vapeur suppl\u00e9mentaire. Diverses finitions et \u00e9paisseurs possibles.<\/p>\n<ul>\n<li>Tr\u00e8s haute valeur d\u2019isolation<\/li>\n<li>Ind\u00e9formable &amp; stabilit\u00e9 dimensionnelle<\/li>\n<li>Convient aussi bien pour toitures plates et inclin\u00e9es que pour sols et murs<\/li>\n<\/ul>\n","protected":false},"excerpt":{"rendered":"<p>Isolaton de grenier la plus \u00e9conomique IKO enertherm ALU TG est la panneau PIR id\u00e9al pour l&rsquo;isolation \u00e9tanche au vent&#8230;<\/p>\n","protected":false},"featured_media":0,"comment_status":"open","ping_status":"closed","template":"","meta":{"_acf_changed":false},"product_brand":[],"product_cat":[480],"product_tag":[],"class_list":{"0":"post-5740","1":"product","2":"type-product","3":"status-publish","5":"product_cat-panneaux-isolants","7":"first","8":"instock","9":"shipping-taxable","10":"purchasable","11":"product-type-variable"},"acf":[],"yoast_head":"<!-- This site is optimized with the Yoast SEO plugin v27.4 - https:\/\/yoast.com\/product\/yoast-seo-wordpress\/ -->\n<title>IKO Enertherm ALU TG - Isolation Haute Qualit\u00e9 pour Greniers | Aquaplan<\/title>\n<meta name=\"description\" content=\"IKO Enertherm ALU TG est un panneau isolant PIR pour l&#039;isolation \u00e9tanche au vent et \u00e0 l&#039;humidit\u00e9 de vos combles, murs, sols et plafonds. La qualit\u00e9 sup\u00e9rieure d&#039;Aquaplan !\" \/>\n<meta name=\"robots\" content=\"index, follow, max-snippet:-1, max-image-preview:large, max-video-preview:-1\" \/>\n<link rel=\"canonical\" href=\"https:\/\/www.aquaplan.com\/fr\/produit\/iko-enertherm-alu-tg\/\" \/>\n<meta property=\"og:locale\" content=\"fr_FR\" \/>\n<meta property=\"og:type\" content=\"article\" \/>\n<meta property=\"og:title\" content=\"IKO Enertherm ALU TG - Isolation Haute Qualit\u00e9 pour Greniers | Aquaplan\" \/>\n<meta property=\"og:description\" content=\"IKO Enertherm ALU TG est un panneau isolant PIR pour l&#039;isolation \u00e9tanche au vent et \u00e0 l&#039;humidit\u00e9 de vos combles, murs, sols et plafonds. La qualit\u00e9 sup\u00e9rieure d&#039;Aquaplan !\" \/>\n<meta property=\"og:url\" content=\"https:\/\/www.aquaplan.com\/fr\/produit\/iko-enertherm-alu-tg\/\" \/>\n<meta property=\"og:site_name\" content=\"Aquaplan\" \/>\n<meta property=\"article:modified_time\" content=\"2026-04-03T09:41:36+00:00\" \/>\n<meta name=\"twitter:card\" content=\"summary_large_image\" \/>\n<meta name=\"twitter:label1\" content=\"Dur\u00e9e de lecture est.\" \/>\n\t<meta name=\"twitter:data1\" content=\"1 minute\" \/>\n<script type=\"application\/ld+json\" class=\"yoast-schema-graph\">{\"@context\":\"https:\\\/\\\/schema.org\",\"@graph\":[{\"@type\":\"WebPage\",\"@id\":\"https:\\\/\\\/www.aquaplan.com\\\/fr\\\/produit\\\/iko-enertherm-alu-tg\\\/\",\"url\":\"https:\\\/\\\/www.aquaplan.com\\\/fr\\\/produit\\\/iko-enertherm-alu-tg\\\/\",\"name\":\"IKO Enertherm ALU TG - Isolation Haute Qualit\u00e9 pour Greniers | Aquaplan\",\"isPartOf\":{\"@id\":\"https:\\\/\\\/www.aquaplan.com\\\/fr\\\/#website\"},\"datePublished\":\"2024-12-09T11:41:50+00:00\",\"dateModified\":\"2026-04-03T09:41:36+00:00\",\"description\":\"IKO Enertherm ALU TG est un panneau isolant PIR pour l'isolation \u00e9tanche au vent et \u00e0 l'humidit\u00e9 de vos combles, murs, sols et plafonds. La qualit\u00e9 sup\u00e9rieure d'Aquaplan !\",\"breadcrumb\":{\"@id\":\"https:\\\/\\\/www.aquaplan.com\\\/fr\\\/produit\\\/iko-enertherm-alu-tg\\\/#breadcrumb\"},\"inLanguage\":\"fr-BE\",\"potentialAction\":[{\"@type\":\"ReadAction\",\"target\":[\"https:\\\/\\\/www.aquaplan.com\\\/fr\\\/produit\\\/iko-enertherm-alu-tg\\\/\"]}]},{\"@type\":\"BreadcrumbList\",\"@id\":\"https:\\\/\\\/www.aquaplan.com\\\/fr\\\/produit\\\/iko-enertherm-alu-tg\\\/#breadcrumb\",\"itemListElement\":[{\"@type\":\"ListItem\",\"position\":1,\"name\":\"Home\",\"item\":\"https:\\\/\\\/www.aquaplan.com\\\/fr\\\/\"},{\"@type\":\"ListItem\",\"position\":2,\"name\":\"Produits\",\"item\":\"https:\\\/\\\/www.aquaplan.com\\\/fr\\\/produits\\\/\"},{\"@type\":\"ListItem\",\"position\":3,\"name\":\"IKO enertherm ALU TG\"}]},{\"@type\":\"WebSite\",\"@id\":\"https:\\\/\\\/www.aquaplan.com\\\/fr\\\/#website\",\"url\":\"https:\\\/\\\/www.aquaplan.com\\\/fr\\\/\",\"name\":\"Aquaplan\",\"description\":\"Jouw expert in dakbedekking &amp; vochtbestrijding\",\"publisher\":{\"@id\":\"https:\\\/\\\/www.aquaplan.com\\\/fr\\\/#organization\"},\"potentialAction\":[{\"@type\":\"SearchAction\",\"target\":{\"@type\":\"EntryPoint\",\"urlTemplate\":\"https:\\\/\\\/www.aquaplan.com\\\/fr\\\/?s={search_term_string}\"},\"query-input\":{\"@type\":\"PropertyValueSpecification\",\"valueRequired\":true,\"valueName\":\"search_term_string\"}}],\"inLanguage\":\"fr-BE\"},{\"@type\":\"Organization\",\"@id\":\"https:\\\/\\\/www.aquaplan.com\\\/fr\\\/#organization\",\"name\":\"Aquaplan\",\"url\":\"https:\\\/\\\/www.aquaplan.com\\\/fr\\\/\",\"logo\":{\"@type\":\"ImageObject\",\"inLanguage\":\"fr-BE\",\"@id\":\"https:\\\/\\\/www.aquaplan.com\\\/fr\\\/#\\\/schema\\\/logo\\\/image\\\/\",\"url\":\"https:\\\/\\\/www.aquaplan.com\\\/wp-content\\\/uploads\\\/2024\\\/12\\\/aquaplan_emailheader.jpg\",\"contentUrl\":\"https:\\\/\\\/www.aquaplan.com\\\/wp-content\\\/uploads\\\/2024\\\/12\\\/aquaplan_emailheader.jpg\",\"width\":600,\"height\":150,\"caption\":\"Aquaplan\"},\"image\":{\"@id\":\"https:\\\/\\\/www.aquaplan.com\\\/fr\\\/#\\\/schema\\\/logo\\\/image\\\/\"}}]}<\/script>\n<!-- \/ Yoast SEO plugin. -->","yoast_head_json":{"title":"IKO Enertherm ALU TG - Isolation Haute Qualit\u00e9 pour Greniers | Aquaplan","description":"IKO Enertherm ALU TG est un panneau isolant PIR pour l'isolation \u00e9tanche au vent et \u00e0 l'humidit\u00e9 de vos combles, murs, sols et plafonds. La qualit\u00e9 sup\u00e9rieure d'Aquaplan !","robots":{"index":"index","follow":"follow","max-snippet":"max-snippet:-1","max-image-preview":"max-image-preview:large","max-video-preview":"max-video-preview:-1"},"canonical":"https:\/\/www.aquaplan.com\/fr\/produit\/iko-enertherm-alu-tg\/","og_locale":"fr_FR","og_type":"article","og_title":"IKO Enertherm ALU TG - Isolation Haute Qualit\u00e9 pour Greniers | Aquaplan","og_description":"IKO Enertherm ALU TG est un panneau isolant PIR pour l'isolation \u00e9tanche au vent et \u00e0 l'humidit\u00e9 de vos combles, murs, sols et plafonds. La qualit\u00e9 sup\u00e9rieure d'Aquaplan !","og_url":"https:\/\/www.aquaplan.com\/fr\/produit\/iko-enertherm-alu-tg\/","og_site_name":"Aquaplan","article_modified_time":"2026-04-03T09:41:36+00:00","twitter_card":"summary_large_image","twitter_misc":{"Dur\u00e9e de lecture est.":"1 minute"},"schema":{"@context":"https:\/\/schema.org","@graph":[{"@type":"WebPage","@id":"https:\/\/www.aquaplan.com\/fr\/produit\/iko-enertherm-alu-tg\/","url":"https:\/\/www.aquaplan.com\/fr\/produit\/iko-enertherm-alu-tg\/","name":"IKO Enertherm ALU TG - Isolation Haute Qualit\u00e9 pour Greniers | Aquaplan","isPartOf":{"@id":"https:\/\/www.aquaplan.com\/fr\/#website"},"datePublished":"2024-12-09T11:41:50+00:00","dateModified":"2026-04-03T09:41:36+00:00","description":"IKO Enertherm ALU TG est un panneau isolant PIR pour l'isolation \u00e9tanche au vent et \u00e0 l'humidit\u00e9 de vos combles, murs, sols et plafonds. La qualit\u00e9 sup\u00e9rieure d'Aquaplan !","breadcrumb":{"@id":"https:\/\/www.aquaplan.com\/fr\/produit\/iko-enertherm-alu-tg\/#breadcrumb"},"inLanguage":"fr-BE","potentialAction":[{"@type":"ReadAction","target":["https:\/\/www.aquaplan.com\/fr\/produit\/iko-enertherm-alu-tg\/"]}]},{"@type":"BreadcrumbList","@id":"https:\/\/www.aquaplan.com\/fr\/produit\/iko-enertherm-alu-tg\/#breadcrumb","itemListElement":[{"@type":"ListItem","position":1,"name":"Home","item":"https:\/\/www.aquaplan.com\/fr\/"},{"@type":"ListItem","position":2,"name":"Produits","item":"https:\/\/www.aquaplan.com\/fr\/produits\/"},{"@type":"ListItem","position":3,"name":"IKO enertherm ALU TG"}]},{"@type":"WebSite","@id":"https:\/\/www.aquaplan.com\/fr\/#website","url":"https:\/\/www.aquaplan.com\/fr\/","name":"Aquaplan","description":"Jouw expert in dakbedekking &amp; vochtbestrijding","publisher":{"@id":"https:\/\/www.aquaplan.com\/fr\/#organization"},"potentialAction":[{"@type":"SearchAction","target":{"@type":"EntryPoint","urlTemplate":"https:\/\/www.aquaplan.com\/fr\/?s={search_term_string}"},"query-input":{"@type":"PropertyValueSpecification","valueRequired":true,"valueName":"search_term_string"}}],"inLanguage":"fr-BE"},{"@type":"Organization","@id":"https:\/\/www.aquaplan.com\/fr\/#organization","name":"Aquaplan","url":"https:\/\/www.aquaplan.com\/fr\/","logo":{"@type":"ImageObject","inLanguage":"fr-BE","@id":"https:\/\/www.aquaplan.com\/fr\/#\/schema\/logo\/image\/","url":"https:\/\/www.aquaplan.com\/wp-content\/uploads\/2024\/12\/aquaplan_emailheader.jpg","contentUrl":"https:\/\/www.aquaplan.com\/wp-content\/uploads\/2024\/12\/aquaplan_emailheader.jpg","width":600,"height":150,"caption":"Aquaplan"},"image":{"@id":"https:\/\/www.aquaplan.com\/fr\/#\/schema\/logo\/image\/"}}]}},"_links":{"self":[{"href":"https:\/\/www.aquaplan.com\/fr\/wp-json\/wp\/v2\/product\/5740","targetHints":{"allow":["GET"]}}],"collection":[{"href":"https:\/\/www.aquaplan.com\/fr\/wp-json\/wp\/v2\/product"}],"about":[{"href":"https:\/\/www.aquaplan.com\/fr\/wp-json\/wp\/v2\/types\/product"}],"replies":[{"embeddable":true,"href":"https:\/\/www.aquaplan.com\/fr\/wp-json\/wp\/v2\/comments?post=5740"}],"wp:attachment":[{"href":"https:\/\/www.aquaplan.com\/fr\/wp-json\/wp\/v2\/media?parent=5740"}],"wp:term":[{"taxonomy":"product_brand","embeddable":true,"href":"https:\/\/www.aquaplan.com\/fr\/wp-json\/wp\/v2\/product_brand?post=5740"},{"taxonomy":"product_cat","embeddable":true,"href":"https:\/\/www.aquaplan.com\/fr\/wp-json\/wp\/v2\/product_cat?post=5740"},{"taxonomy":"product_tag","embeddable":true,"href":"https:\/\/www.aquaplan.com\/fr\/wp-json\/wp\/v2\/product_tag?post=5740"}],"curies":[{"name":"wp","href":"https:\/\/api.w.org\/{rel}","templated":true}]}}