{"id":5663,"date":"2024-12-09T11:41:42","date_gmt":"2024-12-09T11:41:42","guid":{"rendered":"https:\/\/www.aquaplan.com\/product\/binnenmuur-droog\/"},"modified":"2026-04-03T09:38:05","modified_gmt":"2026-04-03T09:38:05","slug":"anti-murs-humides","status":"publish","type":"product","link":"https:\/\/www.aquaplan.com\/fr\/produit\/anti-murs-humides\/","title":{"rendered":"Anti-Murs Humides"},"content":{"rendered":"<h3>Coating \u00e9tanche contre l\u2019humidit\u00e9<\/h3>\n<p>Un rev\u00eatement respectueux de l&rsquo;environnement, respirant et transparent qui forme une barri\u00e8re \u00e9tanche pour prot\u00e9ger vos murs int\u00e9rieurs contre l&rsquo;infiltration de l\u2019humidit\u00e9. Ensuite, vous pouvez finir vos murs int\u00e9rieurs de mani\u00e8re efficace et permanente en les peignant ou en les tapissant.<\/p>\n<ul>\n<li>Prot\u00e8ge votre mur int\u00e9rieur contre la pluie battante<\/li>\n<li>Une adh\u00e9rence parfaite aussi bien sur supports sec, que supports humide<\/li>\n<li>Efficace et permanent<\/li>\n<\/ul>\n","protected":false},"excerpt":{"rendered":"<p>Coating \u00e9tanche contre l\u2019humidit\u00e9 Un rev\u00eatement respectueux de l&rsquo;environnement, respirant et transparent qui forme une barri\u00e8re \u00e9tanche pour prot\u00e9ger vos&#8230;<\/p>\n","protected":false},"featured_media":0,"comment_status":"open","ping_status":"closed","template":"","meta":{"_acf_changed":false},"product_brand":[],"product_cat":[297],"product_tag":[],"class_list":{"0":"post-5663","1":"product","2":"type-product","3":"status-publish","5":"product_cat-humidite-penetrante","7":"first","8":"instock","9":"shipping-taxable","10":"purchasable","11":"product-type-variable"},"acf":[],"yoast_head":"<!-- This site is optimized with the Yoast SEO plugin v27.2 - https:\/\/yoast.com\/product\/yoast-seo-wordpress\/ -->\n<title>Anti-Murs Humides: rev\u00eatement \u00e9tanche pour murs int\u00e9rieurs | Aquaplan<\/title>\n<meta name=\"description\" content=\"Rev\u00eatement respectueux de l\u2019environnement, respirant &amp; transparent qui forme une barri\u00e8re \u00e9tanche pour prot\u00e9ger vos murs int\u00e9rieurs contre l\u2019humidit\u00e9.\" \/>\n<meta name=\"robots\" content=\"index, follow, max-snippet:-1, max-image-preview:large, max-video-preview:-1\" \/>\n<link rel=\"canonical\" href=\"https:\/\/www.aquaplan.com\/fr\/produit\/anti-murs-humides\/\" \/>\n<meta property=\"og:locale\" content=\"fr_FR\" \/>\n<meta property=\"og:type\" content=\"article\" \/>\n<meta property=\"og:title\" content=\"Anti-Murs Humides: rev\u00eatement \u00e9tanche pour murs int\u00e9rieurs | Aquaplan\" \/>\n<meta property=\"og:description\" content=\"Rev\u00eatement respectueux de l\u2019environnement, respirant &amp; transparent qui forme une barri\u00e8re \u00e9tanche pour prot\u00e9ger vos murs int\u00e9rieurs contre l\u2019humidit\u00e9.\" \/>\n<meta property=\"og:url\" content=\"https:\/\/www.aquaplan.com\/fr\/produit\/anti-murs-humides\/\" \/>\n<meta property=\"og:site_name\" content=\"Aquaplan\" \/>\n<meta property=\"article:modified_time\" content=\"2026-04-03T09:38:05+00:00\" \/>\n<meta name=\"twitter:card\" content=\"summary_large_image\" \/>\n<script type=\"application\/ld+json\" class=\"yoast-schema-graph\">{\"@context\":\"https:\/\/schema.org\",\"@graph\":[{\"@type\":\"WebPage\",\"@id\":\"https:\/\/www.aquaplan.com\/fr\/produit\/anti-murs-humides\/\",\"url\":\"https:\/\/www.aquaplan.com\/fr\/produit\/anti-murs-humides\/\",\"name\":\"Anti-Murs Humides: rev\u00eatement \u00e9tanche pour murs int\u00e9rieurs | Aquaplan\",\"isPartOf\":{\"@id\":\"https:\/\/www.aquaplan.com\/fr\/#website\"},\"datePublished\":\"2024-12-09T11:41:42+00:00\",\"dateModified\":\"2026-04-03T09:38:05+00:00\",\"description\":\"Rev\u00eatement respectueux de l\u2019environnement, respirant & transparent qui forme une barri\u00e8re \u00e9tanche pour prot\u00e9ger vos murs int\u00e9rieurs contre l\u2019humidit\u00e9.\",\"breadcrumb\":{\"@id\":\"https:\/\/www.aquaplan.com\/fr\/produit\/anti-murs-humides\/#breadcrumb\"},\"inLanguage\":\"fr-BE\",\"potentialAction\":[{\"@type\":\"ReadAction\",\"target\":[\"https:\/\/www.aquaplan.com\/fr\/produit\/anti-murs-humides\/\"]}]},{\"@type\":\"BreadcrumbList\",\"@id\":\"https:\/\/www.aquaplan.com\/fr\/produit\/anti-murs-humides\/#breadcrumb\",\"itemListElement\":[{\"@type\":\"ListItem\",\"position\":1,\"name\":\"Home\",\"item\":\"https:\/\/www.aquaplan.com\/fr\/\"},{\"@type\":\"ListItem\",\"position\":2,\"name\":\"Produits\",\"item\":\"https:\/\/www.aquaplan.com\/fr\/produits\/\"},{\"@type\":\"ListItem\",\"position\":3,\"name\":\"Anti-Murs Humides\"}]},{\"@type\":\"WebSite\",\"@id\":\"https:\/\/www.aquaplan.com\/fr\/#website\",\"url\":\"https:\/\/www.aquaplan.com\/fr\/\",\"name\":\"Aquaplan\",\"description\":\"Jouw expert in dakbedekking &amp; vochtbestrijding\",\"publisher\":{\"@id\":\"https:\/\/www.aquaplan.com\/fr\/#organization\"},\"potentialAction\":[{\"@type\":\"SearchAction\",\"target\":{\"@type\":\"EntryPoint\",\"urlTemplate\":\"https:\/\/www.aquaplan.com\/fr\/?s={search_term_string}\"},\"query-input\":{\"@type\":\"PropertyValueSpecification\",\"valueRequired\":true,\"valueName\":\"search_term_string\"}}],\"inLanguage\":\"fr-BE\"},{\"@type\":\"Organization\",\"@id\":\"https:\/\/www.aquaplan.com\/fr\/#organization\",\"name\":\"Aquaplan\",\"url\":\"https:\/\/www.aquaplan.com\/fr\/\",\"logo\":{\"@type\":\"ImageObject\",\"inLanguage\":\"fr-BE\",\"@id\":\"https:\/\/www.aquaplan.com\/fr\/#\/schema\/logo\/image\/\",\"url\":\"https:\/\/www.aquaplan.com\/wp-content\/uploads\/2024\/12\/aquaplan_emailheader.jpg\",\"contentUrl\":\"https:\/\/www.aquaplan.com\/wp-content\/uploads\/2024\/12\/aquaplan_emailheader.jpg\",\"width\":600,\"height\":150,\"caption\":\"Aquaplan\"},\"image\":{\"@id\":\"https:\/\/www.aquaplan.com\/fr\/#\/schema\/logo\/image\/\"}}]}<\/script>\n<!-- \/ Yoast SEO plugin. -->","yoast_head_json":{"title":"Anti-Murs Humides: rev\u00eatement \u00e9tanche pour murs int\u00e9rieurs | Aquaplan","description":"Rev\u00eatement respectueux de l\u2019environnement, respirant & transparent qui forme une barri\u00e8re \u00e9tanche pour prot\u00e9ger vos murs int\u00e9rieurs contre l\u2019humidit\u00e9.","robots":{"index":"index","follow":"follow","max-snippet":"max-snippet:-1","max-image-preview":"max-image-preview:large","max-video-preview":"max-video-preview:-1"},"canonical":"https:\/\/www.aquaplan.com\/fr\/produit\/anti-murs-humides\/","og_locale":"fr_FR","og_type":"article","og_title":"Anti-Murs Humides: rev\u00eatement \u00e9tanche pour murs int\u00e9rieurs | Aquaplan","og_description":"Rev\u00eatement respectueux de l\u2019environnement, respirant & transparent qui forme une barri\u00e8re \u00e9tanche pour prot\u00e9ger vos murs int\u00e9rieurs contre l\u2019humidit\u00e9.","og_url":"https:\/\/www.aquaplan.com\/fr\/produit\/anti-murs-humides\/","og_site_name":"Aquaplan","article_modified_time":"2026-04-03T09:38:05+00:00","twitter_card":"summary_large_image","schema":{"@context":"https:\/\/schema.org","@graph":[{"@type":"WebPage","@id":"https:\/\/www.aquaplan.com\/fr\/produit\/anti-murs-humides\/","url":"https:\/\/www.aquaplan.com\/fr\/produit\/anti-murs-humides\/","name":"Anti-Murs Humides: rev\u00eatement \u00e9tanche pour murs int\u00e9rieurs | Aquaplan","isPartOf":{"@id":"https:\/\/www.aquaplan.com\/fr\/#website"},"datePublished":"2024-12-09T11:41:42+00:00","dateModified":"2026-04-03T09:38:05+00:00","description":"Rev\u00eatement respectueux de l\u2019environnement, respirant & transparent qui forme une barri\u00e8re \u00e9tanche pour prot\u00e9ger vos murs int\u00e9rieurs contre l\u2019humidit\u00e9.","breadcrumb":{"@id":"https:\/\/www.aquaplan.com\/fr\/produit\/anti-murs-humides\/#breadcrumb"},"inLanguage":"fr-BE","potentialAction":[{"@type":"ReadAction","target":["https:\/\/www.aquaplan.com\/fr\/produit\/anti-murs-humides\/"]}]},{"@type":"BreadcrumbList","@id":"https:\/\/www.aquaplan.com\/fr\/produit\/anti-murs-humides\/#breadcrumb","itemListElement":[{"@type":"ListItem","position":1,"name":"Home","item":"https:\/\/www.aquaplan.com\/fr\/"},{"@type":"ListItem","position":2,"name":"Produits","item":"https:\/\/www.aquaplan.com\/fr\/produits\/"},{"@type":"ListItem","position":3,"name":"Anti-Murs Humides"}]},{"@type":"WebSite","@id":"https:\/\/www.aquaplan.com\/fr\/#website","url":"https:\/\/www.aquaplan.com\/fr\/","name":"Aquaplan","description":"Jouw expert in dakbedekking &amp; vochtbestrijding","publisher":{"@id":"https:\/\/www.aquaplan.com\/fr\/#organization"},"potentialAction":[{"@type":"SearchAction","target":{"@type":"EntryPoint","urlTemplate":"https:\/\/www.aquaplan.com\/fr\/?s={search_term_string}"},"query-input":{"@type":"PropertyValueSpecification","valueRequired":true,"valueName":"search_term_string"}}],"inLanguage":"fr-BE"},{"@type":"Organization","@id":"https:\/\/www.aquaplan.com\/fr\/#organization","name":"Aquaplan","url":"https:\/\/www.aquaplan.com\/fr\/","logo":{"@type":"ImageObject","inLanguage":"fr-BE","@id":"https:\/\/www.aquaplan.com\/fr\/#\/schema\/logo\/image\/","url":"https:\/\/www.aquaplan.com\/wp-content\/uploads\/2024\/12\/aquaplan_emailheader.jpg","contentUrl":"https:\/\/www.aquaplan.com\/wp-content\/uploads\/2024\/12\/aquaplan_emailheader.jpg","width":600,"height":150,"caption":"Aquaplan"},"image":{"@id":"https:\/\/www.aquaplan.com\/fr\/#\/schema\/logo\/image\/"}}]}},"_links":{"self":[{"href":"https:\/\/www.aquaplan.com\/fr\/wp-json\/wp\/v2\/product\/5663","targetHints":{"allow":["GET"]}}],"collection":[{"href":"https:\/\/www.aquaplan.com\/fr\/wp-json\/wp\/v2\/product"}],"about":[{"href":"https:\/\/www.aquaplan.com\/fr\/wp-json\/wp\/v2\/types\/product"}],"replies":[{"embeddable":true,"href":"https:\/\/www.aquaplan.com\/fr\/wp-json\/wp\/v2\/comments?post=5663"}],"wp:attachment":[{"href":"https:\/\/www.aquaplan.com\/fr\/wp-json\/wp\/v2\/media?parent=5663"}],"wp:term":[{"taxonomy":"product_brand","embeddable":true,"href":"https:\/\/www.aquaplan.com\/fr\/wp-json\/wp\/v2\/product_brand?post=5663"},{"taxonomy":"product_cat","embeddable":true,"href":"https:\/\/www.aquaplan.com\/fr\/wp-json\/wp\/v2\/product_cat?post=5663"},{"taxonomy":"product_tag","embeddable":true,"href":"https:\/\/www.aquaplan.com\/fr\/wp-json\/wp\/v2\/product_tag?post=5663"}],"curies":[{"name":"wp","href":"https:\/\/api.w.org\/{rel}","templated":true}]}}