{"id":5461,"date":"2024-12-09T11:41:21","date_gmt":"2024-12-09T11:41:21","guid":{"rendered":"https:\/\/www.aquaplan.com\/product\/roof-base-stick-dakrol\/"},"modified":"2026-04-02T11:51:38","modified_gmt":"2026-04-02T11:51:38","slug":"roof-base-stick-membrane","status":"publish","type":"product","link":"https:\/\/www.aquaplan.com\/fr\/produit\/roof-base-stick-membrane\/","title":{"rendered":"Roof Base Stick membrane"},"content":{"rendered":"<h3>Sous-couche autocollante<\/h3>\n<p>Un rouleau de toiture auto-adh\u00e9sif de haute qualit\u00e9 pour les toits l\u00e9g\u00e8rement inclin\u00e9s de 2\u00b0 minimum qui garantit une toiture \u00e9tanche. De ce fait, le rouleau de toiture auto-adh\u00e9sif est la mani\u00e8re la plus simple et la plus s\u00fbre de poser un rev\u00eatement de toiture. La couche inf\u00e9rieure est munie d\u2019un film protecteur \u00e0 retirer, ce qui rend l\u2019installation rapide et simple. Cette couche inf\u00e9rieure est constitu\u00e9e d\u2019\u00e9lastom\u00e8res et de bitume de haute qualit\u00e9 et poss\u00e8de une armature combin\u00e9e polyester-voile de verre. Ainsi, le rouleau ne risque pas de se d\u00e9chirer ou de r\u00e9tr\u00e9cir. Gr\u00e2ce \u00e0 la composition sp\u00e9ciale du bitume, cette sous-couche est de haute qualit\u00e9, \u00e9lastique et facile \u00e0 appliquer. Cette sous-couche est de plus pourvue d\u2019une finition sabl\u00e9e.<\/p>\n<ul>\n<li>Autocollant, ni coller \u00e0 froid, ni br\u00fbler<\/li>\n<li>Manipulation sans aucun risque: Pose rapide et simple<\/li>\n<li>Sous-couche fortement renforc\u00e9e<\/li>\n<\/ul>\n","protected":false},"excerpt":{"rendered":"<p>Sous-couche autocollante Un rouleau de toiture auto-adh\u00e9sif de haute qualit\u00e9 pour les toits l\u00e9g\u00e8rement inclin\u00e9s de 2\u00b0 minimum qui garantit&#8230;<\/p>\n","protected":false},"featured_media":0,"comment_status":"open","ping_status":"closed","template":"","meta":{"_acf_changed":false},"product_brand":[],"product_cat":[152],"product_tag":[],"class_list":{"0":"post-5461","1":"product","2":"type-product","3":"status-publish","5":"product_cat-sous-couche","7":"first","8":"instock","9":"shipping-taxable","10":"purchasable","11":"product-type-simple"},"acf":[],"yoast_head":"<!-- This site is optimized with the Yoast SEO plugin v27.3 - https:\/\/yoast.com\/product\/yoast-seo-wordpress\/ -->\n<title>Aquaplan Roof Base Stick - Couche de Base Auto-Adh\u00e9sive pour Toitures<\/title>\n<meta name=\"description\" content=\"Roof Base Stick est un rouleau de toiture autocollant de haute qualit\u00e9 pour les toits en pente douce de min. 2\u00b0 qui assure l&#039;\u00e9tanch\u00e9it\u00e9 de la toiture. D\u00e9couvrez ce produit.\" \/>\n<meta name=\"robots\" content=\"index, follow, max-snippet:-1, max-image-preview:large, max-video-preview:-1\" \/>\n<link rel=\"canonical\" href=\"https:\/\/www.aquaplan.com\/fr\/produit\/roof-base-stick-membrane\/\" \/>\n<meta property=\"og:locale\" content=\"fr_FR\" \/>\n<meta property=\"og:type\" content=\"article\" \/>\n<meta property=\"og:title\" content=\"Aquaplan Roof Base Stick - Couche de Base Auto-Adh\u00e9sive pour Toitures\" \/>\n<meta property=\"og:description\" content=\"Roof Base Stick est un rouleau de toiture autocollant de haute qualit\u00e9 pour les toits en pente douce de min. 2\u00b0 qui assure l&#039;\u00e9tanch\u00e9it\u00e9 de la toiture. D\u00e9couvrez ce produit.\" \/>\n<meta property=\"og:url\" content=\"https:\/\/www.aquaplan.com\/fr\/produit\/roof-base-stick-membrane\/\" \/>\n<meta property=\"og:site_name\" content=\"Aquaplan\" \/>\n<meta property=\"article:modified_time\" content=\"2026-04-02T11:51:38+00:00\" \/>\n<meta name=\"twitter:card\" content=\"summary_large_image\" \/>\n<meta name=\"twitter:label1\" content=\"Dur\u00e9e de lecture est.\" \/>\n\t<meta name=\"twitter:data1\" content=\"1 minute\" \/>\n<script type=\"application\/ld+json\" class=\"yoast-schema-graph\">{\"@context\":\"https:\\\/\\\/schema.org\",\"@graph\":[{\"@type\":\"WebPage\",\"@id\":\"https:\\\/\\\/www.aquaplan.com\\\/fr\\\/produit\\\/roof-base-stick-membrane\\\/\",\"url\":\"https:\\\/\\\/www.aquaplan.com\\\/fr\\\/produit\\\/roof-base-stick-membrane\\\/\",\"name\":\"Aquaplan Roof Base Stick - Couche de Base Auto-Adh\u00e9sive pour Toitures\",\"isPartOf\":{\"@id\":\"https:\\\/\\\/www.aquaplan.com\\\/fr\\\/#website\"},\"datePublished\":\"2024-12-09T11:41:21+00:00\",\"dateModified\":\"2026-04-02T11:51:38+00:00\",\"description\":\"Roof Base Stick est un rouleau de toiture autocollant de haute qualit\u00e9 pour les toits en pente douce de min. 2\u00b0 qui assure l'\u00e9tanch\u00e9it\u00e9 de la toiture. D\u00e9couvrez ce produit.\",\"breadcrumb\":{\"@id\":\"https:\\\/\\\/www.aquaplan.com\\\/fr\\\/produit\\\/roof-base-stick-membrane\\\/#breadcrumb\"},\"inLanguage\":\"fr-BE\",\"potentialAction\":[{\"@type\":\"ReadAction\",\"target\":[\"https:\\\/\\\/www.aquaplan.com\\\/fr\\\/produit\\\/roof-base-stick-membrane\\\/\"]}]},{\"@type\":\"BreadcrumbList\",\"@id\":\"https:\\\/\\\/www.aquaplan.com\\\/fr\\\/produit\\\/roof-base-stick-membrane\\\/#breadcrumb\",\"itemListElement\":[{\"@type\":\"ListItem\",\"position\":1,\"name\":\"Home\",\"item\":\"https:\\\/\\\/www.aquaplan.com\\\/fr\\\/\"},{\"@type\":\"ListItem\",\"position\":2,\"name\":\"Produits\",\"item\":\"https:\\\/\\\/www.aquaplan.com\\\/fr\\\/produits\\\/\"},{\"@type\":\"ListItem\",\"position\":3,\"name\":\"Roof Base Stick membrane\"}]},{\"@type\":\"WebSite\",\"@id\":\"https:\\\/\\\/www.aquaplan.com\\\/fr\\\/#website\",\"url\":\"https:\\\/\\\/www.aquaplan.com\\\/fr\\\/\",\"name\":\"Aquaplan\",\"description\":\"Jouw expert in dakbedekking &amp; vochtbestrijding\",\"publisher\":{\"@id\":\"https:\\\/\\\/www.aquaplan.com\\\/fr\\\/#organization\"},\"potentialAction\":[{\"@type\":\"SearchAction\",\"target\":{\"@type\":\"EntryPoint\",\"urlTemplate\":\"https:\\\/\\\/www.aquaplan.com\\\/fr\\\/?s={search_term_string}\"},\"query-input\":{\"@type\":\"PropertyValueSpecification\",\"valueRequired\":true,\"valueName\":\"search_term_string\"}}],\"inLanguage\":\"fr-BE\"},{\"@type\":\"Organization\",\"@id\":\"https:\\\/\\\/www.aquaplan.com\\\/fr\\\/#organization\",\"name\":\"Aquaplan\",\"url\":\"https:\\\/\\\/www.aquaplan.com\\\/fr\\\/\",\"logo\":{\"@type\":\"ImageObject\",\"inLanguage\":\"fr-BE\",\"@id\":\"https:\\\/\\\/www.aquaplan.com\\\/fr\\\/#\\\/schema\\\/logo\\\/image\\\/\",\"url\":\"https:\\\/\\\/www.aquaplan.com\\\/wp-content\\\/uploads\\\/2024\\\/12\\\/aquaplan_emailheader.jpg\",\"contentUrl\":\"https:\\\/\\\/www.aquaplan.com\\\/wp-content\\\/uploads\\\/2024\\\/12\\\/aquaplan_emailheader.jpg\",\"width\":600,\"height\":150,\"caption\":\"Aquaplan\"},\"image\":{\"@id\":\"https:\\\/\\\/www.aquaplan.com\\\/fr\\\/#\\\/schema\\\/logo\\\/image\\\/\"}}]}<\/script>\n<!-- \/ Yoast SEO plugin. -->","yoast_head_json":{"title":"Aquaplan Roof Base Stick - Couche de Base Auto-Adh\u00e9sive pour Toitures","description":"Roof Base Stick est un rouleau de toiture autocollant de haute qualit\u00e9 pour les toits en pente douce de min. 2\u00b0 qui assure l'\u00e9tanch\u00e9it\u00e9 de la toiture. D\u00e9couvrez ce produit.","robots":{"index":"index","follow":"follow","max-snippet":"max-snippet:-1","max-image-preview":"max-image-preview:large","max-video-preview":"max-video-preview:-1"},"canonical":"https:\/\/www.aquaplan.com\/fr\/produit\/roof-base-stick-membrane\/","og_locale":"fr_FR","og_type":"article","og_title":"Aquaplan Roof Base Stick - Couche de Base Auto-Adh\u00e9sive pour Toitures","og_description":"Roof Base Stick est un rouleau de toiture autocollant de haute qualit\u00e9 pour les toits en pente douce de min. 2\u00b0 qui assure l'\u00e9tanch\u00e9it\u00e9 de la toiture. D\u00e9couvrez ce produit.","og_url":"https:\/\/www.aquaplan.com\/fr\/produit\/roof-base-stick-membrane\/","og_site_name":"Aquaplan","article_modified_time":"2026-04-02T11:51:38+00:00","twitter_card":"summary_large_image","twitter_misc":{"Dur\u00e9e de lecture est.":"1 minute"},"schema":{"@context":"https:\/\/schema.org","@graph":[{"@type":"WebPage","@id":"https:\/\/www.aquaplan.com\/fr\/produit\/roof-base-stick-membrane\/","url":"https:\/\/www.aquaplan.com\/fr\/produit\/roof-base-stick-membrane\/","name":"Aquaplan Roof Base Stick - Couche de Base Auto-Adh\u00e9sive pour Toitures","isPartOf":{"@id":"https:\/\/www.aquaplan.com\/fr\/#website"},"datePublished":"2024-12-09T11:41:21+00:00","dateModified":"2026-04-02T11:51:38+00:00","description":"Roof Base Stick est un rouleau de toiture autocollant de haute qualit\u00e9 pour les toits en pente douce de min. 2\u00b0 qui assure l'\u00e9tanch\u00e9it\u00e9 de la toiture. D\u00e9couvrez ce produit.","breadcrumb":{"@id":"https:\/\/www.aquaplan.com\/fr\/produit\/roof-base-stick-membrane\/#breadcrumb"},"inLanguage":"fr-BE","potentialAction":[{"@type":"ReadAction","target":["https:\/\/www.aquaplan.com\/fr\/produit\/roof-base-stick-membrane\/"]}]},{"@type":"BreadcrumbList","@id":"https:\/\/www.aquaplan.com\/fr\/produit\/roof-base-stick-membrane\/#breadcrumb","itemListElement":[{"@type":"ListItem","position":1,"name":"Home","item":"https:\/\/www.aquaplan.com\/fr\/"},{"@type":"ListItem","position":2,"name":"Produits","item":"https:\/\/www.aquaplan.com\/fr\/produits\/"},{"@type":"ListItem","position":3,"name":"Roof Base Stick membrane"}]},{"@type":"WebSite","@id":"https:\/\/www.aquaplan.com\/fr\/#website","url":"https:\/\/www.aquaplan.com\/fr\/","name":"Aquaplan","description":"Jouw expert in dakbedekking &amp; vochtbestrijding","publisher":{"@id":"https:\/\/www.aquaplan.com\/fr\/#organization"},"potentialAction":[{"@type":"SearchAction","target":{"@type":"EntryPoint","urlTemplate":"https:\/\/www.aquaplan.com\/fr\/?s={search_term_string}"},"query-input":{"@type":"PropertyValueSpecification","valueRequired":true,"valueName":"search_term_string"}}],"inLanguage":"fr-BE"},{"@type":"Organization","@id":"https:\/\/www.aquaplan.com\/fr\/#organization","name":"Aquaplan","url":"https:\/\/www.aquaplan.com\/fr\/","logo":{"@type":"ImageObject","inLanguage":"fr-BE","@id":"https:\/\/www.aquaplan.com\/fr\/#\/schema\/logo\/image\/","url":"https:\/\/www.aquaplan.com\/wp-content\/uploads\/2024\/12\/aquaplan_emailheader.jpg","contentUrl":"https:\/\/www.aquaplan.com\/wp-content\/uploads\/2024\/12\/aquaplan_emailheader.jpg","width":600,"height":150,"caption":"Aquaplan"},"image":{"@id":"https:\/\/www.aquaplan.com\/fr\/#\/schema\/logo\/image\/"}}]}},"_links":{"self":[{"href":"https:\/\/www.aquaplan.com\/fr\/wp-json\/wp\/v2\/product\/5461","targetHints":{"allow":["GET"]}}],"collection":[{"href":"https:\/\/www.aquaplan.com\/fr\/wp-json\/wp\/v2\/product"}],"about":[{"href":"https:\/\/www.aquaplan.com\/fr\/wp-json\/wp\/v2\/types\/product"}],"replies":[{"embeddable":true,"href":"https:\/\/www.aquaplan.com\/fr\/wp-json\/wp\/v2\/comments?post=5461"}],"wp:attachment":[{"href":"https:\/\/www.aquaplan.com\/fr\/wp-json\/wp\/v2\/media?parent=5461"}],"wp:term":[{"taxonomy":"product_brand","embeddable":true,"href":"https:\/\/www.aquaplan.com\/fr\/wp-json\/wp\/v2\/product_brand?post=5461"},{"taxonomy":"product_cat","embeddable":true,"href":"https:\/\/www.aquaplan.com\/fr\/wp-json\/wp\/v2\/product_cat?post=5461"},{"taxonomy":"product_tag","embeddable":true,"href":"https:\/\/www.aquaplan.com\/fr\/wp-json\/wp\/v2\/product_tag?post=5461"}],"curies":[{"name":"wp","href":"https:\/\/api.w.org\/{rel}","templated":true}]}}