{"id":5412,"date":"2024-12-09T11:41:16","date_gmt":"2024-12-09T11:41:16","guid":{"rendered":"https:\/\/www.aquaplan.com\/product\/dak-detail\/"},"modified":"2026-04-02T11:49:43","modified_gmt":"2026-04-02T11:49:43","slug":"detail-toiture","status":"publish","type":"product","link":"https:\/\/www.aquaplan.com\/fr\/produit\/detail-toiture\/","title":{"rendered":"D\u00e9tail-Toiture"},"content":{"rendered":"<h3>Etanch\u00e9it\u00e9 liquide sans joint<\/h3>\n<p>Un produit monocomposant de haute \u00e9lasticit\u00e9 qui rend imm\u00e9diatement \u00e9tanche en une couche et sans joint tous les d\u00e9tails de toiture sensibles. Ce rev\u00eatement r\u00e9siste \u00e0 toutes les fluctuations de temp\u00e9rature gr\u00e2ce \u00e0 sa haute \u00e9lasticit\u00e9.<\/p>\n<ul>\n<li>Colmate sans probl\u00e8me tous les d\u00e9tails de toiture complexes<\/li>\n<li>Etanch\u00e9it\u00e9 sans joint<\/li>\n<li>Respectueux de l\u2019environnement et utilisation s\u00e9curisante<\/li>\n<\/ul>\n","protected":false},"excerpt":{"rendered":"<p>Etanch\u00e9it\u00e9 liquide sans joint Un produit monocomposant de haute \u00e9lasticit\u00e9 qui rend imm\u00e9diatement \u00e9tanche en une couche et sans joint&#8230;<\/p>\n","protected":false},"featured_media":0,"comment_status":"open","ping_status":"closed","template":"","meta":{"_acf_changed":false},"product_brand":[],"product_cat":[327],"product_tag":[],"class_list":{"0":"post-5412","1":"product","2":"type-product","3":"status-publish","5":"product_cat-reparations-de-toiture","7":"first","8":"instock","9":"shipping-taxable","10":"purchasable","11":"product-type-simple"},"acf":[],"yoast_head":"<!-- This site is optimized with the Yoast SEO plugin v27.4 - https:\/\/yoast.com\/product\/yoast-seo-wordpress\/ -->\n<title>D\u00e9tail-Toiture: produit qui rend imm\u00e9diatement \u00e9tanche | Aquaplan<\/title>\n<meta name=\"description\" content=\"Un produit monocomposant de haute \u00e9lasticit\u00e9 qui rend imm\u00e9diatement \u00e9tanche en une couche. Trouvez un point de vente dans votre r\u00e9gion!\" \/>\n<meta name=\"robots\" content=\"index, follow, max-snippet:-1, max-image-preview:large, max-video-preview:-1\" \/>\n<link rel=\"canonical\" href=\"https:\/\/www.aquaplan.com\/fr\/produit\/detail-toiture\/\" \/>\n<meta property=\"og:locale\" content=\"fr_FR\" \/>\n<meta property=\"og:type\" content=\"article\" \/>\n<meta property=\"og:title\" content=\"D\u00e9tail-Toiture: produit qui rend imm\u00e9diatement \u00e9tanche | Aquaplan\" \/>\n<meta property=\"og:description\" content=\"Un produit monocomposant de haute \u00e9lasticit\u00e9 qui rend imm\u00e9diatement \u00e9tanche en une couche. Trouvez un point de vente dans votre r\u00e9gion!\" \/>\n<meta property=\"og:url\" content=\"https:\/\/www.aquaplan.com\/fr\/produit\/detail-toiture\/\" \/>\n<meta property=\"og:site_name\" content=\"Aquaplan\" \/>\n<meta property=\"article:modified_time\" content=\"2026-04-02T11:49:43+00:00\" \/>\n<meta name=\"twitter:card\" content=\"summary_large_image\" \/>\n<script type=\"application\/ld+json\" class=\"yoast-schema-graph\">{\"@context\":\"https:\\\/\\\/schema.org\",\"@graph\":[{\"@type\":\"WebPage\",\"@id\":\"https:\\\/\\\/www.aquaplan.com\\\/fr\\\/produit\\\/detail-toiture\\\/\",\"url\":\"https:\\\/\\\/www.aquaplan.com\\\/fr\\\/produit\\\/detail-toiture\\\/\",\"name\":\"D\u00e9tail-Toiture: produit qui rend imm\u00e9diatement \u00e9tanche | Aquaplan\",\"isPartOf\":{\"@id\":\"https:\\\/\\\/www.aquaplan.com\\\/fr\\\/#website\"},\"datePublished\":\"2024-12-09T11:41:16+00:00\",\"dateModified\":\"2026-04-02T11:49:43+00:00\",\"description\":\"Un produit monocomposant de haute \u00e9lasticit\u00e9 qui rend imm\u00e9diatement \u00e9tanche en une couche. Trouvez un point de vente dans votre r\u00e9gion!\",\"breadcrumb\":{\"@id\":\"https:\\\/\\\/www.aquaplan.com\\\/fr\\\/produit\\\/detail-toiture\\\/#breadcrumb\"},\"inLanguage\":\"fr-BE\",\"potentialAction\":[{\"@type\":\"ReadAction\",\"target\":[\"https:\\\/\\\/www.aquaplan.com\\\/fr\\\/produit\\\/detail-toiture\\\/\"]}]},{\"@type\":\"BreadcrumbList\",\"@id\":\"https:\\\/\\\/www.aquaplan.com\\\/fr\\\/produit\\\/detail-toiture\\\/#breadcrumb\",\"itemListElement\":[{\"@type\":\"ListItem\",\"position\":1,\"name\":\"Home\",\"item\":\"https:\\\/\\\/www.aquaplan.com\\\/fr\\\/\"},{\"@type\":\"ListItem\",\"position\":2,\"name\":\"Produits\",\"item\":\"https:\\\/\\\/www.aquaplan.com\\\/fr\\\/produits\\\/\"},{\"@type\":\"ListItem\",\"position\":3,\"name\":\"D\u00e9tail-Toiture\"}]},{\"@type\":\"WebSite\",\"@id\":\"https:\\\/\\\/www.aquaplan.com\\\/fr\\\/#website\",\"url\":\"https:\\\/\\\/www.aquaplan.com\\\/fr\\\/\",\"name\":\"Aquaplan\",\"description\":\"Jouw expert in dakbedekking &amp; vochtbestrijding\",\"publisher\":{\"@id\":\"https:\\\/\\\/www.aquaplan.com\\\/fr\\\/#organization\"},\"potentialAction\":[{\"@type\":\"SearchAction\",\"target\":{\"@type\":\"EntryPoint\",\"urlTemplate\":\"https:\\\/\\\/www.aquaplan.com\\\/fr\\\/?s={search_term_string}\"},\"query-input\":{\"@type\":\"PropertyValueSpecification\",\"valueRequired\":true,\"valueName\":\"search_term_string\"}}],\"inLanguage\":\"fr-BE\"},{\"@type\":\"Organization\",\"@id\":\"https:\\\/\\\/www.aquaplan.com\\\/fr\\\/#organization\",\"name\":\"Aquaplan\",\"url\":\"https:\\\/\\\/www.aquaplan.com\\\/fr\\\/\",\"logo\":{\"@type\":\"ImageObject\",\"inLanguage\":\"fr-BE\",\"@id\":\"https:\\\/\\\/www.aquaplan.com\\\/fr\\\/#\\\/schema\\\/logo\\\/image\\\/\",\"url\":\"https:\\\/\\\/www.aquaplan.com\\\/wp-content\\\/uploads\\\/2024\\\/12\\\/aquaplan_emailheader.jpg\",\"contentUrl\":\"https:\\\/\\\/www.aquaplan.com\\\/wp-content\\\/uploads\\\/2024\\\/12\\\/aquaplan_emailheader.jpg\",\"width\":600,\"height\":150,\"caption\":\"Aquaplan\"},\"image\":{\"@id\":\"https:\\\/\\\/www.aquaplan.com\\\/fr\\\/#\\\/schema\\\/logo\\\/image\\\/\"}}]}<\/script>\n<!-- \/ Yoast SEO plugin. -->","yoast_head_json":{"title":"D\u00e9tail-Toiture: produit qui rend imm\u00e9diatement \u00e9tanche | Aquaplan","description":"Un produit monocomposant de haute \u00e9lasticit\u00e9 qui rend imm\u00e9diatement \u00e9tanche en une couche. Trouvez un point de vente dans votre r\u00e9gion!","robots":{"index":"index","follow":"follow","max-snippet":"max-snippet:-1","max-image-preview":"max-image-preview:large","max-video-preview":"max-video-preview:-1"},"canonical":"https:\/\/www.aquaplan.com\/fr\/produit\/detail-toiture\/","og_locale":"fr_FR","og_type":"article","og_title":"D\u00e9tail-Toiture: produit qui rend imm\u00e9diatement \u00e9tanche | Aquaplan","og_description":"Un produit monocomposant de haute \u00e9lasticit\u00e9 qui rend imm\u00e9diatement \u00e9tanche en une couche. Trouvez un point de vente dans votre r\u00e9gion!","og_url":"https:\/\/www.aquaplan.com\/fr\/produit\/detail-toiture\/","og_site_name":"Aquaplan","article_modified_time":"2026-04-02T11:49:43+00:00","twitter_card":"summary_large_image","schema":{"@context":"https:\/\/schema.org","@graph":[{"@type":"WebPage","@id":"https:\/\/www.aquaplan.com\/fr\/produit\/detail-toiture\/","url":"https:\/\/www.aquaplan.com\/fr\/produit\/detail-toiture\/","name":"D\u00e9tail-Toiture: produit qui rend imm\u00e9diatement \u00e9tanche | Aquaplan","isPartOf":{"@id":"https:\/\/www.aquaplan.com\/fr\/#website"},"datePublished":"2024-12-09T11:41:16+00:00","dateModified":"2026-04-02T11:49:43+00:00","description":"Un produit monocomposant de haute \u00e9lasticit\u00e9 qui rend imm\u00e9diatement \u00e9tanche en une couche. Trouvez un point de vente dans votre r\u00e9gion!","breadcrumb":{"@id":"https:\/\/www.aquaplan.com\/fr\/produit\/detail-toiture\/#breadcrumb"},"inLanguage":"fr-BE","potentialAction":[{"@type":"ReadAction","target":["https:\/\/www.aquaplan.com\/fr\/produit\/detail-toiture\/"]}]},{"@type":"BreadcrumbList","@id":"https:\/\/www.aquaplan.com\/fr\/produit\/detail-toiture\/#breadcrumb","itemListElement":[{"@type":"ListItem","position":1,"name":"Home","item":"https:\/\/www.aquaplan.com\/fr\/"},{"@type":"ListItem","position":2,"name":"Produits","item":"https:\/\/www.aquaplan.com\/fr\/produits\/"},{"@type":"ListItem","position":3,"name":"D\u00e9tail-Toiture"}]},{"@type":"WebSite","@id":"https:\/\/www.aquaplan.com\/fr\/#website","url":"https:\/\/www.aquaplan.com\/fr\/","name":"Aquaplan","description":"Jouw expert in dakbedekking &amp; vochtbestrijding","publisher":{"@id":"https:\/\/www.aquaplan.com\/fr\/#organization"},"potentialAction":[{"@type":"SearchAction","target":{"@type":"EntryPoint","urlTemplate":"https:\/\/www.aquaplan.com\/fr\/?s={search_term_string}"},"query-input":{"@type":"PropertyValueSpecification","valueRequired":true,"valueName":"search_term_string"}}],"inLanguage":"fr-BE"},{"@type":"Organization","@id":"https:\/\/www.aquaplan.com\/fr\/#organization","name":"Aquaplan","url":"https:\/\/www.aquaplan.com\/fr\/","logo":{"@type":"ImageObject","inLanguage":"fr-BE","@id":"https:\/\/www.aquaplan.com\/fr\/#\/schema\/logo\/image\/","url":"https:\/\/www.aquaplan.com\/wp-content\/uploads\/2024\/12\/aquaplan_emailheader.jpg","contentUrl":"https:\/\/www.aquaplan.com\/wp-content\/uploads\/2024\/12\/aquaplan_emailheader.jpg","width":600,"height":150,"caption":"Aquaplan"},"image":{"@id":"https:\/\/www.aquaplan.com\/fr\/#\/schema\/logo\/image\/"}}]}},"_links":{"self":[{"href":"https:\/\/www.aquaplan.com\/fr\/wp-json\/wp\/v2\/product\/5412","targetHints":{"allow":["GET"]}}],"collection":[{"href":"https:\/\/www.aquaplan.com\/fr\/wp-json\/wp\/v2\/product"}],"about":[{"href":"https:\/\/www.aquaplan.com\/fr\/wp-json\/wp\/v2\/types\/product"}],"replies":[{"embeddable":true,"href":"https:\/\/www.aquaplan.com\/fr\/wp-json\/wp\/v2\/comments?post=5412"}],"wp:attachment":[{"href":"https:\/\/www.aquaplan.com\/fr\/wp-json\/wp\/v2\/media?parent=5412"}],"wp:term":[{"taxonomy":"product_brand","embeddable":true,"href":"https:\/\/www.aquaplan.com\/fr\/wp-json\/wp\/v2\/product_brand?post=5412"},{"taxonomy":"product_cat","embeddable":true,"href":"https:\/\/www.aquaplan.com\/fr\/wp-json\/wp\/v2\/product_cat?post=5412"},{"taxonomy":"product_tag","embeddable":true,"href":"https:\/\/www.aquaplan.com\/fr\/wp-json\/wp\/v2\/product_tag?post=5412"}],"curies":[{"name":"wp","href":"https:\/\/api.w.org\/{rel}","templated":true}]}}