{"id":5299,"date":"2024-12-09T11:41:06","date_gmt":"2024-12-09T11:41:06","guid":{"rendered":"https:\/\/www.aquaplan.com\/product\/easy-band\/"},"modified":"2026-04-02T11:45:59","modified_gmt":"2026-04-02T11:45:59","slug":"easy-band","status":"publish","type":"product","link":"https:\/\/www.aquaplan.com\/fr\/produit\/easy-band\/","title":{"rendered":"Easy-Band"},"content":{"rendered":"<h3>Bande souple en bitume pour petites r\u00e9parations au toit ou comme couche imperm\u00e9abilisante dans les murs.<\/h3>\n<p>Cette bande de finition souple est appropri\u00e9e pour la finition de rives de toiture, de relev\u00e9s, de chemin\u00e9es, de goutti\u00e8res, de rives pour les travers\u00e9es de toiture, etc. Il est possible d&rsquo;utiliser \u00e9galement l&rsquo;Easy-Band comme couche imperm\u00e9abilisante contre l&rsquo;humidit\u00e9 ascensionnelle dans les murs.<\/p>\n<ul>\n<li>Fabriqu\u00e9 au moyen de bitumes de haute qualit\u00e9<\/li>\n<li>Souple et facile \u00e0 appliquer<\/li>\n<li>Facile \u00e0 coller avec adh\u00e9sif de rouleau de toit<\/li>\n<\/ul>\n","protected":false},"excerpt":{"rendered":"<p>Bande souple en bitume pour petites r\u00e9parations au toit ou comme couche imperm\u00e9abilisante dans les murs. Cette bande de finition&#8230;<\/p>\n","protected":false},"featured_media":0,"comment_status":"open","ping_status":"closed","template":"","meta":{"_acf_changed":false},"product_brand":[],"product_cat":[162],"product_tag":[],"class_list":{"0":"post-5299","1":"product","2":"type-product","3":"status-publish","5":"product_cat-accessoires-rouleaux-de-toiture","7":"first","8":"instock","9":"shipping-taxable","10":"purchasable","11":"product-type-variable"},"acf":[],"yoast_head":"<!-- This site is optimized with the Yoast SEO plugin v27.4 - https:\/\/yoast.com\/product\/yoast-seo-wordpress\/ -->\n<title>Easy-Band est id\u00e9al pour les r\u00e9parations mineures de votre toiture | Aquaplan<\/title>\n<meta name=\"description\" content=\"Easy-Band est une bande bitumineuse flexible pour les petites r\u00e9parations de votre toit ou comme couche d&#039;\u00e9tanch\u00e9it\u00e9 dans les murs. Trouvez un point de vente pr\u00e8s de chez vous !\" \/>\n<meta name=\"robots\" content=\"index, follow, max-snippet:-1, max-image-preview:large, max-video-preview:-1\" \/>\n<link rel=\"canonical\" href=\"https:\/\/www.aquaplan.com\/fr\/produit\/easy-band\/\" \/>\n<meta property=\"og:locale\" content=\"fr_FR\" \/>\n<meta property=\"og:type\" content=\"article\" \/>\n<meta property=\"og:title\" content=\"Easy-Band est id\u00e9al pour les r\u00e9parations mineures de votre toiture | Aquaplan\" \/>\n<meta property=\"og:description\" content=\"Easy-Band est une bande bitumineuse flexible pour les petites r\u00e9parations de votre toit ou comme couche d&#039;\u00e9tanch\u00e9it\u00e9 dans les murs. Trouvez un point de vente pr\u00e8s de chez vous !\" \/>\n<meta property=\"og:url\" content=\"https:\/\/www.aquaplan.com\/fr\/produit\/easy-band\/\" \/>\n<meta property=\"og:site_name\" content=\"Aquaplan\" \/>\n<meta property=\"article:modified_time\" content=\"2026-04-02T11:45:59+00:00\" \/>\n<meta name=\"twitter:card\" content=\"summary_large_image\" \/>\n<script type=\"application\/ld+json\" class=\"yoast-schema-graph\">{\"@context\":\"https:\\\/\\\/schema.org\",\"@graph\":[{\"@type\":\"WebPage\",\"@id\":\"https:\\\/\\\/www.aquaplan.com\\\/fr\\\/produit\\\/easy-band\\\/\",\"url\":\"https:\\\/\\\/www.aquaplan.com\\\/fr\\\/produit\\\/easy-band\\\/\",\"name\":\"Easy-Band est id\u00e9al pour les r\u00e9parations mineures de votre toiture | Aquaplan\",\"isPartOf\":{\"@id\":\"https:\\\/\\\/www.aquaplan.com\\\/fr\\\/#website\"},\"datePublished\":\"2024-12-09T11:41:06+00:00\",\"dateModified\":\"2026-04-02T11:45:59+00:00\",\"description\":\"Easy-Band est une bande bitumineuse flexible pour les petites r\u00e9parations de votre toit ou comme couche d'\u00e9tanch\u00e9it\u00e9 dans les murs. Trouvez un point de vente pr\u00e8s de chez vous !\",\"breadcrumb\":{\"@id\":\"https:\\\/\\\/www.aquaplan.com\\\/fr\\\/produit\\\/easy-band\\\/#breadcrumb\"},\"inLanguage\":\"fr-BE\",\"potentialAction\":[{\"@type\":\"ReadAction\",\"target\":[\"https:\\\/\\\/www.aquaplan.com\\\/fr\\\/produit\\\/easy-band\\\/\"]}]},{\"@type\":\"BreadcrumbList\",\"@id\":\"https:\\\/\\\/www.aquaplan.com\\\/fr\\\/produit\\\/easy-band\\\/#breadcrumb\",\"itemListElement\":[{\"@type\":\"ListItem\",\"position\":1,\"name\":\"Home\",\"item\":\"https:\\\/\\\/www.aquaplan.com\\\/fr\\\/\"},{\"@type\":\"ListItem\",\"position\":2,\"name\":\"Produits\",\"item\":\"https:\\\/\\\/www.aquaplan.com\\\/fr\\\/produits\\\/\"},{\"@type\":\"ListItem\",\"position\":3,\"name\":\"Easy-Band\"}]},{\"@type\":\"WebSite\",\"@id\":\"https:\\\/\\\/www.aquaplan.com\\\/fr\\\/#website\",\"url\":\"https:\\\/\\\/www.aquaplan.com\\\/fr\\\/\",\"name\":\"Aquaplan\",\"description\":\"Jouw expert in dakbedekking &amp; vochtbestrijding\",\"publisher\":{\"@id\":\"https:\\\/\\\/www.aquaplan.com\\\/fr\\\/#organization\"},\"potentialAction\":[{\"@type\":\"SearchAction\",\"target\":{\"@type\":\"EntryPoint\",\"urlTemplate\":\"https:\\\/\\\/www.aquaplan.com\\\/fr\\\/?s={search_term_string}\"},\"query-input\":{\"@type\":\"PropertyValueSpecification\",\"valueRequired\":true,\"valueName\":\"search_term_string\"}}],\"inLanguage\":\"fr-BE\"},{\"@type\":\"Organization\",\"@id\":\"https:\\\/\\\/www.aquaplan.com\\\/fr\\\/#organization\",\"name\":\"Aquaplan\",\"url\":\"https:\\\/\\\/www.aquaplan.com\\\/fr\\\/\",\"logo\":{\"@type\":\"ImageObject\",\"inLanguage\":\"fr-BE\",\"@id\":\"https:\\\/\\\/www.aquaplan.com\\\/fr\\\/#\\\/schema\\\/logo\\\/image\\\/\",\"url\":\"https:\\\/\\\/www.aquaplan.com\\\/wp-content\\\/uploads\\\/2024\\\/12\\\/aquaplan_emailheader.jpg\",\"contentUrl\":\"https:\\\/\\\/www.aquaplan.com\\\/wp-content\\\/uploads\\\/2024\\\/12\\\/aquaplan_emailheader.jpg\",\"width\":600,\"height\":150,\"caption\":\"Aquaplan\"},\"image\":{\"@id\":\"https:\\\/\\\/www.aquaplan.com\\\/fr\\\/#\\\/schema\\\/logo\\\/image\\\/\"}}]}<\/script>\n<!-- \/ Yoast SEO plugin. -->","yoast_head_json":{"title":"Easy-Band est id\u00e9al pour les r\u00e9parations mineures de votre toiture | Aquaplan","description":"Easy-Band est une bande bitumineuse flexible pour les petites r\u00e9parations de votre toit ou comme couche d'\u00e9tanch\u00e9it\u00e9 dans les murs. Trouvez un point de vente pr\u00e8s de chez vous !","robots":{"index":"index","follow":"follow","max-snippet":"max-snippet:-1","max-image-preview":"max-image-preview:large","max-video-preview":"max-video-preview:-1"},"canonical":"https:\/\/www.aquaplan.com\/fr\/produit\/easy-band\/","og_locale":"fr_FR","og_type":"article","og_title":"Easy-Band est id\u00e9al pour les r\u00e9parations mineures de votre toiture | Aquaplan","og_description":"Easy-Band est une bande bitumineuse flexible pour les petites r\u00e9parations de votre toit ou comme couche d'\u00e9tanch\u00e9it\u00e9 dans les murs. Trouvez un point de vente pr\u00e8s de chez vous !","og_url":"https:\/\/www.aquaplan.com\/fr\/produit\/easy-band\/","og_site_name":"Aquaplan","article_modified_time":"2026-04-02T11:45:59+00:00","twitter_card":"summary_large_image","schema":{"@context":"https:\/\/schema.org","@graph":[{"@type":"WebPage","@id":"https:\/\/www.aquaplan.com\/fr\/produit\/easy-band\/","url":"https:\/\/www.aquaplan.com\/fr\/produit\/easy-band\/","name":"Easy-Band est id\u00e9al pour les r\u00e9parations mineures de votre toiture | Aquaplan","isPartOf":{"@id":"https:\/\/www.aquaplan.com\/fr\/#website"},"datePublished":"2024-12-09T11:41:06+00:00","dateModified":"2026-04-02T11:45:59+00:00","description":"Easy-Band est une bande bitumineuse flexible pour les petites r\u00e9parations de votre toit ou comme couche d'\u00e9tanch\u00e9it\u00e9 dans les murs. Trouvez un point de vente pr\u00e8s de chez vous !","breadcrumb":{"@id":"https:\/\/www.aquaplan.com\/fr\/produit\/easy-band\/#breadcrumb"},"inLanguage":"fr-BE","potentialAction":[{"@type":"ReadAction","target":["https:\/\/www.aquaplan.com\/fr\/produit\/easy-band\/"]}]},{"@type":"BreadcrumbList","@id":"https:\/\/www.aquaplan.com\/fr\/produit\/easy-band\/#breadcrumb","itemListElement":[{"@type":"ListItem","position":1,"name":"Home","item":"https:\/\/www.aquaplan.com\/fr\/"},{"@type":"ListItem","position":2,"name":"Produits","item":"https:\/\/www.aquaplan.com\/fr\/produits\/"},{"@type":"ListItem","position":3,"name":"Easy-Band"}]},{"@type":"WebSite","@id":"https:\/\/www.aquaplan.com\/fr\/#website","url":"https:\/\/www.aquaplan.com\/fr\/","name":"Aquaplan","description":"Jouw expert in dakbedekking &amp; vochtbestrijding","publisher":{"@id":"https:\/\/www.aquaplan.com\/fr\/#organization"},"potentialAction":[{"@type":"SearchAction","target":{"@type":"EntryPoint","urlTemplate":"https:\/\/www.aquaplan.com\/fr\/?s={search_term_string}"},"query-input":{"@type":"PropertyValueSpecification","valueRequired":true,"valueName":"search_term_string"}}],"inLanguage":"fr-BE"},{"@type":"Organization","@id":"https:\/\/www.aquaplan.com\/fr\/#organization","name":"Aquaplan","url":"https:\/\/www.aquaplan.com\/fr\/","logo":{"@type":"ImageObject","inLanguage":"fr-BE","@id":"https:\/\/www.aquaplan.com\/fr\/#\/schema\/logo\/image\/","url":"https:\/\/www.aquaplan.com\/wp-content\/uploads\/2024\/12\/aquaplan_emailheader.jpg","contentUrl":"https:\/\/www.aquaplan.com\/wp-content\/uploads\/2024\/12\/aquaplan_emailheader.jpg","width":600,"height":150,"caption":"Aquaplan"},"image":{"@id":"https:\/\/www.aquaplan.com\/fr\/#\/schema\/logo\/image\/"}}]}},"_links":{"self":[{"href":"https:\/\/www.aquaplan.com\/fr\/wp-json\/wp\/v2\/product\/5299","targetHints":{"allow":["GET"]}}],"collection":[{"href":"https:\/\/www.aquaplan.com\/fr\/wp-json\/wp\/v2\/product"}],"about":[{"href":"https:\/\/www.aquaplan.com\/fr\/wp-json\/wp\/v2\/types\/product"}],"replies":[{"embeddable":true,"href":"https:\/\/www.aquaplan.com\/fr\/wp-json\/wp\/v2\/comments?post=5299"}],"wp:attachment":[{"href":"https:\/\/www.aquaplan.com\/fr\/wp-json\/wp\/v2\/media?parent=5299"}],"wp:term":[{"taxonomy":"product_brand","embeddable":true,"href":"https:\/\/www.aquaplan.com\/fr\/wp-json\/wp\/v2\/product_brand?post=5299"},{"taxonomy":"product_cat","embeddable":true,"href":"https:\/\/www.aquaplan.com\/fr\/wp-json\/wp\/v2\/product_cat?post=5299"},{"taxonomy":"product_tag","embeddable":true,"href":"https:\/\/www.aquaplan.com\/fr\/wp-json\/wp\/v2\/product_tag?post=5299"}],"curies":[{"name":"wp","href":"https:\/\/api.w.org\/{rel}","templated":true}]}}