{"id":20496,"date":"2026-03-24T03:08:12","date_gmt":"2026-03-24T03:08:12","guid":{"rendered":"https:\/\/www.aquaplan.com\/product\/roof-coat-polyester-fleece\/"},"modified":"2026-03-25T09:57:41","modified_gmt":"2026-03-25T09:57:41","slug":"roof-coat-polyester-fleece","status":"publish","type":"product","link":"https:\/\/www.aquaplan.com\/fr\/produit\/roof-coat-polyester-fleece\/","title":{"rendered":"Roof Coat Polyester Fleece"},"content":{"rendered":"<h3>Voile en polyester pour \u00e9tanch\u00e9it\u00e9 liquide<\/h3>\n<p>Le ROOF COAT POLYESTER FLEECE assure une adh\u00e9rence optimale entre le support et la ROOF COAT LIQUID MEMBRANE au niveau des relev\u00e9s, des angles et des travers\u00e9es. Cela cr\u00e9e une surface sans joints r\u00e9sistante aux fi ssures. Gr\u00e2ce \u00e0 ses perforations, le voile poss\u00e8de une structure ouverte permettant \u00e0 la membrane liquide de s\u2019impr\u00e9gner compl\u00e8tement. Le r\u00e9sultat : une membrane homog\u00e8ne et fi able, r\u00e9sistante aux conditions climatiques extr\u00eames, aux rayons UV et aux mouvements thermiques. Qu\u2019il s\u2019agisse de d\u00e9tails complexes de toiture ou de passages de conduits, le voile polyester est facile \u00e0 appliquer et s\u2019adapte sans effort \u00e0 toutes les formes.<\/p>\n<ul>\n<li>Perfor\u00e9<\/li>\n<li>Pontage des fissures<\/li>\n<li>Renforce le rev\u00eatement<\/li>\n<\/ul>\n","protected":false},"excerpt":{"rendered":"<p>Voile en polyester pour \u00e9tanch\u00e9it\u00e9 liquide Le ROOF COAT POLYESTER FLEECE assure une adh\u00e9rence optimale entre le support et la&#8230;<\/p>\n","protected":false},"featured_media":0,"comment_status":"open","ping_status":"closed","template":"","meta":{"_acf_changed":false},"product_brand":[],"product_cat":[391],"product_tag":[],"class_list":{"0":"post-20496","1":"product","2":"type-product","3":"status-publish","5":"product_cat-revetement-de-toiture","7":"first","8":"instock","9":"shipping-taxable","10":"purchasable","11":"product-type-simple"},"acf":[],"yoast_head":"<!-- This site is optimized with the Yoast SEO plugin v27.4 - https:\/\/yoast.com\/product\/yoast-seo-wordpress\/ -->\n<title>Roof Coat Polyester Fleece | Voile polyester pour \u00e9tanch\u00e9it\u00e9 liquide<\/title>\n<meta name=\"description\" content=\"Voile polyester perfor\u00e9 pour une adh\u00e9rence optimale et une \u00e9tanch\u00e9it\u00e9 sans fissures avec membranes liquides. Id\u00e9al pour angles et relev\u00e9s.\" \/>\n<meta name=\"robots\" content=\"index, follow, max-snippet:-1, max-image-preview:large, max-video-preview:-1\" \/>\n<link rel=\"canonical\" href=\"https:\/\/www.aquaplan.com\/fr\/produit\/roof-coat-polyester-fleece\/\" \/>\n<meta property=\"og:locale\" content=\"fr_FR\" \/>\n<meta property=\"og:type\" content=\"article\" \/>\n<meta property=\"og:title\" content=\"Roof Coat Polyester Fleece | Voile polyester pour \u00e9tanch\u00e9it\u00e9 liquide\" \/>\n<meta property=\"og:description\" content=\"Voile polyester perfor\u00e9 pour une adh\u00e9rence optimale et une \u00e9tanch\u00e9it\u00e9 sans fissures avec membranes liquides. Id\u00e9al pour angles et relev\u00e9s.\" \/>\n<meta property=\"og:url\" content=\"https:\/\/www.aquaplan.com\/fr\/produit\/roof-coat-polyester-fleece\/\" \/>\n<meta property=\"og:site_name\" content=\"Aquaplan\" \/>\n<meta property=\"article:modified_time\" content=\"2026-03-25T09:57:41+00:00\" \/>\n<meta name=\"twitter:card\" content=\"summary_large_image\" \/>\n<meta name=\"twitter:label1\" content=\"Dur\u00e9e de lecture est.\" \/>\n\t<meta name=\"twitter:data1\" content=\"1 minute\" \/>\n<script type=\"application\/ld+json\" class=\"yoast-schema-graph\">{\"@context\":\"https:\\\/\\\/schema.org\",\"@graph\":[{\"@type\":\"WebPage\",\"@id\":\"https:\\\/\\\/www.aquaplan.com\\\/fr\\\/produit\\\/roof-coat-polyester-fleece\\\/\",\"url\":\"https:\\\/\\\/www.aquaplan.com\\\/fr\\\/produit\\\/roof-coat-polyester-fleece\\\/\",\"name\":\"Roof Coat Polyester Fleece | Voile polyester pour \u00e9tanch\u00e9it\u00e9 liquide\",\"isPartOf\":{\"@id\":\"https:\\\/\\\/www.aquaplan.com\\\/fr\\\/#website\"},\"datePublished\":\"2026-03-24T03:08:12+00:00\",\"dateModified\":\"2026-03-25T09:57:41+00:00\",\"description\":\"Voile polyester perfor\u00e9 pour une adh\u00e9rence optimale et une \u00e9tanch\u00e9it\u00e9 sans fissures avec membranes liquides. Id\u00e9al pour angles et relev\u00e9s.\",\"breadcrumb\":{\"@id\":\"https:\\\/\\\/www.aquaplan.com\\\/fr\\\/produit\\\/roof-coat-polyester-fleece\\\/#breadcrumb\"},\"inLanguage\":\"fr-BE\",\"potentialAction\":[{\"@type\":\"ReadAction\",\"target\":[\"https:\\\/\\\/www.aquaplan.com\\\/fr\\\/produit\\\/roof-coat-polyester-fleece\\\/\"]}]},{\"@type\":\"BreadcrumbList\",\"@id\":\"https:\\\/\\\/www.aquaplan.com\\\/fr\\\/produit\\\/roof-coat-polyester-fleece\\\/#breadcrumb\",\"itemListElement\":[{\"@type\":\"ListItem\",\"position\":1,\"name\":\"Home\",\"item\":\"https:\\\/\\\/www.aquaplan.com\\\/fr\\\/\"},{\"@type\":\"ListItem\",\"position\":2,\"name\":\"Produits\",\"item\":\"https:\\\/\\\/www.aquaplan.com\\\/fr\\\/produits\\\/\"},{\"@type\":\"ListItem\",\"position\":3,\"name\":\"Roof Coat Polyester Fleece\"}]},{\"@type\":\"WebSite\",\"@id\":\"https:\\\/\\\/www.aquaplan.com\\\/fr\\\/#website\",\"url\":\"https:\\\/\\\/www.aquaplan.com\\\/fr\\\/\",\"name\":\"Aquaplan\",\"description\":\"Jouw expert in dakbedekking &amp; vochtbestrijding\",\"publisher\":{\"@id\":\"https:\\\/\\\/www.aquaplan.com\\\/fr\\\/#organization\"},\"potentialAction\":[{\"@type\":\"SearchAction\",\"target\":{\"@type\":\"EntryPoint\",\"urlTemplate\":\"https:\\\/\\\/www.aquaplan.com\\\/fr\\\/?s={search_term_string}\"},\"query-input\":{\"@type\":\"PropertyValueSpecification\",\"valueRequired\":true,\"valueName\":\"search_term_string\"}}],\"inLanguage\":\"fr-BE\"},{\"@type\":\"Organization\",\"@id\":\"https:\\\/\\\/www.aquaplan.com\\\/fr\\\/#organization\",\"name\":\"Aquaplan\",\"url\":\"https:\\\/\\\/www.aquaplan.com\\\/fr\\\/\",\"logo\":{\"@type\":\"ImageObject\",\"inLanguage\":\"fr-BE\",\"@id\":\"https:\\\/\\\/www.aquaplan.com\\\/fr\\\/#\\\/schema\\\/logo\\\/image\\\/\",\"url\":\"https:\\\/\\\/www.aquaplan.com\\\/wp-content\\\/uploads\\\/2024\\\/12\\\/aquaplan_emailheader.jpg\",\"contentUrl\":\"https:\\\/\\\/www.aquaplan.com\\\/wp-content\\\/uploads\\\/2024\\\/12\\\/aquaplan_emailheader.jpg\",\"width\":600,\"height\":150,\"caption\":\"Aquaplan\"},\"image\":{\"@id\":\"https:\\\/\\\/www.aquaplan.com\\\/fr\\\/#\\\/schema\\\/logo\\\/image\\\/\"}}]}<\/script>\n<!-- \/ Yoast SEO plugin. -->","yoast_head_json":{"title":"Roof Coat Polyester Fleece | Voile polyester pour \u00e9tanch\u00e9it\u00e9 liquide","description":"Voile polyester perfor\u00e9 pour une adh\u00e9rence optimale et une \u00e9tanch\u00e9it\u00e9 sans fissures avec membranes liquides. Id\u00e9al pour angles et relev\u00e9s.","robots":{"index":"index","follow":"follow","max-snippet":"max-snippet:-1","max-image-preview":"max-image-preview:large","max-video-preview":"max-video-preview:-1"},"canonical":"https:\/\/www.aquaplan.com\/fr\/produit\/roof-coat-polyester-fleece\/","og_locale":"fr_FR","og_type":"article","og_title":"Roof Coat Polyester Fleece | Voile polyester pour \u00e9tanch\u00e9it\u00e9 liquide","og_description":"Voile polyester perfor\u00e9 pour une adh\u00e9rence optimale et une \u00e9tanch\u00e9it\u00e9 sans fissures avec membranes liquides. Id\u00e9al pour angles et relev\u00e9s.","og_url":"https:\/\/www.aquaplan.com\/fr\/produit\/roof-coat-polyester-fleece\/","og_site_name":"Aquaplan","article_modified_time":"2026-03-25T09:57:41+00:00","twitter_card":"summary_large_image","twitter_misc":{"Dur\u00e9e de lecture est.":"1 minute"},"schema":{"@context":"https:\/\/schema.org","@graph":[{"@type":"WebPage","@id":"https:\/\/www.aquaplan.com\/fr\/produit\/roof-coat-polyester-fleece\/","url":"https:\/\/www.aquaplan.com\/fr\/produit\/roof-coat-polyester-fleece\/","name":"Roof Coat Polyester Fleece | Voile polyester pour \u00e9tanch\u00e9it\u00e9 liquide","isPartOf":{"@id":"https:\/\/www.aquaplan.com\/fr\/#website"},"datePublished":"2026-03-24T03:08:12+00:00","dateModified":"2026-03-25T09:57:41+00:00","description":"Voile polyester perfor\u00e9 pour une adh\u00e9rence optimale et une \u00e9tanch\u00e9it\u00e9 sans fissures avec membranes liquides. Id\u00e9al pour angles et relev\u00e9s.","breadcrumb":{"@id":"https:\/\/www.aquaplan.com\/fr\/produit\/roof-coat-polyester-fleece\/#breadcrumb"},"inLanguage":"fr-BE","potentialAction":[{"@type":"ReadAction","target":["https:\/\/www.aquaplan.com\/fr\/produit\/roof-coat-polyester-fleece\/"]}]},{"@type":"BreadcrumbList","@id":"https:\/\/www.aquaplan.com\/fr\/produit\/roof-coat-polyester-fleece\/#breadcrumb","itemListElement":[{"@type":"ListItem","position":1,"name":"Home","item":"https:\/\/www.aquaplan.com\/fr\/"},{"@type":"ListItem","position":2,"name":"Produits","item":"https:\/\/www.aquaplan.com\/fr\/produits\/"},{"@type":"ListItem","position":3,"name":"Roof Coat Polyester Fleece"}]},{"@type":"WebSite","@id":"https:\/\/www.aquaplan.com\/fr\/#website","url":"https:\/\/www.aquaplan.com\/fr\/","name":"Aquaplan","description":"Jouw expert in dakbedekking &amp; vochtbestrijding","publisher":{"@id":"https:\/\/www.aquaplan.com\/fr\/#organization"},"potentialAction":[{"@type":"SearchAction","target":{"@type":"EntryPoint","urlTemplate":"https:\/\/www.aquaplan.com\/fr\/?s={search_term_string}"},"query-input":{"@type":"PropertyValueSpecification","valueRequired":true,"valueName":"search_term_string"}}],"inLanguage":"fr-BE"},{"@type":"Organization","@id":"https:\/\/www.aquaplan.com\/fr\/#organization","name":"Aquaplan","url":"https:\/\/www.aquaplan.com\/fr\/","logo":{"@type":"ImageObject","inLanguage":"fr-BE","@id":"https:\/\/www.aquaplan.com\/fr\/#\/schema\/logo\/image\/","url":"https:\/\/www.aquaplan.com\/wp-content\/uploads\/2024\/12\/aquaplan_emailheader.jpg","contentUrl":"https:\/\/www.aquaplan.com\/wp-content\/uploads\/2024\/12\/aquaplan_emailheader.jpg","width":600,"height":150,"caption":"Aquaplan"},"image":{"@id":"https:\/\/www.aquaplan.com\/fr\/#\/schema\/logo\/image\/"}}]}},"_links":{"self":[{"href":"https:\/\/www.aquaplan.com\/fr\/wp-json\/wp\/v2\/product\/20496","targetHints":{"allow":["GET"]}}],"collection":[{"href":"https:\/\/www.aquaplan.com\/fr\/wp-json\/wp\/v2\/product"}],"about":[{"href":"https:\/\/www.aquaplan.com\/fr\/wp-json\/wp\/v2\/types\/product"}],"replies":[{"embeddable":true,"href":"https:\/\/www.aquaplan.com\/fr\/wp-json\/wp\/v2\/comments?post=20496"}],"wp:attachment":[{"href":"https:\/\/www.aquaplan.com\/fr\/wp-json\/wp\/v2\/media?parent=20496"}],"wp:term":[{"taxonomy":"product_brand","embeddable":true,"href":"https:\/\/www.aquaplan.com\/fr\/wp-json\/wp\/v2\/product_brand?post=20496"},{"taxonomy":"product_cat","embeddable":true,"href":"https:\/\/www.aquaplan.com\/fr\/wp-json\/wp\/v2\/product_cat?post=20496"},{"taxonomy":"product_tag","embeddable":true,"href":"https:\/\/www.aquaplan.com\/fr\/wp-json\/wp\/v2\/product_tag?post=20496"}],"curies":[{"name":"wp","href":"https:\/\/api.w.org\/{rel}","templated":true}]}}