{"id":4899,"date":"2024-08-12T12:23:00","date_gmt":"2024-08-12T12:23:00","guid":{"rendered":"https:\/\/www.aquaplan.com\/oplossingen\/"},"modified":"2024-10-30T07:48:11","modified_gmt":"2024-10-30T07:48:11","slug":"solutions","status":"publish","type":"page","link":"https:\/\/www.aquaplan.com\/fr\/solutions\/","title":{"rendered":"Solutions"},"content":{"rendered":"\n<div class=\"block block-oplossing-categories pt-30 pt-md-50 pt-lg-60 pt-xl-70 pb-30 pb-md-50 pb-lg-60 pb-xl-70 \" id=\"block_784fe9cc1ec70739659388cb00b88b64\">\n    <div class=\"container\">\n            <\/div>\n        \n    \n<section class=\"c-oplossingen-steps\">\n    <div class=\"container\">\n        <h2 class=\"h1 mb-20 mb-lg-30 mb-xl-40\">Quelle solution pour votre probl\u00e8me ?<\/h2>\n\n        <div class=\"row\">\n            <div class=\"col-12 d-md-none pb-20\">\n                <div class=\"p-15 bg-primary text-white rounded\">\n                    Etape 2 de 3                <\/div>\n            <\/div>\n                            <div class=\"col-12 col-md-4 \">\n                    <div class=\"c-oplossingen-steps__step \">\n                        <span class=\"indicator active\"><\/span>\n                        <h3 class=\"mt-10 mb-15 mb-lg-20\">Quelle solution pour votre probl\u00e8me ?<\/h3>\n                        <p>De quelle partie de la maison s\u2019agit-il ? Cliquez sur un des dessins ci-dessous.<\/p>\n                    <\/div>\n                <\/div>\n                            <div class=\"col-12 col-md-4 active\">\n                    <div class=\"c-oplossingen-steps__step active\">\n                        <span class=\"indicator active\"><\/span>\n                        <h3 class=\"mt-10 mb-15 mb-lg-20\">Quel probl\u00e8me se pose-t-il ?<\/h3>\n                        <p>De quoi s\u2019agit-t-il ? Choisissez la situation ad\u00e9quate.<\/p>\n                    <\/div>\n                <\/div>\n                            <div class=\"col-12 col-md-4 \">\n                    <div class=\"c-oplossingen-steps__step \">\n                        <span class=\"indicator \"><\/span>\n                        <h3 class=\"mt-10 mb-15 mb-lg-20\">Votre solution<\/h3>\n                        <p>D\u00e9couvrez comment trouver simplement et rapidement une solution.<\/p>\n                    <\/div>\n                <\/div>\n                    <\/div>\n    <\/div>\n<\/section>\n    <div class=\"container mt-30 mt-lg-40 mt-xl-50\">\n        <div class=\"row\">\n              \n                \n<div class=\"col-12 col-md-6 col-lg-4 mb-20 mb-lg-30 card-wrapper\">\n    <div class=\"c-oplossing-cat-item__wrapper\">\n        <div class=\"c-oplossing-cat-item__icon\">\n            <div class=\"c-oplossing-cat-item__icon-inner\">\n                                    <img decoding=\"async\" width=\"589\" height=\"589\" src=\"data:image\/gif;base64,R0lGODlhAQABAAAAACH5BAEKAAEALAAAAAABAAEAAAICTAEAOw==\" class=\"img-fluid lazy\" alt=\"\" title=\"6-kelder\" data-src=\"https:\/\/www.aquaplan.com\/wp-content\/uploads\/2024\/09\/6-kelder.png\" loading=\"\" \/>                            <\/div>\n        <\/div>\n\n        <div class=\"c-oplossing-cat-item\">\n            <a class=\"min-height-1 c-oplossing-cat-item__thumb\" href=\"https:\/\/www.aquaplan.com\/fr\/solution-cat\/cave\/\">\n                                    <div class=\"overflow-hidden\">\n                        <img decoding=\"async\" width=\"286\" height=\"202\" src=\"data:image\/gif;base64,R0lGODlhAQABAAAAACH5BAEKAAEALAAAAAABAAEAAAICTAEAOw==\" class=\"img-fluid lazy\" alt=\"\" title=\"Basement Pipes\" data-src=\"https:\/\/www.aquaplan.com\/wp-content\/uploads\/2024\/09\/6-kelder.jpg\" loading=\"\" \/>                    <\/div>\n                            <\/a>\n                \n            <a class=\"c-oplossing-cat-item__content\" href=\"https:\/\/www.aquaplan.com\/fr\/solution-cat\/cave\/\">\n                <h3 class=\"mb-0\">\n                    Cave                <\/h3>\n            <\/a>\n        <\/div>\n    <\/div>\n<\/div>\n\n              \n                \n<div class=\"col-12 col-md-6 col-lg-4 mb-20 mb-lg-30 card-wrapper\">\n    <div class=\"c-oplossing-cat-item__wrapper\">\n        <div class=\"c-oplossing-cat-item__icon\">\n            <div class=\"c-oplossing-cat-item__icon-inner\">\n                                    <img decoding=\"async\" width=\"589\" height=\"589\" src=\"data:image\/gif;base64,R0lGODlhAQABAAAAACH5BAEKAAEALAAAAAABAAEAAAICTAEAOw==\" class=\"img-fluid lazy\" alt=\"\" title=\"3-tuin\" data-src=\"https:\/\/www.aquaplan.com\/wp-content\/uploads\/2024\/09\/3-tuin.png\" loading=\"\" \/>                            <\/div>\n        <\/div>\n\n        <div class=\"c-oplossing-cat-item\">\n            <a class=\"min-height-1 c-oplossing-cat-item__thumb\" href=\"https:\/\/www.aquaplan.com\/fr\/solution-cat\/jardin\/\">\n                                    <div class=\"overflow-hidden\">\n                        <img decoding=\"async\" width=\"286\" height=\"202\" src=\"data:image\/gif;base64,R0lGODlhAQABAAAAACH5BAEKAAEALAAAAAABAAEAAAICTAEAOw==\" class=\"img-fluid lazy\" alt=\"\" title=\"Garden\" data-src=\"https:\/\/www.aquaplan.com\/wp-content\/uploads\/2024\/09\/3-tuin.jpg\" loading=\"\" \/>                    <\/div>\n                            <\/a>\n                \n            <a class=\"c-oplossing-cat-item__content\" href=\"https:\/\/www.aquaplan.com\/fr\/solution-cat\/jardin\/\">\n                <h3 class=\"mb-0\">\n                    Jardin                <\/h3>\n            <\/a>\n        <\/div>\n    <\/div>\n<\/div>\n\n              \n                \n<div class=\"col-12 col-md-6 col-lg-4 mb-20 mb-lg-30 card-wrapper\">\n    <div class=\"c-oplossing-cat-item__wrapper\">\n        <div class=\"c-oplossing-cat-item__icon\">\n            <div class=\"c-oplossing-cat-item__icon-inner\">\n                                    <img decoding=\"async\" width=\"589\" height=\"589\" src=\"data:image\/gif;base64,R0lGODlhAQABAAAAACH5BAEKAAEALAAAAAABAAEAAAICTAEAOw==\" class=\"img-fluid lazy\" alt=\"\" title=\"5-buitenmuur\" data-src=\"https:\/\/www.aquaplan.com\/wp-content\/uploads\/2024\/09\/5-buitenmuur.png\" loading=\"\" \/>                            <\/div>\n        <\/div>\n\n        <div class=\"c-oplossing-cat-item\">\n            <a class=\"min-height-1 c-oplossing-cat-item__thumb\" href=\"https:\/\/www.aquaplan.com\/fr\/solution-cat\/mur-exterieur\/\">\n                                    <div class=\"overflow-hidden\">\n                        <img decoding=\"async\" width=\"286\" height=\"202\" src=\"data:image\/gif;base64,R0lGODlhAQABAAAAACH5BAEKAAEALAAAAAABAAEAAAICTAEAOw==\" class=\"img-fluid lazy\" alt=\"\" title=\"heavy rain pouring on pavement on brick wall background\" data-src=\"https:\/\/www.aquaplan.com\/wp-content\/uploads\/2024\/09\/5-buitenmuur.jpg\" loading=\"\" \/>                    <\/div>\n                            <\/a>\n                \n            <a class=\"c-oplossing-cat-item__content\" href=\"https:\/\/www.aquaplan.com\/fr\/solution-cat\/mur-exterieur\/\">\n                <h3 class=\"mb-0\">\n                    Mur ext\u00e9rieur                <\/h3>\n            <\/a>\n        <\/div>\n    <\/div>\n<\/div>\n\n              \n                \n<div class=\"col-12 col-md-6 col-lg-4 mb-20 mb-lg-30 card-wrapper\">\n    <div class=\"c-oplossing-cat-item__wrapper\">\n        <div class=\"c-oplossing-cat-item__icon\">\n            <div class=\"c-oplossing-cat-item__icon-inner\">\n                                    <img decoding=\"async\" width=\"589\" height=\"589\" src=\"data:image\/gif;base64,R0lGODlhAQABAAAAACH5BAEKAAEALAAAAAABAAEAAAICTAEAOw==\" class=\"img-fluid lazy\" alt=\"\" title=\"4-binnenmuur\" data-src=\"https:\/\/www.aquaplan.com\/wp-content\/uploads\/2024\/09\/4-binnenmuur.png\" loading=\"\" \/>                            <\/div>\n        <\/div>\n\n        <div class=\"c-oplossing-cat-item\">\n            <a class=\"min-height-1 c-oplossing-cat-item__thumb\" href=\"https:\/\/www.aquaplan.com\/fr\/solution-cat\/mur-interieur\/\">\n                                    <div class=\"overflow-hidden\">\n                        <img decoding=\"async\" width=\"453\" height=\"320\" src=\"data:image\/gif;base64,R0lGODlhAQABAAAAACH5BAEKAAEALAAAAAABAAEAAAICTAEAOw==\" class=\"img-fluid lazy\" alt=\"\" title=\"4-binnenmuur\" data-src=\"https:\/\/www.aquaplan.com\/wp-content\/uploads\/2024\/09\/4-binnenmuur.jpg\" loading=\"\" \/>                    <\/div>\n                            <\/a>\n                \n            <a class=\"c-oplossing-cat-item__content\" href=\"https:\/\/www.aquaplan.com\/fr\/solution-cat\/mur-interieur\/\">\n                <h3 class=\"mb-0\">\n                    Mur int\u00e9rieur                <\/h3>\n            <\/a>\n        <\/div>\n    <\/div>\n<\/div>\n\n              \n                \n<div class=\"col-12 col-md-6 col-lg-4 mb-20 mb-lg-30 card-wrapper\">\n    <div class=\"c-oplossing-cat-item__wrapper\">\n        <div class=\"c-oplossing-cat-item__icon\">\n            <div class=\"c-oplossing-cat-item__icon-inner\">\n                                    <img decoding=\"async\" width=\"589\" height=\"589\" src=\"data:image\/gif;base64,R0lGODlhAQABAAAAACH5BAEKAAEALAAAAAABAAEAAAICTAEAOw==\" class=\"img-fluid lazy\" alt=\"\" title=\"2-hellend-dak\" data-src=\"https:\/\/www.aquaplan.com\/wp-content\/uploads\/2024\/09\/2-hellend-dak.png\" loading=\"\" \/>                            <\/div>\n        <\/div>\n\n        <div class=\"c-oplossing-cat-item\">\n            <a class=\"min-height-1 c-oplossing-cat-item__thumb\" href=\"https:\/\/www.aquaplan.com\/fr\/solution-cat\/toiture-en-pente\/\">\n                                    <div class=\"overflow-hidden\">\n                        <img decoding=\"async\" width=\"286\" height=\"202\" src=\"data:image\/gif;base64,R0lGODlhAQABAAAAACH5BAEKAAEALAAAAAABAAEAAAICTAEAOw==\" class=\"img-fluid lazy\" alt=\"\" title=\"2-hellend-dak\" data-src=\"https:\/\/www.aquaplan.com\/wp-content\/uploads\/2024\/09\/2-hellend-dak.jpg\" loading=\"\" \/>                    <\/div>\n                            <\/a>\n                \n            <a class=\"c-oplossing-cat-item__content\" href=\"https:\/\/www.aquaplan.com\/fr\/solution-cat\/toiture-en-pente\/\">\n                <h3 class=\"mb-0\">\n                    Toiture en pente                <\/h3>\n            <\/a>\n        <\/div>\n    <\/div>\n<\/div>\n\n              \n                \n<div class=\"col-12 col-md-6 col-lg-4 mb-20 mb-lg-30 card-wrapper\">\n    <div class=\"c-oplossing-cat-item__wrapper\">\n        <div class=\"c-oplossing-cat-item__icon\">\n            <div class=\"c-oplossing-cat-item__icon-inner\">\n                                    <img decoding=\"async\" width=\"589\" height=\"589\" src=\"data:image\/gif;base64,R0lGODlhAQABAAAAACH5BAEKAAEALAAAAAABAAEAAAICTAEAOw==\" class=\"img-fluid lazy\" alt=\"\" title=\"1-plat-dak\" data-src=\"https:\/\/www.aquaplan.com\/wp-content\/uploads\/2024\/09\/1-plat-dak.png\" loading=\"\" \/>                            <\/div>\n        <\/div>\n\n        <div class=\"c-oplossing-cat-item\">\n            <a class=\"min-height-1 c-oplossing-cat-item__thumb\" href=\"https:\/\/www.aquaplan.com\/fr\/solution-cat\/toiture-plate\/\">\n                                    <div class=\"overflow-hidden\">\n                        <img decoding=\"async\" width=\"453\" height=\"320\" src=\"data:image\/gif;base64,R0lGODlhAQABAAAAACH5BAEKAAEALAAAAAABAAEAAAICTAEAOw==\" class=\"img-fluid lazy\" alt=\"\" title=\"1-plat-dak\" data-src=\"https:\/\/www.aquaplan.com\/wp-content\/uploads\/2024\/09\/1-plat-dak.jpg\" loading=\"\" \/>                    <\/div>\n                            <\/a>\n                \n            <a class=\"c-oplossing-cat-item__content\" href=\"https:\/\/www.aquaplan.com\/fr\/solution-cat\/toiture-plate\/\">\n                <h3 class=\"mb-0\">\n                    Toiture plate                <\/h3>\n            <\/a>\n        <\/div>\n    <\/div>\n<\/div>\n\n                    <\/div>\n    <\/div>\n<\/div>","protected":false},"excerpt":{"rendered":"","protected":false},"author":1,"featured_media":0,"parent":0,"menu_order":0,"comment_status":"closed","ping_status":"closed","template":"","meta":{"_acf_changed":false,"footnotes":""},"class_list":["post-4899","page","type-page","status-publish","hentry"],"acf":[],"yoast_head":"<!-- This site is optimized with the Yoast SEO plugin v27.4 - https:\/\/yoast.com\/product\/yoast-seo-wordpress\/ -->\n<title>Solutions | Aquaplan<\/title>\n<meta name=\"description\" content=\"Du probl\u00e8me \u00e0 la solution. O\u00f9 est le probl\u00e8me ? Quel est le probl\u00e8me ? D\u00e9couvrez comment trouver une solution rapidement et facilement.\" \/>\n<meta name=\"robots\" content=\"index, follow, max-snippet:-1, max-image-preview:large, max-video-preview:-1\" \/>\n<link rel=\"canonical\" href=\"https:\/\/www.aquaplan.com\/fr\/solutions\/\" \/>\n<meta property=\"og:locale\" content=\"fr_FR\" \/>\n<meta property=\"og:type\" content=\"article\" \/>\n<meta property=\"og:title\" content=\"Solutions | Aquaplan\" \/>\n<meta property=\"og:description\" content=\"Du probl\u00e8me \u00e0 la solution. O\u00f9 est le probl\u00e8me ? Quel est le probl\u00e8me ? D\u00e9couvrez comment trouver une solution rapidement et facilement.\" \/>\n<meta property=\"og:url\" content=\"https:\/\/www.aquaplan.com\/fr\/solutions\/\" \/>\n<meta property=\"og:site_name\" content=\"Aquaplan\" \/>\n<meta property=\"article:modified_time\" content=\"2024-10-30T07:48:11+00:00\" \/>\n<meta name=\"twitter:card\" content=\"summary_large_image\" \/>\n<script type=\"application\/ld+json\" class=\"yoast-schema-graph\">{\"@context\":\"https:\\\/\\\/schema.org\",\"@graph\":[{\"@type\":\"WebPage\",\"@id\":\"https:\\\/\\\/www.aquaplan.com\\\/fr\\\/solutions\\\/\",\"url\":\"https:\\\/\\\/www.aquaplan.com\\\/fr\\\/solutions\\\/\",\"name\":\"Solutions | Aquaplan\",\"isPartOf\":{\"@id\":\"https:\\\/\\\/www.aquaplan.com\\\/fr\\\/#website\"},\"datePublished\":\"2024-08-12T12:23:00+00:00\",\"dateModified\":\"2024-10-30T07:48:11+00:00\",\"description\":\"Du probl\u00e8me \u00e0 la solution. O\u00f9 est le probl\u00e8me ? Quel est le probl\u00e8me ? D\u00e9couvrez comment trouver une solution rapidement et facilement.\",\"breadcrumb\":{\"@id\":\"https:\\\/\\\/www.aquaplan.com\\\/fr\\\/solutions\\\/#breadcrumb\"},\"inLanguage\":\"fr-BE\",\"potentialAction\":[{\"@type\":\"ReadAction\",\"target\":[\"https:\\\/\\\/www.aquaplan.com\\\/fr\\\/solutions\\\/\"]}]},{\"@type\":\"BreadcrumbList\",\"@id\":\"https:\\\/\\\/www.aquaplan.com\\\/fr\\\/solutions\\\/#breadcrumb\",\"itemListElement\":[{\"@type\":\"ListItem\",\"position\":1,\"name\":\"Home\",\"item\":\"https:\\\/\\\/www.aquaplan.com\\\/fr\\\/\"},{\"@type\":\"ListItem\",\"position\":2,\"name\":\"Solutions\"}]},{\"@type\":\"WebSite\",\"@id\":\"https:\\\/\\\/www.aquaplan.com\\\/fr\\\/#website\",\"url\":\"https:\\\/\\\/www.aquaplan.com\\\/fr\\\/\",\"name\":\"Aquaplan\",\"description\":\"Jouw expert in dakbedekking &amp; vochtbestrijding\",\"publisher\":{\"@id\":\"https:\\\/\\\/www.aquaplan.com\\\/fr\\\/#organization\"},\"potentialAction\":[{\"@type\":\"SearchAction\",\"target\":{\"@type\":\"EntryPoint\",\"urlTemplate\":\"https:\\\/\\\/www.aquaplan.com\\\/fr\\\/?s={search_term_string}\"},\"query-input\":{\"@type\":\"PropertyValueSpecification\",\"valueRequired\":true,\"valueName\":\"search_term_string\"}}],\"inLanguage\":\"fr-BE\"},{\"@type\":\"Organization\",\"@id\":\"https:\\\/\\\/www.aquaplan.com\\\/fr\\\/#organization\",\"name\":\"Aquaplan\",\"url\":\"https:\\\/\\\/www.aquaplan.com\\\/fr\\\/\",\"logo\":{\"@type\":\"ImageObject\",\"inLanguage\":\"fr-BE\",\"@id\":\"https:\\\/\\\/www.aquaplan.com\\\/fr\\\/#\\\/schema\\\/logo\\\/image\\\/\",\"url\":\"https:\\\/\\\/www.aquaplan.com\\\/wp-content\\\/uploads\\\/2024\\\/12\\\/aquaplan_emailheader.jpg\",\"contentUrl\":\"https:\\\/\\\/www.aquaplan.com\\\/wp-content\\\/uploads\\\/2024\\\/12\\\/aquaplan_emailheader.jpg\",\"width\":600,\"height\":150,\"caption\":\"Aquaplan\"},\"image\":{\"@id\":\"https:\\\/\\\/www.aquaplan.com\\\/fr\\\/#\\\/schema\\\/logo\\\/image\\\/\"}}]}<\/script>\n<!-- \/ Yoast SEO plugin. -->","yoast_head_json":{"title":"Solutions | Aquaplan","description":"Du probl\u00e8me \u00e0 la solution. O\u00f9 est le probl\u00e8me ? Quel est le probl\u00e8me ? D\u00e9couvrez comment trouver une solution rapidement et facilement.","robots":{"index":"index","follow":"follow","max-snippet":"max-snippet:-1","max-image-preview":"max-image-preview:large","max-video-preview":"max-video-preview:-1"},"canonical":"https:\/\/www.aquaplan.com\/fr\/solutions\/","og_locale":"fr_FR","og_type":"article","og_title":"Solutions | Aquaplan","og_description":"Du probl\u00e8me \u00e0 la solution. O\u00f9 est le probl\u00e8me ? Quel est le probl\u00e8me ? D\u00e9couvrez comment trouver une solution rapidement et facilement.","og_url":"https:\/\/www.aquaplan.com\/fr\/solutions\/","og_site_name":"Aquaplan","article_modified_time":"2024-10-30T07:48:11+00:00","twitter_card":"summary_large_image","schema":{"@context":"https:\/\/schema.org","@graph":[{"@type":"WebPage","@id":"https:\/\/www.aquaplan.com\/fr\/solutions\/","url":"https:\/\/www.aquaplan.com\/fr\/solutions\/","name":"Solutions | Aquaplan","isPartOf":{"@id":"https:\/\/www.aquaplan.com\/fr\/#website"},"datePublished":"2024-08-12T12:23:00+00:00","dateModified":"2024-10-30T07:48:11+00:00","description":"Du probl\u00e8me \u00e0 la solution. O\u00f9 est le probl\u00e8me ? Quel est le probl\u00e8me ? D\u00e9couvrez comment trouver une solution rapidement et facilement.","breadcrumb":{"@id":"https:\/\/www.aquaplan.com\/fr\/solutions\/#breadcrumb"},"inLanguage":"fr-BE","potentialAction":[{"@type":"ReadAction","target":["https:\/\/www.aquaplan.com\/fr\/solutions\/"]}]},{"@type":"BreadcrumbList","@id":"https:\/\/www.aquaplan.com\/fr\/solutions\/#breadcrumb","itemListElement":[{"@type":"ListItem","position":1,"name":"Home","item":"https:\/\/www.aquaplan.com\/fr\/"},{"@type":"ListItem","position":2,"name":"Solutions"}]},{"@type":"WebSite","@id":"https:\/\/www.aquaplan.com\/fr\/#website","url":"https:\/\/www.aquaplan.com\/fr\/","name":"Aquaplan","description":"Jouw expert in dakbedekking &amp; vochtbestrijding","publisher":{"@id":"https:\/\/www.aquaplan.com\/fr\/#organization"},"potentialAction":[{"@type":"SearchAction","target":{"@type":"EntryPoint","urlTemplate":"https:\/\/www.aquaplan.com\/fr\/?s={search_term_string}"},"query-input":{"@type":"PropertyValueSpecification","valueRequired":true,"valueName":"search_term_string"}}],"inLanguage":"fr-BE"},{"@type":"Organization","@id":"https:\/\/www.aquaplan.com\/fr\/#organization","name":"Aquaplan","url":"https:\/\/www.aquaplan.com\/fr\/","logo":{"@type":"ImageObject","inLanguage":"fr-BE","@id":"https:\/\/www.aquaplan.com\/fr\/#\/schema\/logo\/image\/","url":"https:\/\/www.aquaplan.com\/wp-content\/uploads\/2024\/12\/aquaplan_emailheader.jpg","contentUrl":"https:\/\/www.aquaplan.com\/wp-content\/uploads\/2024\/12\/aquaplan_emailheader.jpg","width":600,"height":150,"caption":"Aquaplan"},"image":{"@id":"https:\/\/www.aquaplan.com\/fr\/#\/schema\/logo\/image\/"}}]}},"_links":{"self":[{"href":"https:\/\/www.aquaplan.com\/fr\/wp-json\/wp\/v2\/pages\/4899","targetHints":{"allow":["GET"]}}],"collection":[{"href":"https:\/\/www.aquaplan.com\/fr\/wp-json\/wp\/v2\/pages"}],"about":[{"href":"https:\/\/www.aquaplan.com\/fr\/wp-json\/wp\/v2\/types\/page"}],"author":[{"embeddable":true,"href":"https:\/\/www.aquaplan.com\/fr\/wp-json\/wp\/v2\/users\/1"}],"replies":[{"embeddable":true,"href":"https:\/\/www.aquaplan.com\/fr\/wp-json\/wp\/v2\/comments?post=4899"}],"version-history":[{"count":1,"href":"https:\/\/www.aquaplan.com\/fr\/wp-json\/wp\/v2\/pages\/4899\/revisions"}],"predecessor-version":[{"id":4940,"href":"https:\/\/www.aquaplan.com\/fr\/wp-json\/wp\/v2\/pages\/4899\/revisions\/4940"}],"wp:attachment":[{"href":"https:\/\/www.aquaplan.com\/fr\/wp-json\/wp\/v2\/media?parent=4899"}],"curies":[{"name":"wp","href":"https:\/\/api.w.org\/{rel}","templated":true}]}}