{"id":9181,"date":"2025-01-24T09:36:12","date_gmt":"2025-01-24T09:36:12","guid":{"rendered":"https:\/\/www.aquaplan.com\/product\/spijkerpluggen\/"},"modified":"2026-04-03T15:35:57","modified_gmt":"2026-04-03T15:35:57","slug":"nagelduebel","status":"publish","type":"product","link":"https:\/\/www.aquaplan.com\/de\/produkt\/nagelduebel\/","title":{"rendered":"Nageld\u00fcbel"},"content":{"rendered":"<h3>Wandanschlussprofile sicher und einfach befestigen<\/h3>\n<p>Mit diesen Nageld\u00fcbeln oder D\u00fcbeln (25 St\u00fcck) von Aquaplan k\u00f6nnen Sie Wandanschlussprofile fest und einfach befestigen. Dazu m\u00fcssen Sie nur 3,5 cm tiefe L\u00f6cher mit einem Wandbohrer bohren und die D\u00fcbel einsetzen.<\/p>\n<ul>\n<li>Geeignet f\u00fcr Wandanschlussprofile<\/li>\n<li>Nur Steinbohrer erforderlich<\/li>\n<li>Verzinkt<\/li>\n<\/ul>\n","protected":false},"excerpt":{"rendered":"<p>Wandanschlussprofile sicher und einfach befestigen Mit diesen Nageld\u00fcbeln oder D\u00fcbeln (25 St\u00fcck) von Aquaplan k\u00f6nnen Sie Wandanschlussprofile fest und einfach&#8230;<\/p>\n","protected":false},"featured_media":0,"comment_status":"open","ping_status":"closed","template":"","meta":{"_acf_changed":false},"product_brand":[],"product_cat":[423],"product_tag":[],"class_list":{"0":"post-9181","1":"product","2":"type-product","3":"status-publish","5":"product_cat-traufe-und-ecken","7":"first","8":"instock","9":"shipping-taxable","10":"purchasable","11":"product-type-simple"},"acf":[],"yoast_head":"<!-- This site is optimized with the Yoast SEO plugin v27.4 - https:\/\/yoast.com\/product\/yoast-seo-wordpress\/ -->\n<title>Aquaplan Nageld\u00fcbel - Starke Befestigung f\u00fcr Dach- und Wandmontage | Aquaplan<\/title>\n<meta name=\"description\" content=\"Befestigen Sie Dachmaterialien und Fassadensysteme sicher mit Aquaplan Nageld\u00fcbeln. Perfekt f\u00fcr langlebige Montagen auf verschiedenen Oberfl\u00e4chen. Finden Sie einen H\u00e4ndler in Ihrer N\u00e4he!\" \/>\n<meta name=\"robots\" content=\"index, follow, max-snippet:-1, max-image-preview:large, max-video-preview:-1\" \/>\n<link rel=\"canonical\" href=\"https:\/\/www.aquaplan.com\/de\/produkt\/nagelduebel\/\" \/>\n<meta property=\"og:locale\" content=\"de_DE\" \/>\n<meta property=\"og:type\" content=\"article\" \/>\n<meta property=\"og:title\" content=\"Aquaplan Nageld\u00fcbel - Starke Befestigung f\u00fcr Dach- und Wandmontage | Aquaplan\" \/>\n<meta property=\"og:description\" content=\"Befestigen Sie Dachmaterialien und Fassadensysteme sicher mit Aquaplan Nageld\u00fcbeln. Perfekt f\u00fcr langlebige Montagen auf verschiedenen Oberfl\u00e4chen. Finden Sie einen H\u00e4ndler in Ihrer N\u00e4he!\" \/>\n<meta property=\"og:url\" content=\"https:\/\/www.aquaplan.com\/de\/produkt\/nagelduebel\/\" \/>\n<meta property=\"og:site_name\" content=\"Aquaplan\" \/>\n<meta property=\"article:modified_time\" content=\"2026-04-03T15:35:57+00:00\" \/>\n<meta name=\"twitter:card\" content=\"summary_large_image\" \/>\n<script type=\"application\/ld+json\" class=\"yoast-schema-graph\">{\"@context\":\"https:\\\/\\\/schema.org\",\"@graph\":[{\"@type\":\"WebPage\",\"@id\":\"https:\\\/\\\/www.aquaplan.com\\\/de\\\/produkt\\\/nagelduebel\\\/\",\"url\":\"https:\\\/\\\/www.aquaplan.com\\\/de\\\/produkt\\\/nagelduebel\\\/\",\"name\":\"Aquaplan Nageld\u00fcbel - Starke Befestigung f\u00fcr Dach- und Wandmontage | Aquaplan\",\"isPartOf\":{\"@id\":\"https:\\\/\\\/www.aquaplan.com\\\/de\\\/#website\"},\"datePublished\":\"2025-01-24T09:36:12+00:00\",\"dateModified\":\"2026-04-03T15:35:57+00:00\",\"description\":\"Befestigen Sie Dachmaterialien und Fassadensysteme sicher mit Aquaplan Nageld\u00fcbeln. Perfekt f\u00fcr langlebige Montagen auf verschiedenen Oberfl\u00e4chen. Finden Sie einen H\u00e4ndler in Ihrer N\u00e4he!\",\"breadcrumb\":{\"@id\":\"https:\\\/\\\/www.aquaplan.com\\\/de\\\/produkt\\\/nagelduebel\\\/#breadcrumb\"},\"inLanguage\":\"de\",\"potentialAction\":[{\"@type\":\"ReadAction\",\"target\":[\"https:\\\/\\\/www.aquaplan.com\\\/de\\\/produkt\\\/nagelduebel\\\/\"]}]},{\"@type\":\"BreadcrumbList\",\"@id\":\"https:\\\/\\\/www.aquaplan.com\\\/de\\\/produkt\\\/nagelduebel\\\/#breadcrumb\",\"itemListElement\":[{\"@type\":\"ListItem\",\"position\":1,\"name\":\"Home\",\"item\":\"https:\\\/\\\/www.aquaplan.com\\\/de\\\/\"},{\"@type\":\"ListItem\",\"position\":2,\"name\":\"Producten\",\"item\":\"https:\\\/\\\/www.aquaplan.com\\\/producten\\\/\"},{\"@type\":\"ListItem\",\"position\":3,\"name\":\"Nageld\u00fcbel\"}]},{\"@type\":\"WebSite\",\"@id\":\"https:\\\/\\\/www.aquaplan.com\\\/de\\\/#website\",\"url\":\"https:\\\/\\\/www.aquaplan.com\\\/de\\\/\",\"name\":\"Aquaplan\",\"description\":\"Jouw expert in dakbedekking &amp; vochtbestrijding\",\"publisher\":{\"@id\":\"https:\\\/\\\/www.aquaplan.com\\\/de\\\/#organization\"},\"potentialAction\":[{\"@type\":\"SearchAction\",\"target\":{\"@type\":\"EntryPoint\",\"urlTemplate\":\"https:\\\/\\\/www.aquaplan.com\\\/de\\\/?s={search_term_string}\"},\"query-input\":{\"@type\":\"PropertyValueSpecification\",\"valueRequired\":true,\"valueName\":\"search_term_string\"}}],\"inLanguage\":\"de\"},{\"@type\":\"Organization\",\"@id\":\"https:\\\/\\\/www.aquaplan.com\\\/de\\\/#organization\",\"name\":\"Aquaplan\",\"url\":\"https:\\\/\\\/www.aquaplan.com\\\/de\\\/\",\"logo\":{\"@type\":\"ImageObject\",\"inLanguage\":\"de\",\"@id\":\"https:\\\/\\\/www.aquaplan.com\\\/de\\\/#\\\/schema\\\/logo\\\/image\\\/\",\"url\":\"https:\\\/\\\/www.aquaplan.com\\\/wp-content\\\/uploads\\\/2024\\\/12\\\/aquaplan_emailheader.jpg\",\"contentUrl\":\"https:\\\/\\\/www.aquaplan.com\\\/wp-content\\\/uploads\\\/2024\\\/12\\\/aquaplan_emailheader.jpg\",\"width\":600,\"height\":150,\"caption\":\"Aquaplan\"},\"image\":{\"@id\":\"https:\\\/\\\/www.aquaplan.com\\\/de\\\/#\\\/schema\\\/logo\\\/image\\\/\"}}]}<\/script>\n<!-- \/ Yoast SEO plugin. -->","yoast_head_json":{"title":"Aquaplan Nageld\u00fcbel - Starke Befestigung f\u00fcr Dach- und Wandmontage | Aquaplan","description":"Befestigen Sie Dachmaterialien und Fassadensysteme sicher mit Aquaplan Nageld\u00fcbeln. Perfekt f\u00fcr langlebige Montagen auf verschiedenen Oberfl\u00e4chen. Finden Sie einen H\u00e4ndler in Ihrer N\u00e4he!","robots":{"index":"index","follow":"follow","max-snippet":"max-snippet:-1","max-image-preview":"max-image-preview:large","max-video-preview":"max-video-preview:-1"},"canonical":"https:\/\/www.aquaplan.com\/de\/produkt\/nagelduebel\/","og_locale":"de_DE","og_type":"article","og_title":"Aquaplan Nageld\u00fcbel - Starke Befestigung f\u00fcr Dach- und Wandmontage | Aquaplan","og_description":"Befestigen Sie Dachmaterialien und Fassadensysteme sicher mit Aquaplan Nageld\u00fcbeln. Perfekt f\u00fcr langlebige Montagen auf verschiedenen Oberfl\u00e4chen. Finden Sie einen H\u00e4ndler in Ihrer N\u00e4he!","og_url":"https:\/\/www.aquaplan.com\/de\/produkt\/nagelduebel\/","og_site_name":"Aquaplan","article_modified_time":"2026-04-03T15:35:57+00:00","twitter_card":"summary_large_image","schema":{"@context":"https:\/\/schema.org","@graph":[{"@type":"WebPage","@id":"https:\/\/www.aquaplan.com\/de\/produkt\/nagelduebel\/","url":"https:\/\/www.aquaplan.com\/de\/produkt\/nagelduebel\/","name":"Aquaplan Nageld\u00fcbel - Starke Befestigung f\u00fcr Dach- und Wandmontage | Aquaplan","isPartOf":{"@id":"https:\/\/www.aquaplan.com\/de\/#website"},"datePublished":"2025-01-24T09:36:12+00:00","dateModified":"2026-04-03T15:35:57+00:00","description":"Befestigen Sie Dachmaterialien und Fassadensysteme sicher mit Aquaplan Nageld\u00fcbeln. Perfekt f\u00fcr langlebige Montagen auf verschiedenen Oberfl\u00e4chen. Finden Sie einen H\u00e4ndler in Ihrer N\u00e4he!","breadcrumb":{"@id":"https:\/\/www.aquaplan.com\/de\/produkt\/nagelduebel\/#breadcrumb"},"inLanguage":"de","potentialAction":[{"@type":"ReadAction","target":["https:\/\/www.aquaplan.com\/de\/produkt\/nagelduebel\/"]}]},{"@type":"BreadcrumbList","@id":"https:\/\/www.aquaplan.com\/de\/produkt\/nagelduebel\/#breadcrumb","itemListElement":[{"@type":"ListItem","position":1,"name":"Home","item":"https:\/\/www.aquaplan.com\/de\/"},{"@type":"ListItem","position":2,"name":"Producten","item":"https:\/\/www.aquaplan.com\/producten\/"},{"@type":"ListItem","position":3,"name":"Nageld\u00fcbel"}]},{"@type":"WebSite","@id":"https:\/\/www.aquaplan.com\/de\/#website","url":"https:\/\/www.aquaplan.com\/de\/","name":"Aquaplan","description":"Jouw expert in dakbedekking &amp; vochtbestrijding","publisher":{"@id":"https:\/\/www.aquaplan.com\/de\/#organization"},"potentialAction":[{"@type":"SearchAction","target":{"@type":"EntryPoint","urlTemplate":"https:\/\/www.aquaplan.com\/de\/?s={search_term_string}"},"query-input":{"@type":"PropertyValueSpecification","valueRequired":true,"valueName":"search_term_string"}}],"inLanguage":"de"},{"@type":"Organization","@id":"https:\/\/www.aquaplan.com\/de\/#organization","name":"Aquaplan","url":"https:\/\/www.aquaplan.com\/de\/","logo":{"@type":"ImageObject","inLanguage":"de","@id":"https:\/\/www.aquaplan.com\/de\/#\/schema\/logo\/image\/","url":"https:\/\/www.aquaplan.com\/wp-content\/uploads\/2024\/12\/aquaplan_emailheader.jpg","contentUrl":"https:\/\/www.aquaplan.com\/wp-content\/uploads\/2024\/12\/aquaplan_emailheader.jpg","width":600,"height":150,"caption":"Aquaplan"},"image":{"@id":"https:\/\/www.aquaplan.com\/de\/#\/schema\/logo\/image\/"}}]}},"_links":{"self":[{"href":"https:\/\/www.aquaplan.com\/de\/wp-json\/wp\/v2\/product\/9181","targetHints":{"allow":["GET"]}}],"collection":[{"href":"https:\/\/www.aquaplan.com\/de\/wp-json\/wp\/v2\/product"}],"about":[{"href":"https:\/\/www.aquaplan.com\/de\/wp-json\/wp\/v2\/types\/product"}],"replies":[{"embeddable":true,"href":"https:\/\/www.aquaplan.com\/de\/wp-json\/wp\/v2\/comments?post=9181"}],"wp:attachment":[{"href":"https:\/\/www.aquaplan.com\/de\/wp-json\/wp\/v2\/media?parent=9181"}],"wp:term":[{"taxonomy":"product_brand","embeddable":true,"href":"https:\/\/www.aquaplan.com\/de\/wp-json\/wp\/v2\/product_brand?post=9181"},{"taxonomy":"product_cat","embeddable":true,"href":"https:\/\/www.aquaplan.com\/de\/wp-json\/wp\/v2\/product_cat?post=9181"},{"taxonomy":"product_tag","embeddable":true,"href":"https:\/\/www.aquaplan.com\/de\/wp-json\/wp\/v2\/product_tag?post=9181"}],"curies":[{"name":"wp","href":"https:\/\/api.w.org\/{rel}","templated":true}]}}