{"id":6567,"date":"2024-12-09T11:43:34","date_gmt":"2024-12-09T11:43:34","guid":{"rendered":"https:\/\/www.aquaplan.com\/product\/topline-nagels\/"},"modified":"2026-04-04T11:45:10","modified_gmt":"2026-04-04T11:45:10","slug":"topline-naegel","status":"publish","type":"product","link":"https:\/\/www.aquaplan.com\/de\/produkt\/topline-naegel\/","title":{"rendered":"Topline-N\u00e4gel"},"content":{"rendered":"<h3>F\u00fcr Bitumenwellplatten<\/h3>\n<p>Topline-N\u00e4gel eignen sich zum Verschrauben der <a href=\"https:\/\/www.aquaplan.com\/cat\/dakbedekking\/hellend-dak\/golfplaten\/\">Topline-Wellplatten<\/a>. Diese N\u00e4gel schlie\u00dfen dank der Form des Nagelkopfes sauber ab. In anderen Farben erh\u00e4ltlich, sodass Sie die Schraube an die Farbe Ihres Daches anpassen k\u00f6nnen, um einen sch\u00f6nen Abschluss zu erzielen.<\/p>\n<ul>\n<li>Sauberer Abschluss dank der Form des Nagelkopfes<\/li>\n<li>Farbe der N\u00e4gel entspricht der Farbe der Wellplatten<\/li>\n<li>Nicht rostend<\/li>\n<\/ul>\n","protected":false},"excerpt":{"rendered":"<p>F\u00fcr Bitumenwellplatten Topline-N\u00e4gel eignen sich zum Verschrauben der Topline-Wellplatten. Diese N\u00e4gel schlie\u00dfen dank der Form des Nagelkopfes sauber ab. In&#8230;<\/p>\n","protected":false},"featured_media":0,"comment_status":"open","ping_status":"closed","template":"","meta":{"_acf_changed":false},"product_brand":[],"product_cat":[244],"product_tag":[],"class_list":{"0":"post-6567","1":"product","2":"type-product","3":"status-publish","5":"product_cat-vorraete-wellbleche","7":"first","8":"instock","9":"shipping-taxable","10":"purchasable","11":"product-type-variable"},"acf":[],"yoast_head":"<!-- This site is optimized with the Yoast SEO plugin v27.3 - https:\/\/yoast.com\/product\/yoast-seo-wordpress\/ -->\n<title>N\u00e4gel zur Befestigung von Topline-Wellplatten | Aquaplan<\/title>\n<meta name=\"description\" content=\"Die Topline-N\u00e4gel von Aquaplan sind f\u00fcr die Befestigung von Topline-Wellplatten geeignet. Finden Sie eine Verkaufsstelle in Ihrer N\u00e4he!\" \/>\n<meta name=\"robots\" content=\"index, follow, max-snippet:-1, max-image-preview:large, max-video-preview:-1\" \/>\n<link rel=\"canonical\" href=\"https:\/\/www.aquaplan.com\/de\/produkt\/topline-naegel\/\" \/>\n<meta property=\"og:locale\" content=\"de_DE\" \/>\n<meta property=\"og:type\" content=\"article\" \/>\n<meta property=\"og:title\" content=\"N\u00e4gel zur Befestigung von Topline-Wellplatten | Aquaplan\" \/>\n<meta property=\"og:description\" content=\"Die Topline-N\u00e4gel von Aquaplan sind f\u00fcr die Befestigung von Topline-Wellplatten geeignet. Finden Sie eine Verkaufsstelle in Ihrer N\u00e4he!\" \/>\n<meta property=\"og:url\" content=\"https:\/\/www.aquaplan.com\/de\/produkt\/topline-naegel\/\" \/>\n<meta property=\"og:site_name\" content=\"Aquaplan\" \/>\n<meta property=\"article:modified_time\" content=\"2026-04-04T11:45:10+00:00\" \/>\n<meta name=\"twitter:card\" content=\"summary_large_image\" \/>\n<script type=\"application\/ld+json\" class=\"yoast-schema-graph\">{\"@context\":\"https:\\\/\\\/schema.org\",\"@graph\":[{\"@type\":\"WebPage\",\"@id\":\"https:\\\/\\\/www.aquaplan.com\\\/de\\\/produkt\\\/topline-naegel\\\/\",\"url\":\"https:\\\/\\\/www.aquaplan.com\\\/de\\\/produkt\\\/topline-naegel\\\/\",\"name\":\"N\u00e4gel zur Befestigung von Topline-Wellplatten | Aquaplan\",\"isPartOf\":{\"@id\":\"https:\\\/\\\/www.aquaplan.com\\\/de\\\/#website\"},\"datePublished\":\"2024-12-09T11:43:34+00:00\",\"dateModified\":\"2026-04-04T11:45:10+00:00\",\"description\":\"Die Topline-N\u00e4gel von Aquaplan sind f\u00fcr die Befestigung von Topline-Wellplatten geeignet. Finden Sie eine Verkaufsstelle in Ihrer N\u00e4he!\",\"breadcrumb\":{\"@id\":\"https:\\\/\\\/www.aquaplan.com\\\/de\\\/produkt\\\/topline-naegel\\\/#breadcrumb\"},\"inLanguage\":\"de\",\"potentialAction\":[{\"@type\":\"ReadAction\",\"target\":[\"https:\\\/\\\/www.aquaplan.com\\\/de\\\/produkt\\\/topline-naegel\\\/\"]}]},{\"@type\":\"BreadcrumbList\",\"@id\":\"https:\\\/\\\/www.aquaplan.com\\\/de\\\/produkt\\\/topline-naegel\\\/#breadcrumb\",\"itemListElement\":[{\"@type\":\"ListItem\",\"position\":1,\"name\":\"Home\",\"item\":\"https:\\\/\\\/www.aquaplan.com\\\/de\\\/\"},{\"@type\":\"ListItem\",\"position\":2,\"name\":\"Producten\",\"item\":\"https:\\\/\\\/www.aquaplan.com\\\/producten\\\/\"},{\"@type\":\"ListItem\",\"position\":3,\"name\":\"Topline nagels\"}]},{\"@type\":\"WebSite\",\"@id\":\"https:\\\/\\\/www.aquaplan.com\\\/de\\\/#website\",\"url\":\"https:\\\/\\\/www.aquaplan.com\\\/de\\\/\",\"name\":\"Aquaplan\",\"description\":\"Jouw expert in dakbedekking &amp; vochtbestrijding\",\"publisher\":{\"@id\":\"https:\\\/\\\/www.aquaplan.com\\\/de\\\/#organization\"},\"potentialAction\":[{\"@type\":\"SearchAction\",\"target\":{\"@type\":\"EntryPoint\",\"urlTemplate\":\"https:\\\/\\\/www.aquaplan.com\\\/de\\\/?s={search_term_string}\"},\"query-input\":{\"@type\":\"PropertyValueSpecification\",\"valueRequired\":true,\"valueName\":\"search_term_string\"}}],\"inLanguage\":\"de\"},{\"@type\":\"Organization\",\"@id\":\"https:\\\/\\\/www.aquaplan.com\\\/de\\\/#organization\",\"name\":\"Aquaplan\",\"url\":\"https:\\\/\\\/www.aquaplan.com\\\/de\\\/\",\"logo\":{\"@type\":\"ImageObject\",\"inLanguage\":\"de\",\"@id\":\"https:\\\/\\\/www.aquaplan.com\\\/de\\\/#\\\/schema\\\/logo\\\/image\\\/\",\"url\":\"https:\\\/\\\/www.aquaplan.com\\\/wp-content\\\/uploads\\\/2024\\\/12\\\/aquaplan_emailheader.jpg\",\"contentUrl\":\"https:\\\/\\\/www.aquaplan.com\\\/wp-content\\\/uploads\\\/2024\\\/12\\\/aquaplan_emailheader.jpg\",\"width\":600,\"height\":150,\"caption\":\"Aquaplan\"},\"image\":{\"@id\":\"https:\\\/\\\/www.aquaplan.com\\\/de\\\/#\\\/schema\\\/logo\\\/image\\\/\"}}]}<\/script>\n<!-- \/ Yoast SEO plugin. -->","yoast_head_json":{"title":"N\u00e4gel zur Befestigung von Topline-Wellplatten | Aquaplan","description":"Die Topline-N\u00e4gel von Aquaplan sind f\u00fcr die Befestigung von Topline-Wellplatten geeignet. Finden Sie eine Verkaufsstelle in Ihrer N\u00e4he!","robots":{"index":"index","follow":"follow","max-snippet":"max-snippet:-1","max-image-preview":"max-image-preview:large","max-video-preview":"max-video-preview:-1"},"canonical":"https:\/\/www.aquaplan.com\/de\/produkt\/topline-naegel\/","og_locale":"de_DE","og_type":"article","og_title":"N\u00e4gel zur Befestigung von Topline-Wellplatten | Aquaplan","og_description":"Die Topline-N\u00e4gel von Aquaplan sind f\u00fcr die Befestigung von Topline-Wellplatten geeignet. Finden Sie eine Verkaufsstelle in Ihrer N\u00e4he!","og_url":"https:\/\/www.aquaplan.com\/de\/produkt\/topline-naegel\/","og_site_name":"Aquaplan","article_modified_time":"2026-04-04T11:45:10+00:00","twitter_card":"summary_large_image","schema":{"@context":"https:\/\/schema.org","@graph":[{"@type":"WebPage","@id":"https:\/\/www.aquaplan.com\/de\/produkt\/topline-naegel\/","url":"https:\/\/www.aquaplan.com\/de\/produkt\/topline-naegel\/","name":"N\u00e4gel zur Befestigung von Topline-Wellplatten | Aquaplan","isPartOf":{"@id":"https:\/\/www.aquaplan.com\/de\/#website"},"datePublished":"2024-12-09T11:43:34+00:00","dateModified":"2026-04-04T11:45:10+00:00","description":"Die Topline-N\u00e4gel von Aquaplan sind f\u00fcr die Befestigung von Topline-Wellplatten geeignet. Finden Sie eine Verkaufsstelle in Ihrer N\u00e4he!","breadcrumb":{"@id":"https:\/\/www.aquaplan.com\/de\/produkt\/topline-naegel\/#breadcrumb"},"inLanguage":"de","potentialAction":[{"@type":"ReadAction","target":["https:\/\/www.aquaplan.com\/de\/produkt\/topline-naegel\/"]}]},{"@type":"BreadcrumbList","@id":"https:\/\/www.aquaplan.com\/de\/produkt\/topline-naegel\/#breadcrumb","itemListElement":[{"@type":"ListItem","position":1,"name":"Home","item":"https:\/\/www.aquaplan.com\/de\/"},{"@type":"ListItem","position":2,"name":"Producten","item":"https:\/\/www.aquaplan.com\/producten\/"},{"@type":"ListItem","position":3,"name":"Topline nagels"}]},{"@type":"WebSite","@id":"https:\/\/www.aquaplan.com\/de\/#website","url":"https:\/\/www.aquaplan.com\/de\/","name":"Aquaplan","description":"Jouw expert in dakbedekking &amp; vochtbestrijding","publisher":{"@id":"https:\/\/www.aquaplan.com\/de\/#organization"},"potentialAction":[{"@type":"SearchAction","target":{"@type":"EntryPoint","urlTemplate":"https:\/\/www.aquaplan.com\/de\/?s={search_term_string}"},"query-input":{"@type":"PropertyValueSpecification","valueRequired":true,"valueName":"search_term_string"}}],"inLanguage":"de"},{"@type":"Organization","@id":"https:\/\/www.aquaplan.com\/de\/#organization","name":"Aquaplan","url":"https:\/\/www.aquaplan.com\/de\/","logo":{"@type":"ImageObject","inLanguage":"de","@id":"https:\/\/www.aquaplan.com\/de\/#\/schema\/logo\/image\/","url":"https:\/\/www.aquaplan.com\/wp-content\/uploads\/2024\/12\/aquaplan_emailheader.jpg","contentUrl":"https:\/\/www.aquaplan.com\/wp-content\/uploads\/2024\/12\/aquaplan_emailheader.jpg","width":600,"height":150,"caption":"Aquaplan"},"image":{"@id":"https:\/\/www.aquaplan.com\/de\/#\/schema\/logo\/image\/"}}]}},"_links":{"self":[{"href":"https:\/\/www.aquaplan.com\/de\/wp-json\/wp\/v2\/product\/6567","targetHints":{"allow":["GET"]}}],"collection":[{"href":"https:\/\/www.aquaplan.com\/de\/wp-json\/wp\/v2\/product"}],"about":[{"href":"https:\/\/www.aquaplan.com\/de\/wp-json\/wp\/v2\/types\/product"}],"replies":[{"embeddable":true,"href":"https:\/\/www.aquaplan.com\/de\/wp-json\/wp\/v2\/comments?post=6567"}],"wp:attachment":[{"href":"https:\/\/www.aquaplan.com\/de\/wp-json\/wp\/v2\/media?parent=6567"}],"wp:term":[{"taxonomy":"product_brand","embeddable":true,"href":"https:\/\/www.aquaplan.com\/de\/wp-json\/wp\/v2\/product_brand?post=6567"},{"taxonomy":"product_cat","embeddable":true,"href":"https:\/\/www.aquaplan.com\/de\/wp-json\/wp\/v2\/product_cat?post=6567"},{"taxonomy":"product_tag","embeddable":true,"href":"https:\/\/www.aquaplan.com\/de\/wp-json\/wp\/v2\/product_tag?post=6567"}],"curies":[{"name":"wp","href":"https:\/\/api.w.org\/{rel}","templated":true}]}}