{"id":6401,"date":"2024-12-09T11:43:09","date_gmt":"2024-12-09T11:43:09","guid":{"rendered":"https:\/\/www.aquaplan.com\/product\/epdm-aandrukroller\/"},"modified":"2026-04-04T08:56:09","modified_gmt":"2026-04-04T08:56:09","slug":"epdm-andruckrolle","status":"publish","type":"product","link":"https:\/\/www.aquaplan.com\/de\/produkt\/epdm-andruckrolle\/","title":{"rendered":"EPDM-Andruckrolle"},"content":{"rendered":"<h3>Zum Verkleben von EPDM-Gummid\u00e4chern<\/h3>\n<p>Die Dachandruckrolle ist ein Werkzeug mit einer Gummischicht f\u00fcr eine optimale Haftung der <a href=\"https:\/\/www.aquaplan.com\/cat\/dakbedekking\/plat-dak\/epdm-dak\/\">EPDM-Dachbahnen<\/a> auf dem Kleber.<\/p>\n<ul>\n<li>Sorgt f\u00fcr optimale Haftung der EPDM-Folie auf dem Kleber<\/li>\n<li>Gleichm\u00e4\u00dfiges Andr\u00fccken von N\u00e4hten und EPDM-Dacheindeckung<\/li>\n<li>Am h\u00e4ufigsten verwendete Rolle<\/li>\n<\/ul>\n","protected":false},"excerpt":{"rendered":"<p>Zum Verkleben von EPDM-Gummid\u00e4chern Die Dachandruckrolle ist ein Werkzeug mit einer Gummischicht f\u00fcr eine optimale Haftung der EPDM-Dachbahnen auf dem&#8230;<\/p>\n","protected":false},"featured_media":0,"comment_status":"open","ping_status":"closed","template":"","meta":{"_acf_changed":false},"product_brand":[],"product_cat":[189],"product_tag":[],"class_list":{"0":"post-6401","1":"product","2":"type-product","3":"status-publish","5":"product_cat-werkzeuge","7":"first","8":"instock","9":"shipping-taxable","10":"purchasable","11":"product-type-simple"},"acf":[],"yoast_head":"<!-- This site is optimized with the Yoast SEO plugin v27.4 - https:\/\/yoast.com\/product\/yoast-seo-wordpress\/ -->\n<title>EPDM Rubber-Dachandruckrolle | Aquaplan<\/title>\n<meta name=\"description\" content=\"Die Dachandruckrolle ist ein Werkzeug mit einer Gummischicht f\u00fcr eine optimale Haftung der EPDM-Dacheindeckung auf dem Kleber. Finden Sie eine Verkaufsstelle in Ihrer N\u00e4he!\" \/>\n<meta name=\"robots\" content=\"index, follow, max-snippet:-1, max-image-preview:large, max-video-preview:-1\" \/>\n<link rel=\"canonical\" href=\"https:\/\/www.aquaplan.com\/de\/produkt\/epdm-andruckrolle\/\" \/>\n<meta property=\"og:locale\" content=\"de_DE\" \/>\n<meta property=\"og:type\" content=\"article\" \/>\n<meta property=\"og:title\" content=\"EPDM Rubber-Dachandruckrolle | Aquaplan\" \/>\n<meta property=\"og:description\" content=\"Die Dachandruckrolle ist ein Werkzeug mit einer Gummischicht f\u00fcr eine optimale Haftung der EPDM-Dacheindeckung auf dem Kleber. Finden Sie eine Verkaufsstelle in Ihrer N\u00e4he!\" \/>\n<meta property=\"og:url\" content=\"https:\/\/www.aquaplan.com\/de\/produkt\/epdm-andruckrolle\/\" \/>\n<meta property=\"og:site_name\" content=\"Aquaplan\" \/>\n<meta property=\"article:modified_time\" content=\"2026-04-04T08:56:09+00:00\" \/>\n<meta name=\"twitter:card\" content=\"summary_large_image\" \/>\n<script type=\"application\/ld+json\" class=\"yoast-schema-graph\">{\"@context\":\"https:\\\/\\\/schema.org\",\"@graph\":[{\"@type\":\"WebPage\",\"@id\":\"https:\\\/\\\/www.aquaplan.com\\\/de\\\/produkt\\\/epdm-andruckrolle\\\/\",\"url\":\"https:\\\/\\\/www.aquaplan.com\\\/de\\\/produkt\\\/epdm-andruckrolle\\\/\",\"name\":\"EPDM Rubber-Dachandruckrolle | Aquaplan\",\"isPartOf\":{\"@id\":\"https:\\\/\\\/www.aquaplan.com\\\/de\\\/#website\"},\"datePublished\":\"2024-12-09T11:43:09+00:00\",\"dateModified\":\"2026-04-04T08:56:09+00:00\",\"description\":\"Die Dachandruckrolle ist ein Werkzeug mit einer Gummischicht f\u00fcr eine optimale Haftung der EPDM-Dacheindeckung auf dem Kleber. Finden Sie eine Verkaufsstelle in Ihrer N\u00e4he!\",\"breadcrumb\":{\"@id\":\"https:\\\/\\\/www.aquaplan.com\\\/de\\\/produkt\\\/epdm-andruckrolle\\\/#breadcrumb\"},\"inLanguage\":\"de\",\"potentialAction\":[{\"@type\":\"ReadAction\",\"target\":[\"https:\\\/\\\/www.aquaplan.com\\\/de\\\/produkt\\\/epdm-andruckrolle\\\/\"]}]},{\"@type\":\"BreadcrumbList\",\"@id\":\"https:\\\/\\\/www.aquaplan.com\\\/de\\\/produkt\\\/epdm-andruckrolle\\\/#breadcrumb\",\"itemListElement\":[{\"@type\":\"ListItem\",\"position\":1,\"name\":\"Home\",\"item\":\"https:\\\/\\\/www.aquaplan.com\\\/de\\\/\"},{\"@type\":\"ListItem\",\"position\":2,\"name\":\"Producten\",\"item\":\"https:\\\/\\\/www.aquaplan.com\\\/producten\\\/\"},{\"@type\":\"ListItem\",\"position\":3,\"name\":\"EPDM-Andruckrolle\"}]},{\"@type\":\"WebSite\",\"@id\":\"https:\\\/\\\/www.aquaplan.com\\\/de\\\/#website\",\"url\":\"https:\\\/\\\/www.aquaplan.com\\\/de\\\/\",\"name\":\"Aquaplan\",\"description\":\"Jouw expert in dakbedekking &amp; vochtbestrijding\",\"publisher\":{\"@id\":\"https:\\\/\\\/www.aquaplan.com\\\/de\\\/#organization\"},\"potentialAction\":[{\"@type\":\"SearchAction\",\"target\":{\"@type\":\"EntryPoint\",\"urlTemplate\":\"https:\\\/\\\/www.aquaplan.com\\\/de\\\/?s={search_term_string}\"},\"query-input\":{\"@type\":\"PropertyValueSpecification\",\"valueRequired\":true,\"valueName\":\"search_term_string\"}}],\"inLanguage\":\"de\"},{\"@type\":\"Organization\",\"@id\":\"https:\\\/\\\/www.aquaplan.com\\\/de\\\/#organization\",\"name\":\"Aquaplan\",\"url\":\"https:\\\/\\\/www.aquaplan.com\\\/de\\\/\",\"logo\":{\"@type\":\"ImageObject\",\"inLanguage\":\"de\",\"@id\":\"https:\\\/\\\/www.aquaplan.com\\\/de\\\/#\\\/schema\\\/logo\\\/image\\\/\",\"url\":\"https:\\\/\\\/www.aquaplan.com\\\/wp-content\\\/uploads\\\/2024\\\/12\\\/aquaplan_emailheader.jpg\",\"contentUrl\":\"https:\\\/\\\/www.aquaplan.com\\\/wp-content\\\/uploads\\\/2024\\\/12\\\/aquaplan_emailheader.jpg\",\"width\":600,\"height\":150,\"caption\":\"Aquaplan\"},\"image\":{\"@id\":\"https:\\\/\\\/www.aquaplan.com\\\/de\\\/#\\\/schema\\\/logo\\\/image\\\/\"}}]}<\/script>\n<!-- \/ Yoast SEO plugin. -->","yoast_head_json":{"title":"EPDM Rubber-Dachandruckrolle | Aquaplan","description":"Die Dachandruckrolle ist ein Werkzeug mit einer Gummischicht f\u00fcr eine optimale Haftung der EPDM-Dacheindeckung auf dem Kleber. Finden Sie eine Verkaufsstelle in Ihrer N\u00e4he!","robots":{"index":"index","follow":"follow","max-snippet":"max-snippet:-1","max-image-preview":"max-image-preview:large","max-video-preview":"max-video-preview:-1"},"canonical":"https:\/\/www.aquaplan.com\/de\/produkt\/epdm-andruckrolle\/","og_locale":"de_DE","og_type":"article","og_title":"EPDM Rubber-Dachandruckrolle | Aquaplan","og_description":"Die Dachandruckrolle ist ein Werkzeug mit einer Gummischicht f\u00fcr eine optimale Haftung der EPDM-Dacheindeckung auf dem Kleber. Finden Sie eine Verkaufsstelle in Ihrer N\u00e4he!","og_url":"https:\/\/www.aquaplan.com\/de\/produkt\/epdm-andruckrolle\/","og_site_name":"Aquaplan","article_modified_time":"2026-04-04T08:56:09+00:00","twitter_card":"summary_large_image","schema":{"@context":"https:\/\/schema.org","@graph":[{"@type":"WebPage","@id":"https:\/\/www.aquaplan.com\/de\/produkt\/epdm-andruckrolle\/","url":"https:\/\/www.aquaplan.com\/de\/produkt\/epdm-andruckrolle\/","name":"EPDM Rubber-Dachandruckrolle | Aquaplan","isPartOf":{"@id":"https:\/\/www.aquaplan.com\/de\/#website"},"datePublished":"2024-12-09T11:43:09+00:00","dateModified":"2026-04-04T08:56:09+00:00","description":"Die Dachandruckrolle ist ein Werkzeug mit einer Gummischicht f\u00fcr eine optimale Haftung der EPDM-Dacheindeckung auf dem Kleber. Finden Sie eine Verkaufsstelle in Ihrer N\u00e4he!","breadcrumb":{"@id":"https:\/\/www.aquaplan.com\/de\/produkt\/epdm-andruckrolle\/#breadcrumb"},"inLanguage":"de","potentialAction":[{"@type":"ReadAction","target":["https:\/\/www.aquaplan.com\/de\/produkt\/epdm-andruckrolle\/"]}]},{"@type":"BreadcrumbList","@id":"https:\/\/www.aquaplan.com\/de\/produkt\/epdm-andruckrolle\/#breadcrumb","itemListElement":[{"@type":"ListItem","position":1,"name":"Home","item":"https:\/\/www.aquaplan.com\/de\/"},{"@type":"ListItem","position":2,"name":"Producten","item":"https:\/\/www.aquaplan.com\/producten\/"},{"@type":"ListItem","position":3,"name":"EPDM-Andruckrolle"}]},{"@type":"WebSite","@id":"https:\/\/www.aquaplan.com\/de\/#website","url":"https:\/\/www.aquaplan.com\/de\/","name":"Aquaplan","description":"Jouw expert in dakbedekking &amp; vochtbestrijding","publisher":{"@id":"https:\/\/www.aquaplan.com\/de\/#organization"},"potentialAction":[{"@type":"SearchAction","target":{"@type":"EntryPoint","urlTemplate":"https:\/\/www.aquaplan.com\/de\/?s={search_term_string}"},"query-input":{"@type":"PropertyValueSpecification","valueRequired":true,"valueName":"search_term_string"}}],"inLanguage":"de"},{"@type":"Organization","@id":"https:\/\/www.aquaplan.com\/de\/#organization","name":"Aquaplan","url":"https:\/\/www.aquaplan.com\/de\/","logo":{"@type":"ImageObject","inLanguage":"de","@id":"https:\/\/www.aquaplan.com\/de\/#\/schema\/logo\/image\/","url":"https:\/\/www.aquaplan.com\/wp-content\/uploads\/2024\/12\/aquaplan_emailheader.jpg","contentUrl":"https:\/\/www.aquaplan.com\/wp-content\/uploads\/2024\/12\/aquaplan_emailheader.jpg","width":600,"height":150,"caption":"Aquaplan"},"image":{"@id":"https:\/\/www.aquaplan.com\/de\/#\/schema\/logo\/image\/"}}]}},"_links":{"self":[{"href":"https:\/\/www.aquaplan.com\/de\/wp-json\/wp\/v2\/product\/6401","targetHints":{"allow":["GET"]}}],"collection":[{"href":"https:\/\/www.aquaplan.com\/de\/wp-json\/wp\/v2\/product"}],"about":[{"href":"https:\/\/www.aquaplan.com\/de\/wp-json\/wp\/v2\/types\/product"}],"replies":[{"embeddable":true,"href":"https:\/\/www.aquaplan.com\/de\/wp-json\/wp\/v2\/comments?post=6401"}],"wp:attachment":[{"href":"https:\/\/www.aquaplan.com\/de\/wp-json\/wp\/v2\/media?parent=6401"}],"wp:term":[{"taxonomy":"product_brand","embeddable":true,"href":"https:\/\/www.aquaplan.com\/de\/wp-json\/wp\/v2\/product_brand?post=6401"},{"taxonomy":"product_cat","embeddable":true,"href":"https:\/\/www.aquaplan.com\/de\/wp-json\/wp\/v2\/product_cat?post=6401"},{"taxonomy":"product_tag","embeddable":true,"href":"https:\/\/www.aquaplan.com\/de\/wp-json\/wp\/v2\/product_tag?post=6401"}],"curies":[{"name":"wp","href":"https:\/\/api.w.org\/{rel}","templated":true}]}}