{"id":6244,"date":"2024-12-09T11:42:47","date_gmt":"2024-12-09T11:42:47","guid":{"rendered":"https:\/\/www.aquaplan.com\/product\/topline-golfplaat-mini\/"},"modified":"2026-04-04T00:12:54","modified_gmt":"2026-04-04T00:12:54","slug":"topline-wellplatte-mini","status":"publish","type":"product","link":"https:\/\/www.aquaplan.com\/de\/produkt\/topline-wellplatte-mini\/","title":{"rendered":"Topline Wellplatte mini"},"content":{"rendered":"<h3>Bitumenwellplatte<\/h3>\n<p>Eine hochwertige, formstabile und dauerhafte Bitumenwellplatte auf der Basis von Bitumen, Zellulosefasern und w\u00e4rmeh\u00e4rtenden Harzen, die Schmutz, Wetter und Wind standh\u00e4lt. Bitumenwellplatten werden zur Abdichtung von Schuppen, Carports, Gartenh\u00e4uschen, Holzlagerhallen, Hundeh\u00fctten usw. verwendet. Geeignet f\u00fcr alle Schr\u00e4gd\u00e4cher mit einer Mindestneigung von 7\u00b0.<\/p>\n<ul>\n<li>Schneller, einfacher, sch\u00f6ner, wasserdichter Dachabschluss mit hoher Lebensdauer<\/li>\n<li>Nimmt keine Feuchtigkeit auf<\/li>\n<li>Sch\u00fctzt vor Regen, Wind und UV-Strahlung<\/li>\n<\/ul>\n","protected":false},"excerpt":{"rendered":"<p>Bitumenwellplatte Eine hochwertige, formstabile und dauerhafte Bitumenwellplatte auf der Basis von Bitumen, Zellulosefasern und w\u00e4rmeh\u00e4rtenden Harzen, die Schmutz, Wetter und&#8230;<\/p>\n","protected":false},"featured_media":0,"comment_status":"open","ping_status":"closed","template":"","meta":{"_acf_changed":false},"product_brand":[],"product_cat":[234],"product_tag":[],"class_list":{"0":"post-6244","1":"product","2":"type-product","3":"status-publish","5":"product_cat-platten-wellbleche","7":"first","8":"instock","9":"shipping-taxable","10":"purchasable","11":"product-type-variable"},"acf":[],"yoast_head":"<!-- This site is optimized with the Yoast SEO plugin v27.3 - https:\/\/yoast.com\/product\/yoast-seo-wordpress\/ -->\n<title>Topline bitumin\u00f6se Wellplatte | Aquaplan<\/title>\n<meta name=\"description\" content=\"Die Topline-Wellplatte Mini ist eine hochwertige und formstabile Bitumenwellplatte, die Schmutz, Wetter und Wind standh\u00e4lt. Finden Sie eine Verkaufsstelle in Ihrer N\u00e4he!\" \/>\n<meta name=\"robots\" content=\"index, follow, max-snippet:-1, max-image-preview:large, max-video-preview:-1\" \/>\n<link rel=\"canonical\" href=\"https:\/\/www.aquaplan.com\/de\/produkt\/topline-wellplatte-mini\/\" \/>\n<meta property=\"og:locale\" content=\"de_DE\" \/>\n<meta property=\"og:type\" content=\"article\" \/>\n<meta property=\"og:title\" content=\"Topline bitumin\u00f6se Wellplatte | Aquaplan\" \/>\n<meta property=\"og:description\" content=\"Die Topline-Wellplatte Mini ist eine hochwertige und formstabile Bitumenwellplatte, die Schmutz, Wetter und Wind standh\u00e4lt. Finden Sie eine Verkaufsstelle in Ihrer N\u00e4he!\" \/>\n<meta property=\"og:url\" content=\"https:\/\/www.aquaplan.com\/de\/produkt\/topline-wellplatte-mini\/\" \/>\n<meta property=\"og:site_name\" content=\"Aquaplan\" \/>\n<meta property=\"article:modified_time\" content=\"2026-04-04T00:12:54+00:00\" \/>\n<meta name=\"twitter:card\" content=\"summary_large_image\" \/>\n<script type=\"application\/ld+json\" class=\"yoast-schema-graph\">{\"@context\":\"https:\\\/\\\/schema.org\",\"@graph\":[{\"@type\":\"WebPage\",\"@id\":\"https:\\\/\\\/www.aquaplan.com\\\/de\\\/produkt\\\/topline-wellplatte-mini\\\/\",\"url\":\"https:\\\/\\\/www.aquaplan.com\\\/de\\\/produkt\\\/topline-wellplatte-mini\\\/\",\"name\":\"Topline bitumin\u00f6se Wellplatte | Aquaplan\",\"isPartOf\":{\"@id\":\"https:\\\/\\\/www.aquaplan.com\\\/de\\\/#website\"},\"datePublished\":\"2024-12-09T11:42:47+00:00\",\"dateModified\":\"2026-04-04T00:12:54+00:00\",\"description\":\"Die Topline-Wellplatte Mini ist eine hochwertige und formstabile Bitumenwellplatte, die Schmutz, Wetter und Wind standh\u00e4lt. Finden Sie eine Verkaufsstelle in Ihrer N\u00e4he!\",\"breadcrumb\":{\"@id\":\"https:\\\/\\\/www.aquaplan.com\\\/de\\\/produkt\\\/topline-wellplatte-mini\\\/#breadcrumb\"},\"inLanguage\":\"de\",\"potentialAction\":[{\"@type\":\"ReadAction\",\"target\":[\"https:\\\/\\\/www.aquaplan.com\\\/de\\\/produkt\\\/topline-wellplatte-mini\\\/\"]}]},{\"@type\":\"BreadcrumbList\",\"@id\":\"https:\\\/\\\/www.aquaplan.com\\\/de\\\/produkt\\\/topline-wellplatte-mini\\\/#breadcrumb\",\"itemListElement\":[{\"@type\":\"ListItem\",\"position\":1,\"name\":\"Home\",\"item\":\"https:\\\/\\\/www.aquaplan.com\\\/de\\\/\"},{\"@type\":\"ListItem\",\"position\":2,\"name\":\"Producten\",\"item\":\"https:\\\/\\\/www.aquaplan.com\\\/producten\\\/\"},{\"@type\":\"ListItem\",\"position\":3,\"name\":\"Topline Wellplatte mini\"}]},{\"@type\":\"WebSite\",\"@id\":\"https:\\\/\\\/www.aquaplan.com\\\/de\\\/#website\",\"url\":\"https:\\\/\\\/www.aquaplan.com\\\/de\\\/\",\"name\":\"Aquaplan\",\"description\":\"Jouw expert in dakbedekking &amp; vochtbestrijding\",\"publisher\":{\"@id\":\"https:\\\/\\\/www.aquaplan.com\\\/de\\\/#organization\"},\"potentialAction\":[{\"@type\":\"SearchAction\",\"target\":{\"@type\":\"EntryPoint\",\"urlTemplate\":\"https:\\\/\\\/www.aquaplan.com\\\/de\\\/?s={search_term_string}\"},\"query-input\":{\"@type\":\"PropertyValueSpecification\",\"valueRequired\":true,\"valueName\":\"search_term_string\"}}],\"inLanguage\":\"de\"},{\"@type\":\"Organization\",\"@id\":\"https:\\\/\\\/www.aquaplan.com\\\/de\\\/#organization\",\"name\":\"Aquaplan\",\"url\":\"https:\\\/\\\/www.aquaplan.com\\\/de\\\/\",\"logo\":{\"@type\":\"ImageObject\",\"inLanguage\":\"de\",\"@id\":\"https:\\\/\\\/www.aquaplan.com\\\/de\\\/#\\\/schema\\\/logo\\\/image\\\/\",\"url\":\"https:\\\/\\\/www.aquaplan.com\\\/wp-content\\\/uploads\\\/2024\\\/12\\\/aquaplan_emailheader.jpg\",\"contentUrl\":\"https:\\\/\\\/www.aquaplan.com\\\/wp-content\\\/uploads\\\/2024\\\/12\\\/aquaplan_emailheader.jpg\",\"width\":600,\"height\":150,\"caption\":\"Aquaplan\"},\"image\":{\"@id\":\"https:\\\/\\\/www.aquaplan.com\\\/de\\\/#\\\/schema\\\/logo\\\/image\\\/\"}}]}<\/script>\n<!-- \/ Yoast SEO plugin. -->","yoast_head_json":{"title":"Topline bitumin\u00f6se Wellplatte | Aquaplan","description":"Die Topline-Wellplatte Mini ist eine hochwertige und formstabile Bitumenwellplatte, die Schmutz, Wetter und Wind standh\u00e4lt. Finden Sie eine Verkaufsstelle in Ihrer N\u00e4he!","robots":{"index":"index","follow":"follow","max-snippet":"max-snippet:-1","max-image-preview":"max-image-preview:large","max-video-preview":"max-video-preview:-1"},"canonical":"https:\/\/www.aquaplan.com\/de\/produkt\/topline-wellplatte-mini\/","og_locale":"de_DE","og_type":"article","og_title":"Topline bitumin\u00f6se Wellplatte | Aquaplan","og_description":"Die Topline-Wellplatte Mini ist eine hochwertige und formstabile Bitumenwellplatte, die Schmutz, Wetter und Wind standh\u00e4lt. Finden Sie eine Verkaufsstelle in Ihrer N\u00e4he!","og_url":"https:\/\/www.aquaplan.com\/de\/produkt\/topline-wellplatte-mini\/","og_site_name":"Aquaplan","article_modified_time":"2026-04-04T00:12:54+00:00","twitter_card":"summary_large_image","schema":{"@context":"https:\/\/schema.org","@graph":[{"@type":"WebPage","@id":"https:\/\/www.aquaplan.com\/de\/produkt\/topline-wellplatte-mini\/","url":"https:\/\/www.aquaplan.com\/de\/produkt\/topline-wellplatte-mini\/","name":"Topline bitumin\u00f6se Wellplatte | Aquaplan","isPartOf":{"@id":"https:\/\/www.aquaplan.com\/de\/#website"},"datePublished":"2024-12-09T11:42:47+00:00","dateModified":"2026-04-04T00:12:54+00:00","description":"Die Topline-Wellplatte Mini ist eine hochwertige und formstabile Bitumenwellplatte, die Schmutz, Wetter und Wind standh\u00e4lt. Finden Sie eine Verkaufsstelle in Ihrer N\u00e4he!","breadcrumb":{"@id":"https:\/\/www.aquaplan.com\/de\/produkt\/topline-wellplatte-mini\/#breadcrumb"},"inLanguage":"de","potentialAction":[{"@type":"ReadAction","target":["https:\/\/www.aquaplan.com\/de\/produkt\/topline-wellplatte-mini\/"]}]},{"@type":"BreadcrumbList","@id":"https:\/\/www.aquaplan.com\/de\/produkt\/topline-wellplatte-mini\/#breadcrumb","itemListElement":[{"@type":"ListItem","position":1,"name":"Home","item":"https:\/\/www.aquaplan.com\/de\/"},{"@type":"ListItem","position":2,"name":"Producten","item":"https:\/\/www.aquaplan.com\/producten\/"},{"@type":"ListItem","position":3,"name":"Topline Wellplatte mini"}]},{"@type":"WebSite","@id":"https:\/\/www.aquaplan.com\/de\/#website","url":"https:\/\/www.aquaplan.com\/de\/","name":"Aquaplan","description":"Jouw expert in dakbedekking &amp; vochtbestrijding","publisher":{"@id":"https:\/\/www.aquaplan.com\/de\/#organization"},"potentialAction":[{"@type":"SearchAction","target":{"@type":"EntryPoint","urlTemplate":"https:\/\/www.aquaplan.com\/de\/?s={search_term_string}"},"query-input":{"@type":"PropertyValueSpecification","valueRequired":true,"valueName":"search_term_string"}}],"inLanguage":"de"},{"@type":"Organization","@id":"https:\/\/www.aquaplan.com\/de\/#organization","name":"Aquaplan","url":"https:\/\/www.aquaplan.com\/de\/","logo":{"@type":"ImageObject","inLanguage":"de","@id":"https:\/\/www.aquaplan.com\/de\/#\/schema\/logo\/image\/","url":"https:\/\/www.aquaplan.com\/wp-content\/uploads\/2024\/12\/aquaplan_emailheader.jpg","contentUrl":"https:\/\/www.aquaplan.com\/wp-content\/uploads\/2024\/12\/aquaplan_emailheader.jpg","width":600,"height":150,"caption":"Aquaplan"},"image":{"@id":"https:\/\/www.aquaplan.com\/de\/#\/schema\/logo\/image\/"}}]}},"_links":{"self":[{"href":"https:\/\/www.aquaplan.com\/de\/wp-json\/wp\/v2\/product\/6244","targetHints":{"allow":["GET"]}}],"collection":[{"href":"https:\/\/www.aquaplan.com\/de\/wp-json\/wp\/v2\/product"}],"about":[{"href":"https:\/\/www.aquaplan.com\/de\/wp-json\/wp\/v2\/types\/product"}],"replies":[{"embeddable":true,"href":"https:\/\/www.aquaplan.com\/de\/wp-json\/wp\/v2\/comments?post=6244"}],"wp:attachment":[{"href":"https:\/\/www.aquaplan.com\/de\/wp-json\/wp\/v2\/media?parent=6244"}],"wp:term":[{"taxonomy":"product_brand","embeddable":true,"href":"https:\/\/www.aquaplan.com\/de\/wp-json\/wp\/v2\/product_brand?post=6244"},{"taxonomy":"product_cat","embeddable":true,"href":"https:\/\/www.aquaplan.com\/de\/wp-json\/wp\/v2\/product_cat?post=6244"},{"taxonomy":"product_tag","embeddable":true,"href":"https:\/\/www.aquaplan.com\/de\/wp-json\/wp\/v2\/product_tag?post=6244"}],"curies":[{"name":"wp","href":"https:\/\/api.w.org\/{rel}","templated":true}]}}