{"id":6176,"date":"2024-12-09T11:42:38","date_gmt":"2024-12-09T11:42:38","guid":{"rendered":"https:\/\/www.aquaplan.com\/product\/aqua-pan-smooth-windveer\/"},"modified":"2026-04-04T00:11:36","modified_gmt":"2026-04-04T00:11:36","slug":"aqua-pan-smooth-ortgangblech","status":"publish","type":"product","link":"https:\/\/www.aquaplan.com\/de\/produkt\/aqua-pan-smooth-ortgangblech\/","title":{"rendered":"Aqua-Pan Smooth-Ortgangblech"},"content":{"rendered":"<h3>F\u00fcr den seitlichen Abschluss von Aqua-Pan<\/h3>\n<p>Aqua-Pan Smooth-Ortgangbleche (Seite) werden in Kombination mit einer Aqua-Pan-Dacheindeckung in der gleichen Farbe verwendet.<\/p>\n<ul>\n<li>Dichtet die Seite Ihres Aqua-Pan-Daches ab<\/li>\n<li>Erh\u00e4ltlich in der gleichen Farbe wie die Aqua-Pan-Dachziegelplatte<\/li>\n<li>Einfache Verarbeitung<\/li>\n<\/ul>\n","protected":false},"excerpt":{"rendered":"<p>F\u00fcr den seitlichen Abschluss von Aqua-Pan Aqua-Pan Smooth-Ortgangbleche (Seite) werden in Kombination mit einer Aqua-Pan-Dacheindeckung in der gleichen Farbe verwendet&#8230;.<\/p>\n","protected":false},"featured_media":0,"comment_status":"open","ping_status":"closed","template":"","meta":{"_acf_changed":false},"product_brand":[],"product_cat":[219],"product_tag":[],"class_list":{"0":"post-6176","1":"product","2":"type-product","3":"status-publish","5":"product_cat-zubehoer-dachziegelplatten","7":"first","8":"instock","9":"shipping-taxable","10":"purchasable","11":"product-type-simple"},"acf":[],"yoast_head":"<!-- This site is optimized with the Yoast SEO plugin v27.4 - https:\/\/yoast.com\/product\/yoast-seo-wordpress\/ -->\n<title>Aqua-Pan Smooth Windleiste - Eleganter Abschluss f\u00fcr Dachkanten<\/title>\n<meta name=\"description\" content=\"Sorgen Sie f\u00fcr einen langlebigen und stilvollen Dachkantenabschluss mit der Aqua-Pan Smooth Windleiste. Sch\u00fctzt vor Wind und Feuchtigkeit und passt perfekt zu Aqua-Pan Smooth Dachplatten. Finden Sie einen H\u00e4ndler in Ihrer N\u00e4he!\" \/>\n<meta name=\"robots\" content=\"index, follow, max-snippet:-1, max-image-preview:large, max-video-preview:-1\" \/>\n<link rel=\"canonical\" href=\"https:\/\/www.aquaplan.com\/de\/produkt\/aqua-pan-smooth-ortgangblech\/\" \/>\n<meta property=\"og:locale\" content=\"de_DE\" \/>\n<meta property=\"og:type\" content=\"article\" \/>\n<meta property=\"og:title\" content=\"Aqua-Pan Smooth Windleiste - Eleganter Abschluss f\u00fcr Dachkanten\" \/>\n<meta property=\"og:description\" content=\"Sorgen Sie f\u00fcr einen langlebigen und stilvollen Dachkantenabschluss mit der Aqua-Pan Smooth Windleiste. Sch\u00fctzt vor Wind und Feuchtigkeit und passt perfekt zu Aqua-Pan Smooth Dachplatten. Finden Sie einen H\u00e4ndler in Ihrer N\u00e4he!\" \/>\n<meta property=\"og:url\" content=\"https:\/\/www.aquaplan.com\/de\/produkt\/aqua-pan-smooth-ortgangblech\/\" \/>\n<meta property=\"og:site_name\" content=\"Aquaplan\" \/>\n<meta property=\"article:modified_time\" content=\"2026-04-04T00:11:36+00:00\" \/>\n<meta name=\"twitter:card\" content=\"summary_large_image\" \/>\n<script type=\"application\/ld+json\" class=\"yoast-schema-graph\">{\"@context\":\"https:\\\/\\\/schema.org\",\"@graph\":[{\"@type\":\"WebPage\",\"@id\":\"https:\\\/\\\/www.aquaplan.com\\\/de\\\/produkt\\\/aqua-pan-smooth-ortgangblech\\\/\",\"url\":\"https:\\\/\\\/www.aquaplan.com\\\/de\\\/produkt\\\/aqua-pan-smooth-ortgangblech\\\/\",\"name\":\"Aqua-Pan Smooth Windleiste - Eleganter Abschluss f\u00fcr Dachkanten\",\"isPartOf\":{\"@id\":\"https:\\\/\\\/www.aquaplan.com\\\/de\\\/#website\"},\"datePublished\":\"2024-12-09T11:42:38+00:00\",\"dateModified\":\"2026-04-04T00:11:36+00:00\",\"description\":\"Sorgen Sie f\u00fcr einen langlebigen und stilvollen Dachkantenabschluss mit der Aqua-Pan Smooth Windleiste. Sch\u00fctzt vor Wind und Feuchtigkeit und passt perfekt zu Aqua-Pan Smooth Dachplatten. Finden Sie einen H\u00e4ndler in Ihrer N\u00e4he!\",\"breadcrumb\":{\"@id\":\"https:\\\/\\\/www.aquaplan.com\\\/de\\\/produkt\\\/aqua-pan-smooth-ortgangblech\\\/#breadcrumb\"},\"inLanguage\":\"de\",\"potentialAction\":[{\"@type\":\"ReadAction\",\"target\":[\"https:\\\/\\\/www.aquaplan.com\\\/de\\\/produkt\\\/aqua-pan-smooth-ortgangblech\\\/\"]}]},{\"@type\":\"BreadcrumbList\",\"@id\":\"https:\\\/\\\/www.aquaplan.com\\\/de\\\/produkt\\\/aqua-pan-smooth-ortgangblech\\\/#breadcrumb\",\"itemListElement\":[{\"@type\":\"ListItem\",\"position\":1,\"name\":\"Home\",\"item\":\"https:\\\/\\\/www.aquaplan.com\\\/de\\\/\"},{\"@type\":\"ListItem\",\"position\":2,\"name\":\"Producten\",\"item\":\"https:\\\/\\\/www.aquaplan.com\\\/producten\\\/\"},{\"@type\":\"ListItem\",\"position\":3,\"name\":\"Aqua-Pan Smooth-Ortgangblech\"}]},{\"@type\":\"WebSite\",\"@id\":\"https:\\\/\\\/www.aquaplan.com\\\/de\\\/#website\",\"url\":\"https:\\\/\\\/www.aquaplan.com\\\/de\\\/\",\"name\":\"Aquaplan\",\"description\":\"Jouw expert in dakbedekking &amp; vochtbestrijding\",\"publisher\":{\"@id\":\"https:\\\/\\\/www.aquaplan.com\\\/de\\\/#organization\"},\"potentialAction\":[{\"@type\":\"SearchAction\",\"target\":{\"@type\":\"EntryPoint\",\"urlTemplate\":\"https:\\\/\\\/www.aquaplan.com\\\/de\\\/?s={search_term_string}\"},\"query-input\":{\"@type\":\"PropertyValueSpecification\",\"valueRequired\":true,\"valueName\":\"search_term_string\"}}],\"inLanguage\":\"de\"},{\"@type\":\"Organization\",\"@id\":\"https:\\\/\\\/www.aquaplan.com\\\/de\\\/#organization\",\"name\":\"Aquaplan\",\"url\":\"https:\\\/\\\/www.aquaplan.com\\\/de\\\/\",\"logo\":{\"@type\":\"ImageObject\",\"inLanguage\":\"de\",\"@id\":\"https:\\\/\\\/www.aquaplan.com\\\/de\\\/#\\\/schema\\\/logo\\\/image\\\/\",\"url\":\"https:\\\/\\\/www.aquaplan.com\\\/wp-content\\\/uploads\\\/2024\\\/12\\\/aquaplan_emailheader.jpg\",\"contentUrl\":\"https:\\\/\\\/www.aquaplan.com\\\/wp-content\\\/uploads\\\/2024\\\/12\\\/aquaplan_emailheader.jpg\",\"width\":600,\"height\":150,\"caption\":\"Aquaplan\"},\"image\":{\"@id\":\"https:\\\/\\\/www.aquaplan.com\\\/de\\\/#\\\/schema\\\/logo\\\/image\\\/\"}}]}<\/script>\n<!-- \/ Yoast SEO plugin. -->","yoast_head_json":{"title":"Aqua-Pan Smooth Windleiste - Eleganter Abschluss f\u00fcr Dachkanten","description":"Sorgen Sie f\u00fcr einen langlebigen und stilvollen Dachkantenabschluss mit der Aqua-Pan Smooth Windleiste. Sch\u00fctzt vor Wind und Feuchtigkeit und passt perfekt zu Aqua-Pan Smooth Dachplatten. Finden Sie einen H\u00e4ndler in Ihrer N\u00e4he!","robots":{"index":"index","follow":"follow","max-snippet":"max-snippet:-1","max-image-preview":"max-image-preview:large","max-video-preview":"max-video-preview:-1"},"canonical":"https:\/\/www.aquaplan.com\/de\/produkt\/aqua-pan-smooth-ortgangblech\/","og_locale":"de_DE","og_type":"article","og_title":"Aqua-Pan Smooth Windleiste - Eleganter Abschluss f\u00fcr Dachkanten","og_description":"Sorgen Sie f\u00fcr einen langlebigen und stilvollen Dachkantenabschluss mit der Aqua-Pan Smooth Windleiste. Sch\u00fctzt vor Wind und Feuchtigkeit und passt perfekt zu Aqua-Pan Smooth Dachplatten. Finden Sie einen H\u00e4ndler in Ihrer N\u00e4he!","og_url":"https:\/\/www.aquaplan.com\/de\/produkt\/aqua-pan-smooth-ortgangblech\/","og_site_name":"Aquaplan","article_modified_time":"2026-04-04T00:11:36+00:00","twitter_card":"summary_large_image","schema":{"@context":"https:\/\/schema.org","@graph":[{"@type":"WebPage","@id":"https:\/\/www.aquaplan.com\/de\/produkt\/aqua-pan-smooth-ortgangblech\/","url":"https:\/\/www.aquaplan.com\/de\/produkt\/aqua-pan-smooth-ortgangblech\/","name":"Aqua-Pan Smooth Windleiste - Eleganter Abschluss f\u00fcr Dachkanten","isPartOf":{"@id":"https:\/\/www.aquaplan.com\/de\/#website"},"datePublished":"2024-12-09T11:42:38+00:00","dateModified":"2026-04-04T00:11:36+00:00","description":"Sorgen Sie f\u00fcr einen langlebigen und stilvollen Dachkantenabschluss mit der Aqua-Pan Smooth Windleiste. Sch\u00fctzt vor Wind und Feuchtigkeit und passt perfekt zu Aqua-Pan Smooth Dachplatten. Finden Sie einen H\u00e4ndler in Ihrer N\u00e4he!","breadcrumb":{"@id":"https:\/\/www.aquaplan.com\/de\/produkt\/aqua-pan-smooth-ortgangblech\/#breadcrumb"},"inLanguage":"de","potentialAction":[{"@type":"ReadAction","target":["https:\/\/www.aquaplan.com\/de\/produkt\/aqua-pan-smooth-ortgangblech\/"]}]},{"@type":"BreadcrumbList","@id":"https:\/\/www.aquaplan.com\/de\/produkt\/aqua-pan-smooth-ortgangblech\/#breadcrumb","itemListElement":[{"@type":"ListItem","position":1,"name":"Home","item":"https:\/\/www.aquaplan.com\/de\/"},{"@type":"ListItem","position":2,"name":"Producten","item":"https:\/\/www.aquaplan.com\/producten\/"},{"@type":"ListItem","position":3,"name":"Aqua-Pan Smooth-Ortgangblech"}]},{"@type":"WebSite","@id":"https:\/\/www.aquaplan.com\/de\/#website","url":"https:\/\/www.aquaplan.com\/de\/","name":"Aquaplan","description":"Jouw expert in dakbedekking &amp; vochtbestrijding","publisher":{"@id":"https:\/\/www.aquaplan.com\/de\/#organization"},"potentialAction":[{"@type":"SearchAction","target":{"@type":"EntryPoint","urlTemplate":"https:\/\/www.aquaplan.com\/de\/?s={search_term_string}"},"query-input":{"@type":"PropertyValueSpecification","valueRequired":true,"valueName":"search_term_string"}}],"inLanguage":"de"},{"@type":"Organization","@id":"https:\/\/www.aquaplan.com\/de\/#organization","name":"Aquaplan","url":"https:\/\/www.aquaplan.com\/de\/","logo":{"@type":"ImageObject","inLanguage":"de","@id":"https:\/\/www.aquaplan.com\/de\/#\/schema\/logo\/image\/","url":"https:\/\/www.aquaplan.com\/wp-content\/uploads\/2024\/12\/aquaplan_emailheader.jpg","contentUrl":"https:\/\/www.aquaplan.com\/wp-content\/uploads\/2024\/12\/aquaplan_emailheader.jpg","width":600,"height":150,"caption":"Aquaplan"},"image":{"@id":"https:\/\/www.aquaplan.com\/de\/#\/schema\/logo\/image\/"}}]}},"_links":{"self":[{"href":"https:\/\/www.aquaplan.com\/de\/wp-json\/wp\/v2\/product\/6176","targetHints":{"allow":["GET"]}}],"collection":[{"href":"https:\/\/www.aquaplan.com\/de\/wp-json\/wp\/v2\/product"}],"about":[{"href":"https:\/\/www.aquaplan.com\/de\/wp-json\/wp\/v2\/types\/product"}],"replies":[{"embeddable":true,"href":"https:\/\/www.aquaplan.com\/de\/wp-json\/wp\/v2\/comments?post=6176"}],"wp:attachment":[{"href":"https:\/\/www.aquaplan.com\/de\/wp-json\/wp\/v2\/media?parent=6176"}],"wp:term":[{"taxonomy":"product_brand","embeddable":true,"href":"https:\/\/www.aquaplan.com\/de\/wp-json\/wp\/v2\/product_brand?post=6176"},{"taxonomy":"product_cat","embeddable":true,"href":"https:\/\/www.aquaplan.com\/de\/wp-json\/wp\/v2\/product_cat?post=6176"},{"taxonomy":"product_tag","embeddable":true,"href":"https:\/\/www.aquaplan.com\/de\/wp-json\/wp\/v2\/product_tag?post=6176"}],"curies":[{"name":"wp","href":"https:\/\/api.w.org\/{rel}","templated":true}]}}