{"id":5883,"date":"2024-12-09T11:42:05","date_gmt":"2024-12-09T11:42:05","guid":{"rendered":"https:\/\/www.aquaplan.com\/product\/aqua-pan-gallo-plaat-1m\/"},"modified":"2026-04-03T11:47:16","modified_gmt":"2026-04-03T11:47:16","slug":"aqua-pan-gallo","status":"publish","type":"product","link":"https:\/\/www.aquaplan.com\/de\/produkt\/aqua-pan-gallo\/","title":{"rendered":"Aqua-Pan Gallo"},"content":{"rendered":"<h3>Metalldachpfannenplatte<\/h3>\n<p>Ein universelles modulares Dachziegelkonzept, das f\u00fcr alle geneigten D\u00e4cher mit einer Mindestneigung von 10\u00b0 geeignet ist. Das einzigartige Konzept besteht aus Dachziegelplatten mit einer sanften mediterranen W\u00f6lbung f\u00fcr ein elegantes, hochwertiges Aussehen in Anthrazit oder Rot und passendem Zubeh\u00f6r (d. h. Firstst\u00fccke, Ortgangbleche, Schrauben und Endst\u00fccke), mit dem Sie 20 Ziegel in einem Zug verlegen k\u00f6nnen. Gut zu wissen: Dank des einzigartigen Konzepts passt Aqua-Pan Gallo auf jedes Dach, ohne dass das Produkt geschnitten oder gek\u00fcrzt werden muss.<\/p>\n<ul>\n<li>Schnell, 20 Dachpfannen in 1 Durchgang<\/li>\n<li>Passt immer, kein Schneiden erforderlich<\/li>\n<li>Stabil, langlebig und leicht<\/li>\n<li>20 Jahre Garantie<\/li>\n<li>Geringes Gewicht: nur +\/- 5 kg\/Element<\/li>\n<\/ul>\n","protected":false},"excerpt":{"rendered":"<p>Metalldachpfannenplatte Ein universelles modulares Dachziegelkonzept, das f\u00fcr alle geneigten D\u00e4cher mit einer Mindestneigung von 10\u00b0 geeignet ist. Das einzigartige Konzept&#8230;<\/p>\n","protected":false},"featured_media":0,"comment_status":"open","ping_status":"closed","template":"","meta":{"_acf_changed":false},"product_brand":[],"product_cat":[214],"product_tag":[],"class_list":{"0":"post-5883","1":"product","2":"type-product","3":"status-publish","5":"product_cat-platten","7":"first","8":"instock","9":"shipping-taxable","10":"purchasable","11":"product-type-variable"},"acf":[],"yoast_head":"<!-- This site is optimized with the Yoast SEO plugin v27.4 - https:\/\/yoast.com\/product\/yoast-seo-wordpress\/ -->\n<title>Aqua-Pan Gallo: Metalldachpfannenplatte | Aquaplan<\/title>\n<meta name=\"description\" content=\"Entdecken Sie Aqua-Pan Gallo: die Metalldachpfannenplatte, die f\u00fcr alle Schr\u00e4gd\u00e4cher mit einer Mindestneigung von 10\u00b0 geeignet ist.\" \/>\n<meta name=\"robots\" content=\"index, follow, max-snippet:-1, max-image-preview:large, max-video-preview:-1\" \/>\n<link rel=\"canonical\" href=\"https:\/\/www.aquaplan.com\/de\/produkt\/aqua-pan-gallo\/\" \/>\n<meta property=\"og:locale\" content=\"de_DE\" \/>\n<meta property=\"og:type\" content=\"article\" \/>\n<meta property=\"og:title\" content=\"Aqua-Pan Gallo: Metalldachpfannenplatte | Aquaplan\" \/>\n<meta property=\"og:description\" content=\"Entdecken Sie Aqua-Pan Gallo: die Metalldachpfannenplatte, die f\u00fcr alle Schr\u00e4gd\u00e4cher mit einer Mindestneigung von 10\u00b0 geeignet ist.\" \/>\n<meta property=\"og:url\" content=\"https:\/\/www.aquaplan.com\/de\/produkt\/aqua-pan-gallo\/\" \/>\n<meta property=\"og:site_name\" content=\"Aquaplan\" \/>\n<meta property=\"article:modified_time\" content=\"2026-04-03T11:47:16+00:00\" \/>\n<meta name=\"twitter:card\" content=\"summary_large_image\" \/>\n<meta name=\"twitter:label1\" content=\"Gesch\u00e4tzte Lesezeit\" \/>\n\t<meta name=\"twitter:data1\" content=\"1\u00a0Minute\" \/>\n<script type=\"application\/ld+json\" class=\"yoast-schema-graph\">{\"@context\":\"https:\\\/\\\/schema.org\",\"@graph\":[{\"@type\":\"WebPage\",\"@id\":\"https:\\\/\\\/www.aquaplan.com\\\/de\\\/produkt\\\/aqua-pan-gallo\\\/\",\"url\":\"https:\\\/\\\/www.aquaplan.com\\\/de\\\/produkt\\\/aqua-pan-gallo\\\/\",\"name\":\"Aqua-Pan Gallo: Metalldachpfannenplatte | Aquaplan\",\"isPartOf\":{\"@id\":\"https:\\\/\\\/www.aquaplan.com\\\/de\\\/#website\"},\"datePublished\":\"2024-12-09T11:42:05+00:00\",\"dateModified\":\"2026-04-03T11:47:16+00:00\",\"description\":\"Entdecken Sie Aqua-Pan Gallo: die Metalldachpfannenplatte, die f\u00fcr alle Schr\u00e4gd\u00e4cher mit einer Mindestneigung von 10\u00b0 geeignet ist.\",\"breadcrumb\":{\"@id\":\"https:\\\/\\\/www.aquaplan.com\\\/de\\\/produkt\\\/aqua-pan-gallo\\\/#breadcrumb\"},\"inLanguage\":\"de\",\"potentialAction\":[{\"@type\":\"ReadAction\",\"target\":[\"https:\\\/\\\/www.aquaplan.com\\\/de\\\/produkt\\\/aqua-pan-gallo\\\/\"]}]},{\"@type\":\"BreadcrumbList\",\"@id\":\"https:\\\/\\\/www.aquaplan.com\\\/de\\\/produkt\\\/aqua-pan-gallo\\\/#breadcrumb\",\"itemListElement\":[{\"@type\":\"ListItem\",\"position\":1,\"name\":\"Home\",\"item\":\"https:\\\/\\\/www.aquaplan.com\\\/de\\\/\"},{\"@type\":\"ListItem\",\"position\":2,\"name\":\"Producten\",\"item\":\"https:\\\/\\\/www.aquaplan.com\\\/producten\\\/\"},{\"@type\":\"ListItem\",\"position\":3,\"name\":\"Aqua-Pan Gallo\"}]},{\"@type\":\"WebSite\",\"@id\":\"https:\\\/\\\/www.aquaplan.com\\\/de\\\/#website\",\"url\":\"https:\\\/\\\/www.aquaplan.com\\\/de\\\/\",\"name\":\"Aquaplan\",\"description\":\"Jouw expert in dakbedekking &amp; vochtbestrijding\",\"publisher\":{\"@id\":\"https:\\\/\\\/www.aquaplan.com\\\/de\\\/#organization\"},\"potentialAction\":[{\"@type\":\"SearchAction\",\"target\":{\"@type\":\"EntryPoint\",\"urlTemplate\":\"https:\\\/\\\/www.aquaplan.com\\\/de\\\/?s={search_term_string}\"},\"query-input\":{\"@type\":\"PropertyValueSpecification\",\"valueRequired\":true,\"valueName\":\"search_term_string\"}}],\"inLanguage\":\"de\"},{\"@type\":\"Organization\",\"@id\":\"https:\\\/\\\/www.aquaplan.com\\\/de\\\/#organization\",\"name\":\"Aquaplan\",\"url\":\"https:\\\/\\\/www.aquaplan.com\\\/de\\\/\",\"logo\":{\"@type\":\"ImageObject\",\"inLanguage\":\"de\",\"@id\":\"https:\\\/\\\/www.aquaplan.com\\\/de\\\/#\\\/schema\\\/logo\\\/image\\\/\",\"url\":\"https:\\\/\\\/www.aquaplan.com\\\/wp-content\\\/uploads\\\/2024\\\/12\\\/aquaplan_emailheader.jpg\",\"contentUrl\":\"https:\\\/\\\/www.aquaplan.com\\\/wp-content\\\/uploads\\\/2024\\\/12\\\/aquaplan_emailheader.jpg\",\"width\":600,\"height\":150,\"caption\":\"Aquaplan\"},\"image\":{\"@id\":\"https:\\\/\\\/www.aquaplan.com\\\/de\\\/#\\\/schema\\\/logo\\\/image\\\/\"}}]}<\/script>\n<!-- \/ Yoast SEO plugin. -->","yoast_head_json":{"title":"Aqua-Pan Gallo: Metalldachpfannenplatte | Aquaplan","description":"Entdecken Sie Aqua-Pan Gallo: die Metalldachpfannenplatte, die f\u00fcr alle Schr\u00e4gd\u00e4cher mit einer Mindestneigung von 10\u00b0 geeignet ist.","robots":{"index":"index","follow":"follow","max-snippet":"max-snippet:-1","max-image-preview":"max-image-preview:large","max-video-preview":"max-video-preview:-1"},"canonical":"https:\/\/www.aquaplan.com\/de\/produkt\/aqua-pan-gallo\/","og_locale":"de_DE","og_type":"article","og_title":"Aqua-Pan Gallo: Metalldachpfannenplatte | Aquaplan","og_description":"Entdecken Sie Aqua-Pan Gallo: die Metalldachpfannenplatte, die f\u00fcr alle Schr\u00e4gd\u00e4cher mit einer Mindestneigung von 10\u00b0 geeignet ist.","og_url":"https:\/\/www.aquaplan.com\/de\/produkt\/aqua-pan-gallo\/","og_site_name":"Aquaplan","article_modified_time":"2026-04-03T11:47:16+00:00","twitter_card":"summary_large_image","twitter_misc":{"Gesch\u00e4tzte Lesezeit":"1\u00a0Minute"},"schema":{"@context":"https:\/\/schema.org","@graph":[{"@type":"WebPage","@id":"https:\/\/www.aquaplan.com\/de\/produkt\/aqua-pan-gallo\/","url":"https:\/\/www.aquaplan.com\/de\/produkt\/aqua-pan-gallo\/","name":"Aqua-Pan Gallo: Metalldachpfannenplatte | Aquaplan","isPartOf":{"@id":"https:\/\/www.aquaplan.com\/de\/#website"},"datePublished":"2024-12-09T11:42:05+00:00","dateModified":"2026-04-03T11:47:16+00:00","description":"Entdecken Sie Aqua-Pan Gallo: die Metalldachpfannenplatte, die f\u00fcr alle Schr\u00e4gd\u00e4cher mit einer Mindestneigung von 10\u00b0 geeignet ist.","breadcrumb":{"@id":"https:\/\/www.aquaplan.com\/de\/produkt\/aqua-pan-gallo\/#breadcrumb"},"inLanguage":"de","potentialAction":[{"@type":"ReadAction","target":["https:\/\/www.aquaplan.com\/de\/produkt\/aqua-pan-gallo\/"]}]},{"@type":"BreadcrumbList","@id":"https:\/\/www.aquaplan.com\/de\/produkt\/aqua-pan-gallo\/#breadcrumb","itemListElement":[{"@type":"ListItem","position":1,"name":"Home","item":"https:\/\/www.aquaplan.com\/de\/"},{"@type":"ListItem","position":2,"name":"Producten","item":"https:\/\/www.aquaplan.com\/producten\/"},{"@type":"ListItem","position":3,"name":"Aqua-Pan Gallo"}]},{"@type":"WebSite","@id":"https:\/\/www.aquaplan.com\/de\/#website","url":"https:\/\/www.aquaplan.com\/de\/","name":"Aquaplan","description":"Jouw expert in dakbedekking &amp; vochtbestrijding","publisher":{"@id":"https:\/\/www.aquaplan.com\/de\/#organization"},"potentialAction":[{"@type":"SearchAction","target":{"@type":"EntryPoint","urlTemplate":"https:\/\/www.aquaplan.com\/de\/?s={search_term_string}"},"query-input":{"@type":"PropertyValueSpecification","valueRequired":true,"valueName":"search_term_string"}}],"inLanguage":"de"},{"@type":"Organization","@id":"https:\/\/www.aquaplan.com\/de\/#organization","name":"Aquaplan","url":"https:\/\/www.aquaplan.com\/de\/","logo":{"@type":"ImageObject","inLanguage":"de","@id":"https:\/\/www.aquaplan.com\/de\/#\/schema\/logo\/image\/","url":"https:\/\/www.aquaplan.com\/wp-content\/uploads\/2024\/12\/aquaplan_emailheader.jpg","contentUrl":"https:\/\/www.aquaplan.com\/wp-content\/uploads\/2024\/12\/aquaplan_emailheader.jpg","width":600,"height":150,"caption":"Aquaplan"},"image":{"@id":"https:\/\/www.aquaplan.com\/de\/#\/schema\/logo\/image\/"}}]}},"_links":{"self":[{"href":"https:\/\/www.aquaplan.com\/de\/wp-json\/wp\/v2\/product\/5883","targetHints":{"allow":["GET"]}}],"collection":[{"href":"https:\/\/www.aquaplan.com\/de\/wp-json\/wp\/v2\/product"}],"about":[{"href":"https:\/\/www.aquaplan.com\/de\/wp-json\/wp\/v2\/types\/product"}],"replies":[{"embeddable":true,"href":"https:\/\/www.aquaplan.com\/de\/wp-json\/wp\/v2\/comments?post=5883"}],"wp:attachment":[{"href":"https:\/\/www.aquaplan.com\/de\/wp-json\/wp\/v2\/media?parent=5883"}],"wp:term":[{"taxonomy":"product_brand","embeddable":true,"href":"https:\/\/www.aquaplan.com\/de\/wp-json\/wp\/v2\/product_brand?post=5883"},{"taxonomy":"product_cat","embeddable":true,"href":"https:\/\/www.aquaplan.com\/de\/wp-json\/wp\/v2\/product_cat?post=5883"},{"taxonomy":"product_tag","embeddable":true,"href":"https:\/\/www.aquaplan.com\/de\/wp-json\/wp\/v2\/product_tag?post=5883"}],"curies":[{"name":"wp","href":"https:\/\/api.w.org\/{rel}","templated":true}]}}