{"id":5675,"date":"2024-12-09T11:41:43","date_gmt":"2024-12-09T11:41:43","guid":{"rendered":"https:\/\/www.aquaplan.com\/product\/kasteel-lei\/"},"modified":"2026-04-03T09:38:13","modified_gmt":"2026-04-03T09:38:13","slug":"rustic-slate","status":"publish","type":"product","link":"https:\/\/www.aquaplan.com\/de\/produkt\/rustic-slate\/","title":{"rendered":"Rustic Slate"},"content":{"rendered":"<h3>Leicht selbst zu verlegende Kunstschieferplatte<\/h3>\n<p>Ein Platte aus synthetischem Schiefer, der kaum von echtem Naturschiefer zu unterscheiden ist. Rustic Slate l\u00e4sst sich leicht auf Schr\u00e4gd\u00e4chern ab 15\u00b0 und leichten Dachkonstruktionen verlegen. Es handelt sich um ein einzigartiges und umweltfreundliches Dachsystem aus recyceltem Verbundmaterial.<\/p>\n<ul>\n<li>Starke \u00c4hnlichkeit mit Naturschiefer<\/li>\n<li>Leicht selbst zu verlegen<\/li>\n<li>80 % leichter als Naturschiefer<\/li>\n<li>Material 100 % recycelbar<\/li>\n<li>Allwettertauglich<\/li>\n<\/ul>\n","protected":false},"excerpt":{"rendered":"<p>Leicht selbst zu verlegende Kunstschieferplatte Ein Platte aus synthetischem Schiefer, der kaum von echtem Naturschiefer zu unterscheiden ist. Rustic Slate&#8230;<\/p>\n","protected":false},"featured_media":0,"comment_status":"open","ping_status":"closed","template":"","meta":{"_acf_changed":false},"product_brand":[],"product_cat":[269],"product_tag":[],"class_list":{"0":"post-5675","1":"product","2":"type-product","3":"status-publish","5":"product_cat-kuenstliche-schieferplatten","7":"first","8":"instock","9":"shipping-taxable","10":"purchasable","11":"product-type-simple"},"acf":[],"yoast_head":"<!-- This site is optimized with the Yoast SEO plugin v27.3 - https:\/\/yoast.com\/product\/yoast-seo-wordpress\/ -->\n<title>Rustic Slate: leicht selbst zu montierende Kunstschieferplatte | Aquaplan<\/title>\n<meta name=\"description\" content=\"Aquaplan Rustic Slates sind Platten aus synthetischem Schiefer, die sich kaum, wenn \u00fcberhaupt, von echten Naturschiefern unterscheiden lassen. Finden Sie eine Verkaufsstelle in Ihrer N\u00e4he!\" \/>\n<meta name=\"robots\" content=\"index, follow, max-snippet:-1, max-image-preview:large, max-video-preview:-1\" \/>\n<link rel=\"canonical\" href=\"https:\/\/www.aquaplan.com\/de\/produkt\/rustic-slate\/\" \/>\n<meta property=\"og:locale\" content=\"de_DE\" \/>\n<meta property=\"og:type\" content=\"article\" \/>\n<meta property=\"og:title\" content=\"Rustic Slate: leicht selbst zu montierende Kunstschieferplatte | Aquaplan\" \/>\n<meta property=\"og:description\" content=\"Aquaplan Rustic Slates sind Platten aus synthetischem Schiefer, die sich kaum, wenn \u00fcberhaupt, von echten Naturschiefern unterscheiden lassen. Finden Sie eine Verkaufsstelle in Ihrer N\u00e4he!\" \/>\n<meta property=\"og:url\" content=\"https:\/\/www.aquaplan.com\/de\/produkt\/rustic-slate\/\" \/>\n<meta property=\"og:site_name\" content=\"Aquaplan\" \/>\n<meta property=\"article:modified_time\" content=\"2026-04-03T09:38:13+00:00\" \/>\n<meta name=\"twitter:card\" content=\"summary_large_image\" \/>\n<meta name=\"twitter:label1\" content=\"Gesch\u00e4tzte Lesezeit\" \/>\n\t<meta name=\"twitter:data1\" content=\"1\u00a0Minute\" \/>\n<script type=\"application\/ld+json\" class=\"yoast-schema-graph\">{\"@context\":\"https:\\\/\\\/schema.org\",\"@graph\":[{\"@type\":\"WebPage\",\"@id\":\"https:\\\/\\\/www.aquaplan.com\\\/de\\\/produkt\\\/rustic-slate\\\/\",\"url\":\"https:\\\/\\\/www.aquaplan.com\\\/de\\\/produkt\\\/rustic-slate\\\/\",\"name\":\"Rustic Slate: leicht selbst zu montierende Kunstschieferplatte | Aquaplan\",\"isPartOf\":{\"@id\":\"https:\\\/\\\/www.aquaplan.com\\\/de\\\/#website\"},\"datePublished\":\"2024-12-09T11:41:43+00:00\",\"dateModified\":\"2026-04-03T09:38:13+00:00\",\"description\":\"Aquaplan Rustic Slates sind Platten aus synthetischem Schiefer, die sich kaum, wenn \u00fcberhaupt, von echten Naturschiefern unterscheiden lassen. Finden Sie eine Verkaufsstelle in Ihrer N\u00e4he!\",\"breadcrumb\":{\"@id\":\"https:\\\/\\\/www.aquaplan.com\\\/de\\\/produkt\\\/rustic-slate\\\/#breadcrumb\"},\"inLanguage\":\"de\",\"potentialAction\":[{\"@type\":\"ReadAction\",\"target\":[\"https:\\\/\\\/www.aquaplan.com\\\/de\\\/produkt\\\/rustic-slate\\\/\"]}]},{\"@type\":\"BreadcrumbList\",\"@id\":\"https:\\\/\\\/www.aquaplan.com\\\/de\\\/produkt\\\/rustic-slate\\\/#breadcrumb\",\"itemListElement\":[{\"@type\":\"ListItem\",\"position\":1,\"name\":\"Home\",\"item\":\"https:\\\/\\\/www.aquaplan.com\\\/de\\\/\"},{\"@type\":\"ListItem\",\"position\":2,\"name\":\"Producten\",\"item\":\"https:\\\/\\\/www.aquaplan.com\\\/producten\\\/\"},{\"@type\":\"ListItem\",\"position\":3,\"name\":\"Rustic Slate\"}]},{\"@type\":\"WebSite\",\"@id\":\"https:\\\/\\\/www.aquaplan.com\\\/de\\\/#website\",\"url\":\"https:\\\/\\\/www.aquaplan.com\\\/de\\\/\",\"name\":\"Aquaplan\",\"description\":\"Jouw expert in dakbedekking &amp; vochtbestrijding\",\"publisher\":{\"@id\":\"https:\\\/\\\/www.aquaplan.com\\\/de\\\/#organization\"},\"potentialAction\":[{\"@type\":\"SearchAction\",\"target\":{\"@type\":\"EntryPoint\",\"urlTemplate\":\"https:\\\/\\\/www.aquaplan.com\\\/de\\\/?s={search_term_string}\"},\"query-input\":{\"@type\":\"PropertyValueSpecification\",\"valueRequired\":true,\"valueName\":\"search_term_string\"}}],\"inLanguage\":\"de\"},{\"@type\":\"Organization\",\"@id\":\"https:\\\/\\\/www.aquaplan.com\\\/de\\\/#organization\",\"name\":\"Aquaplan\",\"url\":\"https:\\\/\\\/www.aquaplan.com\\\/de\\\/\",\"logo\":{\"@type\":\"ImageObject\",\"inLanguage\":\"de\",\"@id\":\"https:\\\/\\\/www.aquaplan.com\\\/de\\\/#\\\/schema\\\/logo\\\/image\\\/\",\"url\":\"https:\\\/\\\/www.aquaplan.com\\\/wp-content\\\/uploads\\\/2024\\\/12\\\/aquaplan_emailheader.jpg\",\"contentUrl\":\"https:\\\/\\\/www.aquaplan.com\\\/wp-content\\\/uploads\\\/2024\\\/12\\\/aquaplan_emailheader.jpg\",\"width\":600,\"height\":150,\"caption\":\"Aquaplan\"},\"image\":{\"@id\":\"https:\\\/\\\/www.aquaplan.com\\\/de\\\/#\\\/schema\\\/logo\\\/image\\\/\"}}]}<\/script>\n<!-- \/ Yoast SEO plugin. -->","yoast_head_json":{"title":"Rustic Slate: leicht selbst zu montierende Kunstschieferplatte | Aquaplan","description":"Aquaplan Rustic Slates sind Platten aus synthetischem Schiefer, die sich kaum, wenn \u00fcberhaupt, von echten Naturschiefern unterscheiden lassen. Finden Sie eine Verkaufsstelle in Ihrer N\u00e4he!","robots":{"index":"index","follow":"follow","max-snippet":"max-snippet:-1","max-image-preview":"max-image-preview:large","max-video-preview":"max-video-preview:-1"},"canonical":"https:\/\/www.aquaplan.com\/de\/produkt\/rustic-slate\/","og_locale":"de_DE","og_type":"article","og_title":"Rustic Slate: leicht selbst zu montierende Kunstschieferplatte | Aquaplan","og_description":"Aquaplan Rustic Slates sind Platten aus synthetischem Schiefer, die sich kaum, wenn \u00fcberhaupt, von echten Naturschiefern unterscheiden lassen. Finden Sie eine Verkaufsstelle in Ihrer N\u00e4he!","og_url":"https:\/\/www.aquaplan.com\/de\/produkt\/rustic-slate\/","og_site_name":"Aquaplan","article_modified_time":"2026-04-03T09:38:13+00:00","twitter_card":"summary_large_image","twitter_misc":{"Gesch\u00e4tzte Lesezeit":"1\u00a0Minute"},"schema":{"@context":"https:\/\/schema.org","@graph":[{"@type":"WebPage","@id":"https:\/\/www.aquaplan.com\/de\/produkt\/rustic-slate\/","url":"https:\/\/www.aquaplan.com\/de\/produkt\/rustic-slate\/","name":"Rustic Slate: leicht selbst zu montierende Kunstschieferplatte | Aquaplan","isPartOf":{"@id":"https:\/\/www.aquaplan.com\/de\/#website"},"datePublished":"2024-12-09T11:41:43+00:00","dateModified":"2026-04-03T09:38:13+00:00","description":"Aquaplan Rustic Slates sind Platten aus synthetischem Schiefer, die sich kaum, wenn \u00fcberhaupt, von echten Naturschiefern unterscheiden lassen. Finden Sie eine Verkaufsstelle in Ihrer N\u00e4he!","breadcrumb":{"@id":"https:\/\/www.aquaplan.com\/de\/produkt\/rustic-slate\/#breadcrumb"},"inLanguage":"de","potentialAction":[{"@type":"ReadAction","target":["https:\/\/www.aquaplan.com\/de\/produkt\/rustic-slate\/"]}]},{"@type":"BreadcrumbList","@id":"https:\/\/www.aquaplan.com\/de\/produkt\/rustic-slate\/#breadcrumb","itemListElement":[{"@type":"ListItem","position":1,"name":"Home","item":"https:\/\/www.aquaplan.com\/de\/"},{"@type":"ListItem","position":2,"name":"Producten","item":"https:\/\/www.aquaplan.com\/producten\/"},{"@type":"ListItem","position":3,"name":"Rustic Slate"}]},{"@type":"WebSite","@id":"https:\/\/www.aquaplan.com\/de\/#website","url":"https:\/\/www.aquaplan.com\/de\/","name":"Aquaplan","description":"Jouw expert in dakbedekking &amp; vochtbestrijding","publisher":{"@id":"https:\/\/www.aquaplan.com\/de\/#organization"},"potentialAction":[{"@type":"SearchAction","target":{"@type":"EntryPoint","urlTemplate":"https:\/\/www.aquaplan.com\/de\/?s={search_term_string}"},"query-input":{"@type":"PropertyValueSpecification","valueRequired":true,"valueName":"search_term_string"}}],"inLanguage":"de"},{"@type":"Organization","@id":"https:\/\/www.aquaplan.com\/de\/#organization","name":"Aquaplan","url":"https:\/\/www.aquaplan.com\/de\/","logo":{"@type":"ImageObject","inLanguage":"de","@id":"https:\/\/www.aquaplan.com\/de\/#\/schema\/logo\/image\/","url":"https:\/\/www.aquaplan.com\/wp-content\/uploads\/2024\/12\/aquaplan_emailheader.jpg","contentUrl":"https:\/\/www.aquaplan.com\/wp-content\/uploads\/2024\/12\/aquaplan_emailheader.jpg","width":600,"height":150,"caption":"Aquaplan"},"image":{"@id":"https:\/\/www.aquaplan.com\/de\/#\/schema\/logo\/image\/"}}]}},"_links":{"self":[{"href":"https:\/\/www.aquaplan.com\/de\/wp-json\/wp\/v2\/product\/5675","targetHints":{"allow":["GET"]}}],"collection":[{"href":"https:\/\/www.aquaplan.com\/de\/wp-json\/wp\/v2\/product"}],"about":[{"href":"https:\/\/www.aquaplan.com\/de\/wp-json\/wp\/v2\/types\/product"}],"replies":[{"embeddable":true,"href":"https:\/\/www.aquaplan.com\/de\/wp-json\/wp\/v2\/comments?post=5675"}],"wp:attachment":[{"href":"https:\/\/www.aquaplan.com\/de\/wp-json\/wp\/v2\/media?parent=5675"}],"wp:term":[{"taxonomy":"product_brand","embeddable":true,"href":"https:\/\/www.aquaplan.com\/de\/wp-json\/wp\/v2\/product_brand?post=5675"},{"taxonomy":"product_cat","embeddable":true,"href":"https:\/\/www.aquaplan.com\/de\/wp-json\/wp\/v2\/product_cat?post=5675"},{"taxonomy":"product_tag","embeddable":true,"href":"https:\/\/www.aquaplan.com\/de\/wp-json\/wp\/v2\/product_tag?post=5675"}],"curies":[{"name":"wp","href":"https:\/\/api.w.org\/{rel}","templated":true}]}}