{"id":5286,"date":"2024-12-09T11:41:05","date_gmt":"2024-12-09T11:41:05","guid":{"rendered":"https:\/\/www.aquaplan.com\/product\/aqua-lood\/"},"modified":"2026-04-02T11:45:45","modified_gmt":"2026-04-02T11:45:45","slug":"aqua-blei","status":"publish","type":"product","link":"https:\/\/www.aquaplan.com\/de\/produkt\/aqua-blei\/","title":{"rendered":"Aqua-Blei"},"content":{"rendered":"<h3>Klassisches Baublei<\/h3>\n<p>Klassisches Bleiblech mit einer Dicke von 1,25 mm eignet sich f\u00fcr verschiedene Anwendungen in jedem Bauwerk. Baublei ist sehr widerstandsf\u00e4hig gegen atmosph\u00e4rische Einfl\u00fcsse (z. B. saurer Regen) und l\u00e4sst sich leicht verarbeiten. Produziert nach der CEN-Norm, erf\u00fcllt also alle technischen Spezifikationen von Baublei.<\/p>\n<ul>\n<li>Einfach zu verarbeiten: falten, schneiden und anbringen<\/li>\n<li>Hohe Witterungs- und UV-Best\u00e4ndigkeit<\/li>\n<li>Mit Schutzschicht, verhindert Spuren von Oxidation<\/li>\n<\/ul>\n","protected":false},"excerpt":{"rendered":"<p>Klassisches Baublei Klassisches Bleiblech mit einer Dicke von 1,25 mm eignet sich f\u00fcr verschiedene Anwendungen in jedem Bauwerk. Baublei ist&#8230;<\/p>\n","protected":false},"featured_media":0,"comment_status":"open","ping_status":"closed","template":"","meta":{"_acf_changed":false},"product_brand":[],"product_cat":[433],"product_tag":[],"class_list":{"0":"post-5286","1":"product","2":"type-product","3":"status-publish","5":"product_cat-fuehren","7":"first","8":"instock","9":"shipping-taxable","10":"purchasable","11":"product-type-variable"},"acf":[],"yoast_head":"<!-- This site is optimized with the Yoast SEO plugin v27.4 - https:\/\/yoast.com\/product\/yoast-seo-wordpress\/ -->\n<title>Aqua-Blei: klassisches Baublei mit hoher Best\u00e4ndigkeit | Aquaplan<\/title>\n<meta name=\"description\" content=\"Aqua-Blei ist ein klassisches Bleiblech, das sich f\u00fcr verschiedene Anwendungen in jeder Geb\u00e4udestruktur eignet. Finden Sie eine Verkaufsstelle in Ihrer N\u00e4he!\" \/>\n<meta name=\"robots\" content=\"index, follow, max-snippet:-1, max-image-preview:large, max-video-preview:-1\" \/>\n<link rel=\"canonical\" href=\"https:\/\/www.aquaplan.com\/de\/produkt\/aqua-blei\/\" \/>\n<meta property=\"og:locale\" content=\"de_DE\" \/>\n<meta property=\"og:type\" content=\"article\" \/>\n<meta property=\"og:title\" content=\"Aqua-Blei: klassisches Baublei mit hoher Best\u00e4ndigkeit | Aquaplan\" \/>\n<meta property=\"og:description\" content=\"Aqua-Blei ist ein klassisches Bleiblech, das sich f\u00fcr verschiedene Anwendungen in jeder Geb\u00e4udestruktur eignet. Finden Sie eine Verkaufsstelle in Ihrer N\u00e4he!\" \/>\n<meta property=\"og:url\" content=\"https:\/\/www.aquaplan.com\/de\/produkt\/aqua-blei\/\" \/>\n<meta property=\"og:site_name\" content=\"Aquaplan\" \/>\n<meta property=\"article:modified_time\" content=\"2026-04-02T11:45:45+00:00\" \/>\n<meta name=\"twitter:card\" content=\"summary_large_image\" \/>\n<script type=\"application\/ld+json\" class=\"yoast-schema-graph\">{\"@context\":\"https:\\\/\\\/schema.org\",\"@graph\":[{\"@type\":\"WebPage\",\"@id\":\"https:\\\/\\\/www.aquaplan.com\\\/de\\\/produkt\\\/aqua-blei\\\/\",\"url\":\"https:\\\/\\\/www.aquaplan.com\\\/de\\\/produkt\\\/aqua-blei\\\/\",\"name\":\"Aqua-Blei: klassisches Baublei mit hoher Best\u00e4ndigkeit | Aquaplan\",\"isPartOf\":{\"@id\":\"https:\\\/\\\/www.aquaplan.com\\\/de\\\/#website\"},\"datePublished\":\"2024-12-09T11:41:05+00:00\",\"dateModified\":\"2026-04-02T11:45:45+00:00\",\"description\":\"Aqua-Blei ist ein klassisches Bleiblech, das sich f\u00fcr verschiedene Anwendungen in jeder Geb\u00e4udestruktur eignet. Finden Sie eine Verkaufsstelle in Ihrer N\u00e4he!\",\"breadcrumb\":{\"@id\":\"https:\\\/\\\/www.aquaplan.com\\\/de\\\/produkt\\\/aqua-blei\\\/#breadcrumb\"},\"inLanguage\":\"de\",\"potentialAction\":[{\"@type\":\"ReadAction\",\"target\":[\"https:\\\/\\\/www.aquaplan.com\\\/de\\\/produkt\\\/aqua-blei\\\/\"]}]},{\"@type\":\"BreadcrumbList\",\"@id\":\"https:\\\/\\\/www.aquaplan.com\\\/de\\\/produkt\\\/aqua-blei\\\/#breadcrumb\",\"itemListElement\":[{\"@type\":\"ListItem\",\"position\":1,\"name\":\"Home\",\"item\":\"https:\\\/\\\/www.aquaplan.com\\\/de\\\/\"},{\"@type\":\"ListItem\",\"position\":2,\"name\":\"Producten\",\"item\":\"https:\\\/\\\/www.aquaplan.com\\\/producten\\\/\"},{\"@type\":\"ListItem\",\"position\":3,\"name\":\"Aqua-Blei\"}]},{\"@type\":\"WebSite\",\"@id\":\"https:\\\/\\\/www.aquaplan.com\\\/de\\\/#website\",\"url\":\"https:\\\/\\\/www.aquaplan.com\\\/de\\\/\",\"name\":\"Aquaplan\",\"description\":\"Jouw expert in dakbedekking &amp; vochtbestrijding\",\"publisher\":{\"@id\":\"https:\\\/\\\/www.aquaplan.com\\\/de\\\/#organization\"},\"potentialAction\":[{\"@type\":\"SearchAction\",\"target\":{\"@type\":\"EntryPoint\",\"urlTemplate\":\"https:\\\/\\\/www.aquaplan.com\\\/de\\\/?s={search_term_string}\"},\"query-input\":{\"@type\":\"PropertyValueSpecification\",\"valueRequired\":true,\"valueName\":\"search_term_string\"}}],\"inLanguage\":\"de\"},{\"@type\":\"Organization\",\"@id\":\"https:\\\/\\\/www.aquaplan.com\\\/de\\\/#organization\",\"name\":\"Aquaplan\",\"url\":\"https:\\\/\\\/www.aquaplan.com\\\/de\\\/\",\"logo\":{\"@type\":\"ImageObject\",\"inLanguage\":\"de\",\"@id\":\"https:\\\/\\\/www.aquaplan.com\\\/de\\\/#\\\/schema\\\/logo\\\/image\\\/\",\"url\":\"https:\\\/\\\/www.aquaplan.com\\\/wp-content\\\/uploads\\\/2024\\\/12\\\/aquaplan_emailheader.jpg\",\"contentUrl\":\"https:\\\/\\\/www.aquaplan.com\\\/wp-content\\\/uploads\\\/2024\\\/12\\\/aquaplan_emailheader.jpg\",\"width\":600,\"height\":150,\"caption\":\"Aquaplan\"},\"image\":{\"@id\":\"https:\\\/\\\/www.aquaplan.com\\\/de\\\/#\\\/schema\\\/logo\\\/image\\\/\"}}]}<\/script>\n<!-- \/ Yoast SEO plugin. -->","yoast_head_json":{"title":"Aqua-Blei: klassisches Baublei mit hoher Best\u00e4ndigkeit | Aquaplan","description":"Aqua-Blei ist ein klassisches Bleiblech, das sich f\u00fcr verschiedene Anwendungen in jeder Geb\u00e4udestruktur eignet. Finden Sie eine Verkaufsstelle in Ihrer N\u00e4he!","robots":{"index":"index","follow":"follow","max-snippet":"max-snippet:-1","max-image-preview":"max-image-preview:large","max-video-preview":"max-video-preview:-1"},"canonical":"https:\/\/www.aquaplan.com\/de\/produkt\/aqua-blei\/","og_locale":"de_DE","og_type":"article","og_title":"Aqua-Blei: klassisches Baublei mit hoher Best\u00e4ndigkeit | Aquaplan","og_description":"Aqua-Blei ist ein klassisches Bleiblech, das sich f\u00fcr verschiedene Anwendungen in jeder Geb\u00e4udestruktur eignet. Finden Sie eine Verkaufsstelle in Ihrer N\u00e4he!","og_url":"https:\/\/www.aquaplan.com\/de\/produkt\/aqua-blei\/","og_site_name":"Aquaplan","article_modified_time":"2026-04-02T11:45:45+00:00","twitter_card":"summary_large_image","schema":{"@context":"https:\/\/schema.org","@graph":[{"@type":"WebPage","@id":"https:\/\/www.aquaplan.com\/de\/produkt\/aqua-blei\/","url":"https:\/\/www.aquaplan.com\/de\/produkt\/aqua-blei\/","name":"Aqua-Blei: klassisches Baublei mit hoher Best\u00e4ndigkeit | Aquaplan","isPartOf":{"@id":"https:\/\/www.aquaplan.com\/de\/#website"},"datePublished":"2024-12-09T11:41:05+00:00","dateModified":"2026-04-02T11:45:45+00:00","description":"Aqua-Blei ist ein klassisches Bleiblech, das sich f\u00fcr verschiedene Anwendungen in jeder Geb\u00e4udestruktur eignet. Finden Sie eine Verkaufsstelle in Ihrer N\u00e4he!","breadcrumb":{"@id":"https:\/\/www.aquaplan.com\/de\/produkt\/aqua-blei\/#breadcrumb"},"inLanguage":"de","potentialAction":[{"@type":"ReadAction","target":["https:\/\/www.aquaplan.com\/de\/produkt\/aqua-blei\/"]}]},{"@type":"BreadcrumbList","@id":"https:\/\/www.aquaplan.com\/de\/produkt\/aqua-blei\/#breadcrumb","itemListElement":[{"@type":"ListItem","position":1,"name":"Home","item":"https:\/\/www.aquaplan.com\/de\/"},{"@type":"ListItem","position":2,"name":"Producten","item":"https:\/\/www.aquaplan.com\/producten\/"},{"@type":"ListItem","position":3,"name":"Aqua-Blei"}]},{"@type":"WebSite","@id":"https:\/\/www.aquaplan.com\/de\/#website","url":"https:\/\/www.aquaplan.com\/de\/","name":"Aquaplan","description":"Jouw expert in dakbedekking &amp; vochtbestrijding","publisher":{"@id":"https:\/\/www.aquaplan.com\/de\/#organization"},"potentialAction":[{"@type":"SearchAction","target":{"@type":"EntryPoint","urlTemplate":"https:\/\/www.aquaplan.com\/de\/?s={search_term_string}"},"query-input":{"@type":"PropertyValueSpecification","valueRequired":true,"valueName":"search_term_string"}}],"inLanguage":"de"},{"@type":"Organization","@id":"https:\/\/www.aquaplan.com\/de\/#organization","name":"Aquaplan","url":"https:\/\/www.aquaplan.com\/de\/","logo":{"@type":"ImageObject","inLanguage":"de","@id":"https:\/\/www.aquaplan.com\/de\/#\/schema\/logo\/image\/","url":"https:\/\/www.aquaplan.com\/wp-content\/uploads\/2024\/12\/aquaplan_emailheader.jpg","contentUrl":"https:\/\/www.aquaplan.com\/wp-content\/uploads\/2024\/12\/aquaplan_emailheader.jpg","width":600,"height":150,"caption":"Aquaplan"},"image":{"@id":"https:\/\/www.aquaplan.com\/de\/#\/schema\/logo\/image\/"}}]}},"_links":{"self":[{"href":"https:\/\/www.aquaplan.com\/de\/wp-json\/wp\/v2\/product\/5286","targetHints":{"allow":["GET"]}}],"collection":[{"href":"https:\/\/www.aquaplan.com\/de\/wp-json\/wp\/v2\/product"}],"about":[{"href":"https:\/\/www.aquaplan.com\/de\/wp-json\/wp\/v2\/types\/product"}],"replies":[{"embeddable":true,"href":"https:\/\/www.aquaplan.com\/de\/wp-json\/wp\/v2\/comments?post=5286"}],"wp:attachment":[{"href":"https:\/\/www.aquaplan.com\/de\/wp-json\/wp\/v2\/media?parent=5286"}],"wp:term":[{"taxonomy":"product_brand","embeddable":true,"href":"https:\/\/www.aquaplan.com\/de\/wp-json\/wp\/v2\/product_brand?post=5286"},{"taxonomy":"product_cat","embeddable":true,"href":"https:\/\/www.aquaplan.com\/de\/wp-json\/wp\/v2\/product_cat?post=5286"},{"taxonomy":"product_tag","embeddable":true,"href":"https:\/\/www.aquaplan.com\/de\/wp-json\/wp\/v2\/product_tag?post=5286"}],"curies":[{"name":"wp","href":"https:\/\/api.w.org\/{rel}","templated":true}]}}