{"id":21363,"date":"2026-04-28T14:13:54","date_gmt":"2026-04-28T14:13:54","guid":{"rendered":"https:\/\/www.aquaplan.com\/product\/surface-protect-stone-sealer-2\/"},"modified":"2026-04-29T00:32:42","modified_gmt":"2026-04-29T00:32:42","slug":"surface-protect-stone-sealer","status":"publish","type":"product","link":"https:\/\/www.aquaplan.com\/de\/produkt\/surface-protect-stone-sealer\/","title":{"rendered":"Surface Protect Stone Sealer"},"content":{"rendered":"<h3>Sch\u00fctzende Beschichtung f\u00fcr Au\u00dfenfliesen und Pflastersteine<\/h3>\n<p>Der SURFACE PROTECT STONE SEALER ist die ideale Wahl f\u00fcr alle, die ihre Terrasse oder Einfahrt langfristig sch\u00fctzen und zugleich versch\u00f6nern m\u00f6chten. Diese transparente, hochwertige Beschichtung eignet sich f\u00fcr por\u00f6se und nicht por\u00f6se Platten und Pfl astersteine und sorgt bereits nach nur einer Schicht f\u00fcr ein sichtbar erneuertes Erscheinungsbild. Die Farben des Steins werden wieder belebt, w\u00e4hrend die Oberfl \u00e4che dank der wasserabweisenden Wirkung vor Flecken durch Schmutz oder Fett gesch\u00fctzt wird. Au\u00dferdem hilft der Sealer, Gr\u00fcnbelag zu verhindern, sodass Ihre Pfl asterfl \u00e4che Saison f\u00fcr Saison frisch und gepfl egt aussieht.<\/p>\n<ul>\n<li>Wasserabweisend<\/li>\n<li>Frischt die Farben auf<\/li>\n<li>Verhindert Gr\u00fcnbelag<\/li>\n<\/ul>\n","protected":false},"excerpt":{"rendered":"<p>Sch\u00fctzende Beschichtung f\u00fcr Au\u00dfenfliesen und Pflastersteine Der SURFACE PROTECT STONE SEALER ist die ideale Wahl f\u00fcr alle, die ihre Terrasse&#8230;<\/p>\n","protected":false},"featured_media":0,"comment_status":"open","ping_status":"closed","template":"","meta":{"_acf_changed":false},"product_brand":[],"product_cat":[363],"product_tag":[],"class_list":{"0":"post-21363","1":"product","2":"type-product","3":"status-publish","5":"product_cat-terrassenpflege","7":"first","8":"instock","9":"shipping-taxable","10":"purchasable","11":"product-type-simple"},"acf":[],"yoast_head":"<!-- This site is optimized with the Yoast SEO plugin v27.4 - https:\/\/yoast.com\/product\/yoast-seo-wordpress\/ -->\n<title>Surface Protect Stone Sealer | Schutz f\u00fcr Fliesen &amp; Pflastersteine<\/title>\n<meta name=\"description\" content=\"Sch\u00fctzen und versch\u00f6nern Sie Terrasse oder Einfahrt mit Surface Protect Stone Sealer. Wasserabweisend, farbauffrischend und sch\u00fctzt vor Gr\u00fcnbelag\" \/>\n<meta name=\"robots\" content=\"index, follow, max-snippet:-1, max-image-preview:large, max-video-preview:-1\" \/>\n<link rel=\"canonical\" href=\"https:\/\/www.aquaplan.com\/de\/produkt\/surface-protect-stone-sealer\/\" \/>\n<meta property=\"og:locale\" content=\"de_DE\" \/>\n<meta property=\"og:type\" content=\"article\" \/>\n<meta property=\"og:title\" content=\"Surface Protect Stone Sealer | Schutz f\u00fcr Fliesen &amp; Pflastersteine\" \/>\n<meta property=\"og:description\" content=\"Sch\u00fctzen und versch\u00f6nern Sie Terrasse oder Einfahrt mit Surface Protect Stone Sealer. Wasserabweisend, farbauffrischend und sch\u00fctzt vor Gr\u00fcnbelag\" \/>\n<meta property=\"og:url\" content=\"https:\/\/www.aquaplan.com\/de\/produkt\/surface-protect-stone-sealer\/\" \/>\n<meta property=\"og:site_name\" content=\"Aquaplan\" \/>\n<meta property=\"article:modified_time\" content=\"2026-04-29T00:32:42+00:00\" \/>\n<meta name=\"twitter:card\" content=\"summary_large_image\" \/>\n<meta name=\"twitter:label1\" content=\"Gesch\u00e4tzte Lesezeit\" \/>\n\t<meta name=\"twitter:data1\" content=\"1\u00a0Minute\" \/>\n<script type=\"application\/ld+json\" class=\"yoast-schema-graph\">{\"@context\":\"https:\\\/\\\/schema.org\",\"@graph\":[{\"@type\":\"WebPage\",\"@id\":\"https:\\\/\\\/www.aquaplan.com\\\/de\\\/produkt\\\/surface-protect-stone-sealer\\\/\",\"url\":\"https:\\\/\\\/www.aquaplan.com\\\/de\\\/produkt\\\/surface-protect-stone-sealer\\\/\",\"name\":\"Surface Protect Stone Sealer | Schutz f\u00fcr Fliesen & Pflastersteine\",\"isPartOf\":{\"@id\":\"https:\\\/\\\/www.aquaplan.com\\\/de\\\/#website\"},\"datePublished\":\"2026-04-28T14:13:54+00:00\",\"dateModified\":\"2026-04-29T00:32:42+00:00\",\"description\":\"Sch\u00fctzen und versch\u00f6nern Sie Terrasse oder Einfahrt mit Surface Protect Stone Sealer. Wasserabweisend, farbauffrischend und sch\u00fctzt vor Gr\u00fcnbelag\",\"breadcrumb\":{\"@id\":\"https:\\\/\\\/www.aquaplan.com\\\/de\\\/produkt\\\/surface-protect-stone-sealer\\\/#breadcrumb\"},\"inLanguage\":\"de\",\"potentialAction\":[{\"@type\":\"ReadAction\",\"target\":[\"https:\\\/\\\/www.aquaplan.com\\\/de\\\/produkt\\\/surface-protect-stone-sealer\\\/\"]}]},{\"@type\":\"BreadcrumbList\",\"@id\":\"https:\\\/\\\/www.aquaplan.com\\\/de\\\/produkt\\\/surface-protect-stone-sealer\\\/#breadcrumb\",\"itemListElement\":[{\"@type\":\"ListItem\",\"position\":1,\"name\":\"Home\",\"item\":\"https:\\\/\\\/www.aquaplan.com\\\/de\\\/\"},{\"@type\":\"ListItem\",\"position\":2,\"name\":\"Producten\",\"item\":\"https:\\\/\\\/www.aquaplan.com\\\/producten\\\/\"},{\"@type\":\"ListItem\",\"position\":3,\"name\":\"Surface Protect Stone Sealer\"}]},{\"@type\":\"WebSite\",\"@id\":\"https:\\\/\\\/www.aquaplan.com\\\/de\\\/#website\",\"url\":\"https:\\\/\\\/www.aquaplan.com\\\/de\\\/\",\"name\":\"Aquaplan\",\"description\":\"Jouw expert in dakbedekking &amp; vochtbestrijding\",\"publisher\":{\"@id\":\"https:\\\/\\\/www.aquaplan.com\\\/de\\\/#organization\"},\"potentialAction\":[{\"@type\":\"SearchAction\",\"target\":{\"@type\":\"EntryPoint\",\"urlTemplate\":\"https:\\\/\\\/www.aquaplan.com\\\/de\\\/?s={search_term_string}\"},\"query-input\":{\"@type\":\"PropertyValueSpecification\",\"valueRequired\":true,\"valueName\":\"search_term_string\"}}],\"inLanguage\":\"de\"},{\"@type\":\"Organization\",\"@id\":\"https:\\\/\\\/www.aquaplan.com\\\/de\\\/#organization\",\"name\":\"Aquaplan\",\"url\":\"https:\\\/\\\/www.aquaplan.com\\\/de\\\/\",\"logo\":{\"@type\":\"ImageObject\",\"inLanguage\":\"de\",\"@id\":\"https:\\\/\\\/www.aquaplan.com\\\/de\\\/#\\\/schema\\\/logo\\\/image\\\/\",\"url\":\"https:\\\/\\\/www.aquaplan.com\\\/wp-content\\\/uploads\\\/2024\\\/12\\\/aquaplan_emailheader.jpg\",\"contentUrl\":\"https:\\\/\\\/www.aquaplan.com\\\/wp-content\\\/uploads\\\/2024\\\/12\\\/aquaplan_emailheader.jpg\",\"width\":600,\"height\":150,\"caption\":\"Aquaplan\"},\"image\":{\"@id\":\"https:\\\/\\\/www.aquaplan.com\\\/de\\\/#\\\/schema\\\/logo\\\/image\\\/\"}}]}<\/script>\n<!-- \/ Yoast SEO plugin. -->","yoast_head_json":{"title":"Surface Protect Stone Sealer | Schutz f\u00fcr Fliesen & Pflastersteine","description":"Sch\u00fctzen und versch\u00f6nern Sie Terrasse oder Einfahrt mit Surface Protect Stone Sealer. Wasserabweisend, farbauffrischend und sch\u00fctzt vor Gr\u00fcnbelag","robots":{"index":"index","follow":"follow","max-snippet":"max-snippet:-1","max-image-preview":"max-image-preview:large","max-video-preview":"max-video-preview:-1"},"canonical":"https:\/\/www.aquaplan.com\/de\/produkt\/surface-protect-stone-sealer\/","og_locale":"de_DE","og_type":"article","og_title":"Surface Protect Stone Sealer | Schutz f\u00fcr Fliesen & Pflastersteine","og_description":"Sch\u00fctzen und versch\u00f6nern Sie Terrasse oder Einfahrt mit Surface Protect Stone Sealer. Wasserabweisend, farbauffrischend und sch\u00fctzt vor Gr\u00fcnbelag","og_url":"https:\/\/www.aquaplan.com\/de\/produkt\/surface-protect-stone-sealer\/","og_site_name":"Aquaplan","article_modified_time":"2026-04-29T00:32:42+00:00","twitter_card":"summary_large_image","twitter_misc":{"Gesch\u00e4tzte Lesezeit":"1\u00a0Minute"},"schema":{"@context":"https:\/\/schema.org","@graph":[{"@type":"WebPage","@id":"https:\/\/www.aquaplan.com\/de\/produkt\/surface-protect-stone-sealer\/","url":"https:\/\/www.aquaplan.com\/de\/produkt\/surface-protect-stone-sealer\/","name":"Surface Protect Stone Sealer | Schutz f\u00fcr Fliesen & Pflastersteine","isPartOf":{"@id":"https:\/\/www.aquaplan.com\/de\/#website"},"datePublished":"2026-04-28T14:13:54+00:00","dateModified":"2026-04-29T00:32:42+00:00","description":"Sch\u00fctzen und versch\u00f6nern Sie Terrasse oder Einfahrt mit Surface Protect Stone Sealer. Wasserabweisend, farbauffrischend und sch\u00fctzt vor Gr\u00fcnbelag","breadcrumb":{"@id":"https:\/\/www.aquaplan.com\/de\/produkt\/surface-protect-stone-sealer\/#breadcrumb"},"inLanguage":"de","potentialAction":[{"@type":"ReadAction","target":["https:\/\/www.aquaplan.com\/de\/produkt\/surface-protect-stone-sealer\/"]}]},{"@type":"BreadcrumbList","@id":"https:\/\/www.aquaplan.com\/de\/produkt\/surface-protect-stone-sealer\/#breadcrumb","itemListElement":[{"@type":"ListItem","position":1,"name":"Home","item":"https:\/\/www.aquaplan.com\/de\/"},{"@type":"ListItem","position":2,"name":"Producten","item":"https:\/\/www.aquaplan.com\/producten\/"},{"@type":"ListItem","position":3,"name":"Surface Protect Stone Sealer"}]},{"@type":"WebSite","@id":"https:\/\/www.aquaplan.com\/de\/#website","url":"https:\/\/www.aquaplan.com\/de\/","name":"Aquaplan","description":"Jouw expert in dakbedekking &amp; vochtbestrijding","publisher":{"@id":"https:\/\/www.aquaplan.com\/de\/#organization"},"potentialAction":[{"@type":"SearchAction","target":{"@type":"EntryPoint","urlTemplate":"https:\/\/www.aquaplan.com\/de\/?s={search_term_string}"},"query-input":{"@type":"PropertyValueSpecification","valueRequired":true,"valueName":"search_term_string"}}],"inLanguage":"de"},{"@type":"Organization","@id":"https:\/\/www.aquaplan.com\/de\/#organization","name":"Aquaplan","url":"https:\/\/www.aquaplan.com\/de\/","logo":{"@type":"ImageObject","inLanguage":"de","@id":"https:\/\/www.aquaplan.com\/de\/#\/schema\/logo\/image\/","url":"https:\/\/www.aquaplan.com\/wp-content\/uploads\/2024\/12\/aquaplan_emailheader.jpg","contentUrl":"https:\/\/www.aquaplan.com\/wp-content\/uploads\/2024\/12\/aquaplan_emailheader.jpg","width":600,"height":150,"caption":"Aquaplan"},"image":{"@id":"https:\/\/www.aquaplan.com\/de\/#\/schema\/logo\/image\/"}}]}},"_links":{"self":[{"href":"https:\/\/www.aquaplan.com\/de\/wp-json\/wp\/v2\/product\/21363","targetHints":{"allow":["GET"]}}],"collection":[{"href":"https:\/\/www.aquaplan.com\/de\/wp-json\/wp\/v2\/product"}],"about":[{"href":"https:\/\/www.aquaplan.com\/de\/wp-json\/wp\/v2\/types\/product"}],"replies":[{"embeddable":true,"href":"https:\/\/www.aquaplan.com\/de\/wp-json\/wp\/v2\/comments?post=21363"}],"wp:attachment":[{"href":"https:\/\/www.aquaplan.com\/de\/wp-json\/wp\/v2\/media?parent=21363"}],"wp:term":[{"taxonomy":"product_brand","embeddable":true,"href":"https:\/\/www.aquaplan.com\/de\/wp-json\/wp\/v2\/product_brand?post=21363"},{"taxonomy":"product_cat","embeddable":true,"href":"https:\/\/www.aquaplan.com\/de\/wp-json\/wp\/v2\/product_cat?post=21363"},{"taxonomy":"product_tag","embeddable":true,"href":"https:\/\/www.aquaplan.com\/de\/wp-json\/wp\/v2\/product_tag?post=21363"}],"curies":[{"name":"wp","href":"https:\/\/api.w.org\/{rel}","templated":true}]}}