{"id":19976,"date":"2025-01-24T09:36:01","date_gmt":"2025-01-24T09:36:01","guid":{"rendered":"https:\/\/www.aquaplan.com\/product\/epdm-op-rol\/"},"modified":"2026-04-03T15:35:13","modified_gmt":"2026-04-03T15:35:13","slug":"epdm-in-rollen","status":"publish","type":"product","link":"https:\/\/www.aquaplan.com\/de\/produkt\/epdm-in-rollen\/","title":{"rendered":"EPDM in Rollen"},"content":{"rendered":"<h3>Ihr ma\u00dfgeschneidertes Dach in einem St\u00fcck<\/h3>\n<p>EPDM auf Rollen ist eine sehr einfache M\u00f6glichkeit, eine neue Dachabdeckung auf einem Flachdach zu installieren. Rollen Sie die Dachbahn einfach aus, kleben Sie sie auf und fertig! So erhalten Sie ein wasserdichtes Dach, das mindestens 40 Jahre lang halten wird. Auch Heimwerker k\u00f6nnen mit EPDM von Aquaplan m\u00fchelos loslegen.<\/p>\n<ul>\n<li>Einfach zu verlegen, sowohl f\u00fcr Profis als auch f\u00fcr Heimwerker<\/li>\n<li>Wurzelfest, geeignet f\u00fcr Gr\u00fcnd\u00e4cher<\/li>\n<li>Flexibel und dauerelastisch<\/li>\n<\/ul>\n","protected":false},"excerpt":{"rendered":"<p>Ihr ma\u00dfgeschneidertes Dach in einem St\u00fcck EPDM auf Rollen ist eine sehr einfache M\u00f6glichkeit, eine neue Dachabdeckung auf einem Flachdach&#8230;<\/p>\n","protected":false},"featured_media":0,"comment_status":"open","ping_status":"closed","template":"","meta":{"_acf_changed":false},"product_brand":[],"product_cat":[170,174],"product_tag":[],"class_list":{"0":"post-19976","1":"product","2":"type-product","3":"status-publish","5":"product_cat-folies","6":"product_cat-folies-epdm-dach","8":"first","9":"instock","10":"shipping-taxable","11":"purchasable","12":"product-type-variable"},"acf":[],"yoast_head":"<!-- This site is optimized with the Yoast SEO plugin v27.4 - https:\/\/yoast.com\/product\/yoast-seo-wordpress\/ -->\n<title>EPDM auf Rolle - Langlebige Wasserdichte Dachfolie | Aquaplan<\/title>\n<meta name=\"description\" content=\"Sch\u00fctzen Sie Ihr Dach mit EPDM auf Rolle. Flexibel, UV-best\u00e4ndig und wasserdicht. Ideal f\u00fcr Flach- und leicht geneigte D\u00e4cher. Finden Sie einen H\u00e4ndler in Ihrer N\u00e4he!\" \/>\n<meta name=\"robots\" content=\"index, follow, max-snippet:-1, max-image-preview:large, max-video-preview:-1\" \/>\n<link rel=\"canonical\" href=\"https:\/\/www.aquaplan.com\/de\/produkt\/epdm-in-rollen\/\" \/>\n<meta property=\"og:locale\" content=\"de_DE\" \/>\n<meta property=\"og:type\" content=\"article\" \/>\n<meta property=\"og:title\" content=\"EPDM auf Rolle - Langlebige Wasserdichte Dachfolie | Aquaplan\" \/>\n<meta property=\"og:description\" content=\"Sch\u00fctzen Sie Ihr Dach mit EPDM auf Rolle. Flexibel, UV-best\u00e4ndig und wasserdicht. Ideal f\u00fcr Flach- und leicht geneigte D\u00e4cher. Finden Sie einen H\u00e4ndler in Ihrer N\u00e4he!\" \/>\n<meta property=\"og:url\" content=\"https:\/\/www.aquaplan.com\/de\/produkt\/epdm-in-rollen\/\" \/>\n<meta property=\"og:site_name\" content=\"Aquaplan\" \/>\n<meta property=\"article:modified_time\" content=\"2026-04-03T15:35:13+00:00\" \/>\n<meta name=\"twitter:card\" content=\"summary_large_image\" \/>\n<meta name=\"twitter:label1\" content=\"Gesch\u00e4tzte Lesezeit\" \/>\n\t<meta name=\"twitter:data1\" content=\"1\u00a0Minute\" \/>\n<script type=\"application\/ld+json\" class=\"yoast-schema-graph\">{\"@context\":\"https:\\\/\\\/schema.org\",\"@graph\":[{\"@type\":\"WebPage\",\"@id\":\"https:\\\/\\\/www.aquaplan.com\\\/de\\\/produkt\\\/epdm-in-rollen\\\/\",\"url\":\"https:\\\/\\\/www.aquaplan.com\\\/de\\\/produkt\\\/epdm-in-rollen\\\/\",\"name\":\"EPDM auf Rolle - Langlebige Wasserdichte Dachfolie | Aquaplan\",\"isPartOf\":{\"@id\":\"https:\\\/\\\/www.aquaplan.com\\\/de\\\/#website\"},\"datePublished\":\"2025-01-24T09:36:01+00:00\",\"dateModified\":\"2026-04-03T15:35:13+00:00\",\"description\":\"Sch\u00fctzen Sie Ihr Dach mit EPDM auf Rolle. Flexibel, UV-best\u00e4ndig und wasserdicht. Ideal f\u00fcr Flach- und leicht geneigte D\u00e4cher. Finden Sie einen H\u00e4ndler in Ihrer N\u00e4he!\",\"breadcrumb\":{\"@id\":\"https:\\\/\\\/www.aquaplan.com\\\/de\\\/produkt\\\/epdm-in-rollen\\\/#breadcrumb\"},\"inLanguage\":\"de\",\"potentialAction\":[{\"@type\":\"ReadAction\",\"target\":[\"https:\\\/\\\/www.aquaplan.com\\\/de\\\/produkt\\\/epdm-in-rollen\\\/\"]}]},{\"@type\":\"BreadcrumbList\",\"@id\":\"https:\\\/\\\/www.aquaplan.com\\\/de\\\/produkt\\\/epdm-in-rollen\\\/#breadcrumb\",\"itemListElement\":[{\"@type\":\"ListItem\",\"position\":1,\"name\":\"Home\",\"item\":\"https:\\\/\\\/www.aquaplan.com\\\/de\\\/\"},{\"@type\":\"ListItem\",\"position\":2,\"name\":\"Producten\",\"item\":\"https:\\\/\\\/www.aquaplan.com\\\/producten\\\/\"},{\"@type\":\"ListItem\",\"position\":3,\"name\":\"EPDM in Rollen\"}]},{\"@type\":\"WebSite\",\"@id\":\"https:\\\/\\\/www.aquaplan.com\\\/de\\\/#website\",\"url\":\"https:\\\/\\\/www.aquaplan.com\\\/de\\\/\",\"name\":\"Aquaplan\",\"description\":\"Jouw expert in dakbedekking &amp; vochtbestrijding\",\"publisher\":{\"@id\":\"https:\\\/\\\/www.aquaplan.com\\\/de\\\/#organization\"},\"potentialAction\":[{\"@type\":\"SearchAction\",\"target\":{\"@type\":\"EntryPoint\",\"urlTemplate\":\"https:\\\/\\\/www.aquaplan.com\\\/de\\\/?s={search_term_string}\"},\"query-input\":{\"@type\":\"PropertyValueSpecification\",\"valueRequired\":true,\"valueName\":\"search_term_string\"}}],\"inLanguage\":\"de\"},{\"@type\":\"Organization\",\"@id\":\"https:\\\/\\\/www.aquaplan.com\\\/de\\\/#organization\",\"name\":\"Aquaplan\",\"url\":\"https:\\\/\\\/www.aquaplan.com\\\/de\\\/\",\"logo\":{\"@type\":\"ImageObject\",\"inLanguage\":\"de\",\"@id\":\"https:\\\/\\\/www.aquaplan.com\\\/de\\\/#\\\/schema\\\/logo\\\/image\\\/\",\"url\":\"https:\\\/\\\/www.aquaplan.com\\\/wp-content\\\/uploads\\\/2024\\\/12\\\/aquaplan_emailheader.jpg\",\"contentUrl\":\"https:\\\/\\\/www.aquaplan.com\\\/wp-content\\\/uploads\\\/2024\\\/12\\\/aquaplan_emailheader.jpg\",\"width\":600,\"height\":150,\"caption\":\"Aquaplan\"},\"image\":{\"@id\":\"https:\\\/\\\/www.aquaplan.com\\\/de\\\/#\\\/schema\\\/logo\\\/image\\\/\"}}]}<\/script>\n<!-- \/ Yoast SEO plugin. -->","yoast_head_json":{"title":"EPDM auf Rolle - Langlebige Wasserdichte Dachfolie | Aquaplan","description":"Sch\u00fctzen Sie Ihr Dach mit EPDM auf Rolle. Flexibel, UV-best\u00e4ndig und wasserdicht. Ideal f\u00fcr Flach- und leicht geneigte D\u00e4cher. Finden Sie einen H\u00e4ndler in Ihrer N\u00e4he!","robots":{"index":"index","follow":"follow","max-snippet":"max-snippet:-1","max-image-preview":"max-image-preview:large","max-video-preview":"max-video-preview:-1"},"canonical":"https:\/\/www.aquaplan.com\/de\/produkt\/epdm-in-rollen\/","og_locale":"de_DE","og_type":"article","og_title":"EPDM auf Rolle - Langlebige Wasserdichte Dachfolie | Aquaplan","og_description":"Sch\u00fctzen Sie Ihr Dach mit EPDM auf Rolle. Flexibel, UV-best\u00e4ndig und wasserdicht. Ideal f\u00fcr Flach- und leicht geneigte D\u00e4cher. Finden Sie einen H\u00e4ndler in Ihrer N\u00e4he!","og_url":"https:\/\/www.aquaplan.com\/de\/produkt\/epdm-in-rollen\/","og_site_name":"Aquaplan","article_modified_time":"2026-04-03T15:35:13+00:00","twitter_card":"summary_large_image","twitter_misc":{"Gesch\u00e4tzte Lesezeit":"1\u00a0Minute"},"schema":{"@context":"https:\/\/schema.org","@graph":[{"@type":"WebPage","@id":"https:\/\/www.aquaplan.com\/de\/produkt\/epdm-in-rollen\/","url":"https:\/\/www.aquaplan.com\/de\/produkt\/epdm-in-rollen\/","name":"EPDM auf Rolle - Langlebige Wasserdichte Dachfolie | Aquaplan","isPartOf":{"@id":"https:\/\/www.aquaplan.com\/de\/#website"},"datePublished":"2025-01-24T09:36:01+00:00","dateModified":"2026-04-03T15:35:13+00:00","description":"Sch\u00fctzen Sie Ihr Dach mit EPDM auf Rolle. Flexibel, UV-best\u00e4ndig und wasserdicht. Ideal f\u00fcr Flach- und leicht geneigte D\u00e4cher. Finden Sie einen H\u00e4ndler in Ihrer N\u00e4he!","breadcrumb":{"@id":"https:\/\/www.aquaplan.com\/de\/produkt\/epdm-in-rollen\/#breadcrumb"},"inLanguage":"de","potentialAction":[{"@type":"ReadAction","target":["https:\/\/www.aquaplan.com\/de\/produkt\/epdm-in-rollen\/"]}]},{"@type":"BreadcrumbList","@id":"https:\/\/www.aquaplan.com\/de\/produkt\/epdm-in-rollen\/#breadcrumb","itemListElement":[{"@type":"ListItem","position":1,"name":"Home","item":"https:\/\/www.aquaplan.com\/de\/"},{"@type":"ListItem","position":2,"name":"Producten","item":"https:\/\/www.aquaplan.com\/producten\/"},{"@type":"ListItem","position":3,"name":"EPDM in Rollen"}]},{"@type":"WebSite","@id":"https:\/\/www.aquaplan.com\/de\/#website","url":"https:\/\/www.aquaplan.com\/de\/","name":"Aquaplan","description":"Jouw expert in dakbedekking &amp; vochtbestrijding","publisher":{"@id":"https:\/\/www.aquaplan.com\/de\/#organization"},"potentialAction":[{"@type":"SearchAction","target":{"@type":"EntryPoint","urlTemplate":"https:\/\/www.aquaplan.com\/de\/?s={search_term_string}"},"query-input":{"@type":"PropertyValueSpecification","valueRequired":true,"valueName":"search_term_string"}}],"inLanguage":"de"},{"@type":"Organization","@id":"https:\/\/www.aquaplan.com\/de\/#organization","name":"Aquaplan","url":"https:\/\/www.aquaplan.com\/de\/","logo":{"@type":"ImageObject","inLanguage":"de","@id":"https:\/\/www.aquaplan.com\/de\/#\/schema\/logo\/image\/","url":"https:\/\/www.aquaplan.com\/wp-content\/uploads\/2024\/12\/aquaplan_emailheader.jpg","contentUrl":"https:\/\/www.aquaplan.com\/wp-content\/uploads\/2024\/12\/aquaplan_emailheader.jpg","width":600,"height":150,"caption":"Aquaplan"},"image":{"@id":"https:\/\/www.aquaplan.com\/de\/#\/schema\/logo\/image\/"}}]}},"_links":{"self":[{"href":"https:\/\/www.aquaplan.com\/de\/wp-json\/wp\/v2\/product\/19976","targetHints":{"allow":["GET"]}}],"collection":[{"href":"https:\/\/www.aquaplan.com\/de\/wp-json\/wp\/v2\/product"}],"about":[{"href":"https:\/\/www.aquaplan.com\/de\/wp-json\/wp\/v2\/types\/product"}],"replies":[{"embeddable":true,"href":"https:\/\/www.aquaplan.com\/de\/wp-json\/wp\/v2\/comments?post=19976"}],"wp:attachment":[{"href":"https:\/\/www.aquaplan.com\/de\/wp-json\/wp\/v2\/media?parent=19976"}],"wp:term":[{"taxonomy":"product_brand","embeddable":true,"href":"https:\/\/www.aquaplan.com\/de\/wp-json\/wp\/v2\/product_brand?post=19976"},{"taxonomy":"product_cat","embeddable":true,"href":"https:\/\/www.aquaplan.com\/de\/wp-json\/wp\/v2\/product_cat?post=19976"},{"taxonomy":"product_tag","embeddable":true,"href":"https:\/\/www.aquaplan.com\/de\/wp-json\/wp\/v2\/product_tag?post=19976"}],"curies":[{"name":"wp","href":"https:\/\/api.w.org\/{rel}","templated":true}]}}